{"id":11,"date":"2018-05-02T10:43:10","date_gmt":"2018-05-02T07:43:10","guid":{"rendered":"http:\/\/atk\/craftman.fi_wp\/?page_id=11"},"modified":"2024-04-10T10:48:34","modified_gmt":"2024-04-10T07:48:34","slug":"index","status":"publish","type":"page","link":"https:\/\/craftman.fi\/","title":{"rendered":"Etusivu"},"content":{"rendered":"<p>Tumman taustan &#8221;Lue Lis\u00e4\u00e4&#8221; -nappi on tehty n\u00e4in. Pit\u00e4\u00e4 olla tarkkana ett\u00e4 &lt;p&gt; elementill\u00e4 on luokka collapse ja id on sama kuin &lt;a&gt; tagin href<\/p>\n<p>&lt;p class=&#8221;collapse&#8221; id=&#8221;loppu&#8221;&gt;<\/p>\n<p>&lt;a class=&#8221;button&#8221; data-toggle=&#8221;collapse&#8221; href=&#8221;#loppu&#8221; role=&#8221;button&#8221; aria-expanded=&#8221;false&#8221; aria-controls=&#8221;collapseExample&#8221;&gt;Lue Lis\u00e4\u00e4&lt;\/a&gt;<\/p>\n","protected":false},"excerpt":{"rendered":"<p>Tumman taustan &#8221;Lue Lis\u00e4\u00e4&#8221; -nappi on tehty n\u00e4in. Pit\u00e4\u00e4 olla tarkkana ett\u00e4 &lt;p&gt; elementill\u00e4 on luokka collapse ja id on [&hellip;]<\/p>\n","protected":false},"author":1,"featured_media":873,"parent":0,"menu_order":0,"comment_status":"closed","ping_status":"closed","template":"front-page.php","meta":{"_mi_skip_tracking":false,"_monsterinsights_sitenote_active":false,"_monsterinsights_sitenote_note":"","_monsterinsights_sitenote_category":0,"footnotes":""},"yoast_head":"<!-- This site is optimized with the Yoast SEO plugin v21.9.1 - https:\/\/yoast.com\/wordpress\/plugins\/seo\/ -->\n<title>Ulkoista urakkaporukoittesi py\u00f6ritys meille | Craftman | Lue lis\u00e4\u00e4!<\/title>\n<meta name=\"description\" content=\"Craftman rekrytoi ammattitaitoiset ty\u00f6ntekij\u00e4t nopeasti, helposti ja riskitt\u00f6m\u00e4sti yrityksesi tarpeisiin. Ty\u00f6ntekij\u00e4verkostomme on laaja, joten l\u00f6yd\u00e4t meilt\u00e4 tarpeisiisi sopivat ty\u00f6ntekij\u00e4t vaivattomasti.\" \/>\n<meta name=\"robots\" content=\"index, follow, max-snippet:-1, max-image-preview:large, max-video-preview:-1\" \/>\n<link rel=\"canonical\" href=\"https:\/\/craftman.fi\/\" \/>\n<meta property=\"og:locale\" content=\"fi_FI\" \/>\n<meta property=\"og:type\" content=\"article\" \/>\n<meta property=\"og:title\" content=\"Ulkoista urakkaporukoittesi py\u00f6ritys meille | Craftman | Lue lis\u00e4\u00e4!\" \/>\n<meta property=\"og:description\" content=\"Craftman rekrytoi ammattitaitoiset ty\u00f6ntekij\u00e4t nopeasti, helposti ja riskitt\u00f6m\u00e4sti yrityksesi tarpeisiin. Ty\u00f6ntekij\u00e4verkostomme on laaja, joten l\u00f6yd\u00e4t meilt\u00e4 tarpeisiisi sopivat ty\u00f6ntekij\u00e4t vaivattomasti.\" \/>\n<meta property=\"og:url\" content=\"https:\/\/craftman.fi\/\" \/>\n<meta property=\"og:site_name\" content=\"Craftman Oy\" \/>\n<meta property=\"article:modified_time\" content=\"2024-04-10T07:48:34+00:00\" \/>\n<meta property=\"og:image\" content=\"https:\/\/craftman.fi\/wp-content\/uploads\/2018\/07\/craftman_tehdas.jpg\" \/>\n\t<meta property=\"og:image:width\" content=\"3456\" \/>\n\t<meta property=\"og:image:height\" content=\"2037\" \/>\n\t<meta property=\"og:image:type\" content=\"image\/jpeg\" \/>\n<meta name=\"twitter:card\" content=\"summary_large_image\" \/>\n<meta name=\"twitter:label1\" content=\"Arvioitu lukuaika\" \/>\n\t<meta name=\"twitter:data1\" content=\"1 minuutti\" \/>\n<script type=\"application\/ld+json\" class=\"yoast-schema-graph\">{\"@context\":\"https:\/\/schema.org\",\"@graph\":[{\"@type\":\"WebPage\",\"@id\":\"https:\/\/craftman.fi\/\",\"url\":\"https:\/\/craftman.fi\/\",\"name\":\"Ulkoista urakkaporukoittesi py\u00f6ritys meille | Craftman | Lue lis\u00e4\u00e4!\",\"isPartOf\":{\"@id\":\"https:\/\/craftman.fi\/#website\"},\"datePublished\":\"2018-05-02T07:43:10+00:00\",\"dateModified\":\"2024-04-10T07:48:34+00:00\",\"description\":\"Craftman rekrytoi ammattitaitoiset ty\u00f6ntekij\u00e4t nopeasti, helposti ja riskitt\u00f6m\u00e4sti yrityksesi tarpeisiin. Ty\u00f6ntekij\u00e4verkostomme on laaja, joten l\u00f6yd\u00e4t meilt\u00e4 tarpeisiisi sopivat ty\u00f6ntekij\u00e4t vaivattomasti.\",\"breadcrumb\":{\"@id\":\"https:\/\/craftman.fi\/#breadcrumb\"},\"inLanguage\":\"fi\",\"potentialAction\":[{\"@type\":\"ReadAction\",\"target\":[\"https:\/\/craftman.fi\/\"]}]},{\"@type\":\"BreadcrumbList\",\"@id\":\"https:\/\/craftman.fi\/#breadcrumb\",\"itemListElement\":[{\"@type\":\"ListItem\",\"position\":1,\"name\":\"Home\",\"item\":\"https:\/\/craftman.fi\/\"},{\"@type\":\"ListItem\",\"position\":2,\"name\":\"Etusivu\"}]},{\"@type\":\"WebSite\",\"@id\":\"https:\/\/craftman.fi\/#website\",\"url\":\"https:\/\/craftman.fi\/\",\"name\":\"Craftman Oy\",\"description\":\"\",\"potentialAction\":[{\"@type\":\"SearchAction\",\"target\":{\"@type\":\"EntryPoint\",\"urlTemplate\":\"https:\/\/craftman.fi\/?s={search_term_string}\"},\"query-input\":\"required name=search_term_string\"}],\"inLanguage\":\"fi\"}]}<\/script>\n<!-- \/ Yoast SEO plugin. -->","yoast_head_json":{"title":"Ulkoista urakkaporukoittesi py\u00f6ritys meille | Craftman | Lue lis\u00e4\u00e4!","description":"Craftman rekrytoi ammattitaitoiset ty\u00f6ntekij\u00e4t nopeasti, helposti ja riskitt\u00f6m\u00e4sti yrityksesi tarpeisiin. Ty\u00f6ntekij\u00e4verkostomme on laaja, joten l\u00f6yd\u00e4t meilt\u00e4 tarpeisiisi sopivat ty\u00f6ntekij\u00e4t vaivattomasti.","robots":{"index":"index","follow":"follow","max-snippet":"max-snippet:-1","max-image-preview":"max-image-preview:large","max-video-preview":"max-video-preview:-1"},"canonical":"https:\/\/craftman.fi\/","og_locale":"fi_FI","og_type":"article","og_title":"Ulkoista urakkaporukoittesi py\u00f6ritys meille | Craftman | Lue lis\u00e4\u00e4!","og_description":"Craftman rekrytoi ammattitaitoiset ty\u00f6ntekij\u00e4t nopeasti, helposti ja riskitt\u00f6m\u00e4sti yrityksesi tarpeisiin. Ty\u00f6ntekij\u00e4verkostomme on laaja, joten l\u00f6yd\u00e4t meilt\u00e4 tarpeisiisi sopivat ty\u00f6ntekij\u00e4t vaivattomasti.","og_url":"https:\/\/craftman.fi\/","og_site_name":"Craftman Oy","article_modified_time":"2024-04-10T07:48:34+00:00","og_image":[{"width":3456,"height":2037,"url":"https:\/\/craftman.fi\/wp-content\/uploads\/2018\/07\/craftman_tehdas.jpg","type":"image\/jpeg"}],"twitter_card":"summary_large_image","twitter_misc":{"Arvioitu lukuaika":"1 minuutti"},"schema":{"@context":"https:\/\/schema.org","@graph":[{"@type":"WebPage","@id":"https:\/\/craftman.fi\/","url":"https:\/\/craftman.fi\/","name":"Ulkoista urakkaporukoittesi py\u00f6ritys meille | Craftman | Lue lis\u00e4\u00e4!","isPartOf":{"@id":"https:\/\/craftman.fi\/#website"},"datePublished":"2018-05-02T07:43:10+00:00","dateModified":"2024-04-10T07:48:34+00:00","description":"Craftman rekrytoi ammattitaitoiset ty\u00f6ntekij\u00e4t nopeasti, helposti ja riskitt\u00f6m\u00e4sti yrityksesi tarpeisiin. Ty\u00f6ntekij\u00e4verkostomme on laaja, joten l\u00f6yd\u00e4t meilt\u00e4 tarpeisiisi sopivat ty\u00f6ntekij\u00e4t vaivattomasti.","breadcrumb":{"@id":"https:\/\/craftman.fi\/#breadcrumb"},"inLanguage":"fi","potentialAction":[{"@type":"ReadAction","target":["https:\/\/craftman.fi\/"]}]},{"@type":"BreadcrumbList","@id":"https:\/\/craftman.fi\/#breadcrumb","itemListElement":[{"@type":"ListItem","position":1,"name":"Home","item":"https:\/\/craftman.fi\/"},{"@type":"ListItem","position":2,"name":"Etusivu"}]},{"@type":"WebSite","@id":"https:\/\/craftman.fi\/#website","url":"https:\/\/craftman.fi\/","name":"Craftman Oy","description":"","potentialAction":[{"@type":"SearchAction","target":{"@type":"EntryPoint","urlTemplate":"https:\/\/craftman.fi\/?s={search_term_string}"},"query-input":"required name=search_term_string"}],"inLanguage":"fi"}]}},"_links":{"self":[{"href":"https:\/\/craftman.fi\/index.php?rest_route=\/wp\/v2\/pages\/11"}],"collection":[{"href":"https:\/\/craftman.fi\/index.php?rest_route=\/wp\/v2\/pages"}],"about":[{"href":"https:\/\/craftman.fi\/index.php?rest_route=\/wp\/v2\/types\/page"}],"author":[{"embeddable":true,"href":"https:\/\/craftman.fi\/index.php?rest_route=\/wp\/v2\/users\/1"}],"replies":[{"embeddable":true,"href":"https:\/\/craftman.fi\/index.php?rest_route=%2Fwp%2Fv2%2Fcomments&post=11"}],"version-history":[{"count":30,"href":"https:\/\/craftman.fi\/index.php?rest_route=\/wp\/v2\/pages\/11\/revisions"}],"predecessor-version":[{"id":2945,"href":"https:\/\/craftman.fi\/index.php?rest_route=\/wp\/v2\/pages\/11\/revisions\/2945"}],"wp:featuredmedia":[{"embeddable":true,"href":"https:\/\/craftman.fi\/index.php?rest_route=\/wp\/v2\/media\/873"}],"wp:attachment":[{"href":"https:\/\/craftman.fi\/index.php?rest_route=%2Fwp%2Fv2%2Fmedia&parent=11"}],"curies":[{"name":"wp","href":"https:\/\/api.w.org\/{rel}","templated":true}]}}