{"id":1100,"date":"2019-05-09T09:45:47","date_gmt":"2019-05-09T06:45:47","guid":{"rendered":"https:\/\/craftman.fi\/?page_id=1100"},"modified":"2019-05-09T16:41:42","modified_gmt":"2019-05-09T13:41:42","slug":"ammattitaitotakuu","status":"publish","type":"page","link":"https:\/\/craftman.fi\/?page_id=1100","title":{"rendered":"ammattitaitotakuu"},"content":{"rendered":"\n<h1 class=\"wp-block-heading\">Ammattitaitotakuu<\/h1>\n\n\n\n<div class=\"wp-block-columns has-2-columns is-layout-flex wp-container-core-columns-is-layout-1 wp-block-columns-is-layout-flex\">\n<div class=\"wp-block-column is-layout-flow wp-block-column-is-layout-flow\">\n<p>Olemme suomalainen rakennus- ja teollisuusyritysten kumppani, joka on erikoistunut henkil\u00f6st\u00f6resursointiin ja toteutukseen suomalaisilla sek\u00e4 puolalaisilla ty\u00f6ntekij\u00f6ill\u00e4. Tehokkaan rekrytointimme ja ty\u00f6ntekij\u00e4verkostomme ansiosta l\u00f6yd\u00e4t meilt\u00e4 yrityksesi tarpeisiin sopivat ty\u00f6ntekij\u00e4t nopeasti ja vaivattomasti. Vahva toimialaosaamisemme mahdollistaa ty\u00f6ntekij\u00f6iden toimittamisen my\u00f6s lyhyemmille ja ty\u00f6ntekij\u00e4m\u00e4\u00e4rilt\u00e4\u00e4n suuren vaihteluv\u00e4lin projekteille -unohtamatta pidempiaikaisia projektikumppanuuksia asiakkaamme kanssa.<\/p>\n\n\n\n<p>Meill\u00e4 on vuosien kokemus teollisuus- ja rakennusprojektien henkil\u00f6st\u00f6resursoinnista. Luotamme ty\u00f6ntekij\u00f6idemme ammattitaitoon ja haluamme varmistaa, ett\u00e4 my\u00f6s yrityksesi on ty\u00f6n laatuun tyytyv\u00e4inen. Mik\u00e4li toimitetun henkil\u00f6st\u00f6n ammattitaito ei vastaa ty\u00f6n vaatimustasoa, korjaamme tilanteen ilman ylim\u00e4\u00e4r\u00e4isi\u00e4 kuluja.<\/p>\n\n\n\n<p>Voit siis luottaa siihen, ett\u00e4 olemme yrityksellesi riskit\u00f6n, helppo ja joustava henkil\u00f6st\u00f6resursoinnin kumppani.<\/p>\n<\/div>\n\n\n\n<div class=\"wp-block-column is-layout-flow wp-block-column-is-layout-flow\">\n<figure class=\"wp-block-image\"><img loading=\"lazy\" decoding=\"async\" width=\"906\" height=\"630\" src=\"http:\/\/craftman.fi\/wp-content\/uploads\/2019\/04\/ammattitaitotakuu-l\u00e4pin\u00e4kyv\u00e4.png\" alt=\"ammattitaitotakuu\" class=\"wp-image-1086\" srcset=\"https:\/\/craftman.fi\/wp-content\/uploads\/2019\/04\/ammattitaitotakuu-l\u00e4pin\u00e4kyv\u00e4.png 906w, https:\/\/craftman.fi\/wp-content\/uploads\/2019\/04\/ammattitaitotakuu-l\u00e4pin\u00e4kyv\u00e4-300x209.png 300w, https:\/\/craftman.fi\/wp-content\/uploads\/2019\/04\/ammattitaitotakuu-l\u00e4pin\u00e4kyv\u00e4-768x534.png 768w\" sizes=\"(max-width: 906px) 100vw, 906px\" \/><\/figure>\n<\/div>\n<\/div>\n\n\n\n<div class=\"wp-block-button button button-black\"><a class=\"wp-block-button__link has-text-color has-vivid-red-color has-background\" href=\"https:\/\/craftman.fi\/yhteystiedot\/\" style=\"background-color:#ffffff\">Ota meihin yhteytt\u00e4!<\/a><\/div>\n","protected":false},"excerpt":{"rendered":"<p>Ammattitaitotakuu Olemme suomalainen rakennus- ja teollisuusyritysten kumppani, joka on erikoistunut henkil\u00f6st\u00f6resursointiin ja toteutukseen suomalaisilla sek\u00e4 puolalaisilla ty\u00f6ntekij\u00f6ill\u00e4. Tehokkaan rekrytointimme ja [&hellip;]<\/p>\n","protected":false},"author":1,"featured_media":0,"parent":0,"menu_order":0,"comment_status":"closed","ping_status":"closed","template":"","meta":{"_mi_skip_tracking":false,"_monsterinsights_sitenote_active":false,"_monsterinsights_sitenote_note":"","_monsterinsights_sitenote_category":0,"footnotes":""},"yoast_head":"<!-- This site is optimized with the Yoast SEO plugin v21.9.1 - https:\/\/yoast.com\/wordpress\/plugins\/seo\/ -->\n<title>Kaikilla ty\u00f6ntekij\u00f6ill\u00e4mme on ammattitaitotakuu \u2013 kysy lis\u00e4\u00e4! | Craftman<\/title>\n<meta name=\"description\" content=\"Olemme suomalainen rakennus- ja teollisuusyritysten henkil\u00f6st\u00f6resursoinnin kumppani. Ty\u00f6ntekij\u00f6ill\u00e4mme on ammattitaitotakuu. Kysy lis\u00e4\u00e4!\" \/>\n<meta name=\"robots\" content=\"index, follow, max-snippet:-1, max-image-preview:large, max-video-preview:-1\" \/>\n<link rel=\"canonical\" href=\"https:\/\/craftman.fi\/?page_id=1100\" \/>\n<meta property=\"og:locale\" content=\"fi_FI\" \/>\n<meta property=\"og:type\" content=\"article\" \/>\n<meta property=\"og:title\" content=\"Kaikilla ty\u00f6ntekij\u00f6ill\u00e4mme on ammattitaitotakuu \u2013 kysy lis\u00e4\u00e4! | Craftman\" \/>\n<meta property=\"og:description\" content=\"Olemme suomalainen rakennus- ja teollisuusyritysten henkil\u00f6st\u00f6resursoinnin kumppani. Ty\u00f6ntekij\u00f6ill\u00e4mme on ammattitaitotakuu. Kysy lis\u00e4\u00e4!\" \/>\n<meta property=\"og:url\" content=\"https:\/\/craftman.fi\/?page_id=1100\" \/>\n<meta property=\"og:site_name\" content=\"Craftman Oy\" \/>\n<meta property=\"article:modified_time\" content=\"2019-05-09T13:41:42+00:00\" \/>\n<meta name=\"twitter:card\" content=\"summary_large_image\" \/>\n<meta name=\"twitter:label1\" content=\"Arvioitu lukuaika\" \/>\n\t<meta name=\"twitter:data1\" content=\"1 minuutti\" \/>\n<script type=\"application\/ld+json\" class=\"yoast-schema-graph\">{\"@context\":\"https:\/\/schema.org\",\"@graph\":[{\"@type\":\"WebPage\",\"@id\":\"https:\/\/craftman.fi\/?page_id=1100\",\"url\":\"https:\/\/craftman.fi\/?page_id=1100\",\"name\":\"Kaikilla ty\u00f6ntekij\u00f6ill\u00e4mme on ammattitaitotakuu \u2013 kysy lis\u00e4\u00e4! | Craftman\",\"isPartOf\":{\"@id\":\"https:\/\/craftman.fi\/#website\"},\"datePublished\":\"2019-05-09T06:45:47+00:00\",\"dateModified\":\"2019-05-09T13:41:42+00:00\",\"description\":\"Olemme suomalainen rakennus- ja teollisuusyritysten henkil\u00f6st\u00f6resursoinnin kumppani. Ty\u00f6ntekij\u00f6ill\u00e4mme on ammattitaitotakuu. Kysy lis\u00e4\u00e4!\",\"breadcrumb\":{\"@id\":\"https:\/\/craftman.fi\/?page_id=1100#breadcrumb\"},\"inLanguage\":\"fi\",\"potentialAction\":[{\"@type\":\"ReadAction\",\"target\":[\"https:\/\/craftman.fi\/?page_id=1100\"]}]},{\"@type\":\"BreadcrumbList\",\"@id\":\"https:\/\/craftman.fi\/?page_id=1100#breadcrumb\",\"itemListElement\":[{\"@type\":\"ListItem\",\"position\":1,\"name\":\"Home\",\"item\":\"https:\/\/craftman.fi\/\"},{\"@type\":\"ListItem\",\"position\":2,\"name\":\"ammattitaitotakuu\"}]},{\"@type\":\"WebSite\",\"@id\":\"https:\/\/craftman.fi\/#website\",\"url\":\"https:\/\/craftman.fi\/\",\"name\":\"Craftman Oy\",\"description\":\"\",\"potentialAction\":[{\"@type\":\"SearchAction\",\"target\":{\"@type\":\"EntryPoint\",\"urlTemplate\":\"https:\/\/craftman.fi\/?s={search_term_string}\"},\"query-input\":\"required name=search_term_string\"}],\"inLanguage\":\"fi\"}]}<\/script>\n<!-- \/ Yoast SEO plugin. -->","yoast_head_json":{"title":"Kaikilla ty\u00f6ntekij\u00f6ill\u00e4mme on ammattitaitotakuu \u2013 kysy lis\u00e4\u00e4! | Craftman","description":"Olemme suomalainen rakennus- ja teollisuusyritysten henkil\u00f6st\u00f6resursoinnin kumppani. Ty\u00f6ntekij\u00f6ill\u00e4mme on ammattitaitotakuu. Kysy lis\u00e4\u00e4!","robots":{"index":"index","follow":"follow","max-snippet":"max-snippet:-1","max-image-preview":"max-image-preview:large","max-video-preview":"max-video-preview:-1"},"canonical":"https:\/\/craftman.fi\/?page_id=1100","og_locale":"fi_FI","og_type":"article","og_title":"Kaikilla ty\u00f6ntekij\u00f6ill\u00e4mme on ammattitaitotakuu \u2013 kysy lis\u00e4\u00e4! | Craftman","og_description":"Olemme suomalainen rakennus- ja teollisuusyritysten henkil\u00f6st\u00f6resursoinnin kumppani. Ty\u00f6ntekij\u00f6ill\u00e4mme on ammattitaitotakuu. Kysy lis\u00e4\u00e4!","og_url":"https:\/\/craftman.fi\/?page_id=1100","og_site_name":"Craftman Oy","article_modified_time":"2019-05-09T13:41:42+00:00","twitter_card":"summary_large_image","twitter_misc":{"Arvioitu lukuaika":"1 minuutti"},"schema":{"@context":"https:\/\/schema.org","@graph":[{"@type":"WebPage","@id":"https:\/\/craftman.fi\/?page_id=1100","url":"https:\/\/craftman.fi\/?page_id=1100","name":"Kaikilla ty\u00f6ntekij\u00f6ill\u00e4mme on ammattitaitotakuu \u2013 kysy lis\u00e4\u00e4! | Craftman","isPartOf":{"@id":"https:\/\/craftman.fi\/#website"},"datePublished":"2019-05-09T06:45:47+00:00","dateModified":"2019-05-09T13:41:42+00:00","description":"Olemme suomalainen rakennus- ja teollisuusyritysten henkil\u00f6st\u00f6resursoinnin kumppani. Ty\u00f6ntekij\u00f6ill\u00e4mme on ammattitaitotakuu. Kysy lis\u00e4\u00e4!","breadcrumb":{"@id":"https:\/\/craftman.fi\/?page_id=1100#breadcrumb"},"inLanguage":"fi","potentialAction":[{"@type":"ReadAction","target":["https:\/\/craftman.fi\/?page_id=1100"]}]},{"@type":"BreadcrumbList","@id":"https:\/\/craftman.fi\/?page_id=1100#breadcrumb","itemListElement":[{"@type":"ListItem","position":1,"name":"Home","item":"https:\/\/craftman.fi\/"},{"@type":"ListItem","position":2,"name":"ammattitaitotakuu"}]},{"@type":"WebSite","@id":"https:\/\/craftman.fi\/#website","url":"https:\/\/craftman.fi\/","name":"Craftman Oy","description":"","potentialAction":[{"@type":"SearchAction","target":{"@type":"EntryPoint","urlTemplate":"https:\/\/craftman.fi\/?s={search_term_string}"},"query-input":"required name=search_term_string"}],"inLanguage":"fi"}]}},"_links":{"self":[{"href":"https:\/\/craftman.fi\/index.php?rest_route=\/wp\/v2\/pages\/1100"}],"collection":[{"href":"https:\/\/craftman.fi\/index.php?rest_route=\/wp\/v2\/pages"}],"about":[{"href":"https:\/\/craftman.fi\/index.php?rest_route=\/wp\/v2\/types\/page"}],"author":[{"embeddable":true,"href":"https:\/\/craftman.fi\/index.php?rest_route=\/wp\/v2\/users\/1"}],"replies":[{"embeddable":true,"href":"https:\/\/craftman.fi\/index.php?rest_route=%2Fwp%2Fv2%2Fcomments&post=1100"}],"version-history":[{"count":10,"href":"https:\/\/craftman.fi\/index.php?rest_route=\/wp\/v2\/pages\/1100\/revisions"}],"predecessor-version":[{"id":1111,"href":"https:\/\/craftman.fi\/index.php?rest_route=\/wp\/v2\/pages\/1100\/revisions\/1111"}],"wp:attachment":[{"href":"https:\/\/craftman.fi\/index.php?rest_route=%2Fwp%2Fv2%2Fmedia&parent=1100"}],"curies":[{"name":"wp","href":"https:\/\/api.w.org\/{rel}","templated":true}]}}