{"id":161,"date":"2018-05-08T09:06:42","date_gmt":"2018-05-08T06:06:42","guid":{"rendered":"https:\/\/craftman.fi\/?page_id=161"},"modified":"2019-05-23T09:43:38","modified_gmt":"2019-05-23T06:43:38","slug":"telineasentajat","status":"publish","type":"page","link":"https:\/\/craftman.fi\/?page_id=161","title":{"rendered":"Telineasentajat"},"content":{"rendered":"\n<h1 class=\"wp-block-heading\" style=\"text-align:center\">Telineasentajat<\/h1>\n\n\n\n<p>Telineasentajamme ovat vankan ty\u00f6kokemuksen omaavia ammattilaisia. Kokeneet ja koulutetut ty\u00f6ntekij\u00e4mme takaavat sek\u00e4 telineiden asennus- ett\u00e4 purkut\u00f6iden laadukkuuden ja turvallisuuden ty\u00f6kohteesta riippumatta. Telineasentajamme toimivat sek\u00e4 rakennusalalla ett\u00e4 teollisuudessa. Ammattitaidon ja ty\u00f6kokemuksen lis\u00e4ksi telineasentajillamme on ty\u00f6t\u00e4 pelk\u00e4\u00e4m\u00e4t\u00f6n asenne sek\u00e4 motivaatiota ty\u00f6ntekoon. Kaikilla ty\u00f6ntekij\u00f6ill\u00e4mme on aina kohdemaan lains\u00e4\u00e4d\u00e4nn\u00f6n ja ty\u00f6kohteen edellytt\u00e4m\u00e4t sertifikaatit sek\u00e4 luvat ty\u00f6ntekoon.<\/p>\n\n\n\n<ul><li>Koulutetut telineasennuksen ammattilaiset<\/li><li>Ty\u00f6njohto<\/li><li>Telineapumiehet<\/li><\/ul>\n\n\n\n<p>Telineasentajia ty\u00f6llist\u00e4v\u00e4t vuosittain lukuisat rakennusalan ja teollisuuden hankkeet sek\u00e4 tehtaiden ja laitosten kunnossapitoty\u00f6t. Oli kyse sitten uuden tehtaan tai laitoksen rakentamisesta tai jo olemassa olevan kunnossapitot\u00f6ist\u00e4, ammattitaitoiset ty\u00f6ntekij\u00e4t asentavat telineet aina nopeasti ja laadusta tinkim\u00e4tt\u00e4.<\/p>\n\n\n\n<div class=\"wp-block-columns has-2-columns cta is-layout-flex wp-container-core-columns-is-layout-1 wp-block-columns-is-layout-flex\">\n<div class=\"wp-block-column is-layout-flow wp-block-column-is-layout-flow\">\n<div class=\"wp-block-image\"><figure class=\"alignright\"><img loading=\"lazy\" decoding=\"async\" width=\"86\" height=\"86\" src=\"http:\/\/craftman.fi\/wp-content\/uploads\/2018\/05\/telineasentaja.png\" alt=\"Craftman hoitaa telineasentajat ty\u00f6maallesi\" class=\"wp-image-68\"\/><\/figure><\/div>\n<\/div>\n\n\n\n<div class=\"wp-block-column is-layout-flow wp-block-column-is-layout-flow\">\n<p style=\"text-align:left\" class=\"has-medium-font-size\"><strong>Tarvitsetko Telineasentajia?<\/strong><\/p>\n\n\n\n<p><a href=\"https:\/\/craftman.fi\/yhteystiedot\/\">Ota meihin yhteytt\u00e4!<\/a><\/p>\n<\/div>\n<\/div>\n\n\n\n<h2 class=\"wp-block-heading\"><strong>TELINEASENTAJIA HELPOSTI, NOPEASTI JA RISKITT\u00d6M\u00c4STI<\/strong><\/h2>\n\n\n\n<p>Telineasentajillamme on aina ty\u00f6kohteen ja kohdemaan lains\u00e4\u00e4d\u00e4nn\u00f6n edellytt\u00e4m\u00e4t <strong>sertifikaatit<\/strong> ty\u00f6skentelemiseen ja telineiden asentamiseen sek\u00e4 <a href=\"https:\/\/craftman.fi\/tyontekijoita\/ammattitaitotakuu\/\">ammattitaitotakuu<\/a> ammattitaitotakuu. Perehdyt\u00e4mme ty\u00f6ntekij\u00e4mme my\u00f6s asiakkaiden ja ty\u00f6maan yksil\u00f6llisten vaatimustasojen mukaisesti ja j\u00e4rjest\u00e4mme tarvittaessa puuttuvan koulutuksen.&nbsp;<br><br>Huolehdimme telineasentajiemme <strong>ty\u00f6turvallisuudesta<\/strong>. Ty\u00f6ntekij\u00e4mme k\u00e4ytt\u00e4v\u00e4t aina parhaita ty\u00f6v\u00e4lineit\u00e4 ja suojavarusteita, kuten s\u00e4\u00e4nn\u00f6llisesti tarkastettavia turvallisuusvaljaita. Telineasentajillamme on aina voimassa oleva ty\u00f6turvallisuuskortti ja tarvittaessa my\u00f6s kohdemaan edellytt\u00e4m\u00e4 telinety\u00f6kortti. Lis\u00e4ksi pyrimme kouluttamaan kaikille ty\u00f6ntekij\u00f6illemme h\u00e4t\u00e4ensiapukurssin \u00e4killisten vahinkotapauksien varalle. Vahvuutemme ovat ty\u00f6ntekij\u00f6iden <strong>saatavuus<\/strong> ja toimitukset lyhyell\u00e4kin varoitusajalla. <br><br>Ty\u00f6voiman hankintaan ja testaamiseen erikoistuneen puolalaisen tyt\u00e4ryhti\u00f6mme ansiosta l\u00f6yd\u00e4mme tarvittavan m\u00e4\u00e4r\u00e4n ammattitaitoisia telineasentajia suurimpiinkin teollisuuden hankkeisiin. Vakituisen &#8211; satoja ty\u00f6ntekij\u00f6it\u00e4 kattavan &#8211; henkil\u00f6st\u00f6reservimme ansioista pystymme toimittamaan ty\u00f6ntekij\u00f6it\u00e4 eritt\u00e4in nopealla aikataululla, jopa muutamassa p\u00e4iv\u00e4ss\u00e4. <a href=\"https:\/\/craftman.fi\/tyontekijoita\/henkilostovuokraus\/\">Henkil\u00f6st\u00f6vuokrauspalvelumme<\/a> sis\u00e4lt\u00e4\u00e4 aina t\u00e4yden <strong>kokonaisuuden<\/strong>. J\u00e4rjest\u00e4mme telineasentajat kohdemaahan, majoituksen, ajoneuvon sek\u00e4 ty\u00f6n edellytt\u00e4m\u00e4t sertifikaatit, ty\u00f6vaatteet ja k\u00e4sity\u00f6kalut. Asiakkaan teht\u00e4v\u00e4ksi j\u00e4\u00e4 ainoastaan sopia kanssamme ty\u00f6n aloitusajankohta ja tarvittava ty\u00f6ntekij\u00e4m\u00e4\u00e4r\u00e4. Ammattitaitoisten ja koulutettujen telineasentajien lis\u00e4ksi tarjoamme ty\u00f6kohteisiin tarvittaessa my\u00f6s <strong>englanninkielisen<\/strong> ty\u00f6njohdon sek\u00e4 telineapumiehi\u00e4. Jokainen telineasentajien ryhm\u00e4 sis\u00e4lt\u00e4\u00e4 v\u00e4hint\u00e4\u00e4n yhden englanninkielen taitoisen telineasentajan.<\/p>\n","protected":false},"excerpt":{"rendered":"<p>Telineasentajat Telineasentajamme ovat vankan ty\u00f6kokemuksen omaavia ammattilaisia. Kokeneet ja koulutetut ty\u00f6ntekij\u00e4mme takaavat sek\u00e4 telineiden asennus- ett\u00e4 purkut\u00f6iden laadukkuuden ja turvallisuuden [&hellip;]<\/p>\n","protected":false},"author":1,"featured_media":456,"parent":158,"menu_order":0,"comment_status":"closed","ping_status":"closed","template":"ammattilaiset-page.php","meta":{"_mi_skip_tracking":false,"_monsterinsights_sitenote_active":false,"_monsterinsights_sitenote_note":"","_monsterinsights_sitenote_category":0,"footnotes":""},"yoast_head":"<!-- This site is optimized with the Yoast SEO plugin v21.9.1 - https:\/\/yoast.com\/wordpress\/plugins\/seo\/ -->\n<title>Koulutetut telineasennuksen ammattilaiset helposti ja riskitt\u00f6m\u00e4sti | Craftman Oy<\/title>\n<meta name=\"description\" content=\"Rekrytoimme kokeneet ja koulutetut telineasentajat rakennusalan ja teollisuuden hankkeisiin. Ty\u00f6ntekij\u00f6ittemme vankka ammattitaito takaa laadukkaat telineiden asennus- ja purkuty\u00f6t ty\u00f6kohteesta riippumatta.\" \/>\n<meta name=\"robots\" content=\"index, follow, max-snippet:-1, max-image-preview:large, max-video-preview:-1\" \/>\n<link rel=\"canonical\" href=\"https:\/\/craftman.fi\/?page_id=161\" \/>\n<meta property=\"og:locale\" content=\"fi_FI\" \/>\n<meta property=\"og:type\" content=\"article\" \/>\n<meta property=\"og:title\" content=\"Koulutetut telineasennuksen ammattilaiset helposti ja riskitt\u00f6m\u00e4sti | Craftman Oy\" \/>\n<meta property=\"og:description\" content=\"Rekrytoimme kokeneet ja koulutetut telineasentajat rakennusalan ja teollisuuden hankkeisiin. Ty\u00f6ntekij\u00f6ittemme vankka ammattitaito takaa laadukkaat telineiden asennus- ja purkuty\u00f6t ty\u00f6kohteesta riippumatta.\" \/>\n<meta property=\"og:url\" content=\"https:\/\/craftman.fi\/?page_id=161\" \/>\n<meta property=\"og:site_name\" content=\"Craftman Oy\" \/>\n<meta property=\"article:modified_time\" content=\"2019-05-23T06:43:38+00:00\" \/>\n<meta property=\"og:image\" content=\"https:\/\/craftman.fi\/wp-content\/uploads\/2018\/05\/Craftman_paakuvat_telineasentajat.jpg\" \/>\n\t<meta property=\"og:image:width\" content=\"1900\" \/>\n\t<meta property=\"og:image:height\" content=\"700\" \/>\n\t<meta property=\"og:image:type\" content=\"image\/jpeg\" \/>\n<meta name=\"twitter:card\" content=\"summary_large_image\" \/>\n<meta name=\"twitter:label1\" content=\"Arvioitu lukuaika\" \/>\n\t<meta name=\"twitter:data1\" content=\"2 minuuttia\" \/>\n<script type=\"application\/ld+json\" class=\"yoast-schema-graph\">{\"@context\":\"https:\/\/schema.org\",\"@graph\":[{\"@type\":\"WebPage\",\"@id\":\"https:\/\/craftman.fi\/?page_id=161\",\"url\":\"https:\/\/craftman.fi\/?page_id=161\",\"name\":\"Koulutetut telineasennuksen ammattilaiset helposti ja riskitt\u00f6m\u00e4sti | Craftman Oy\",\"isPartOf\":{\"@id\":\"https:\/\/craftman.fi\/#website\"},\"datePublished\":\"2018-05-08T06:06:42+00:00\",\"dateModified\":\"2019-05-23T06:43:38+00:00\",\"description\":\"Rekrytoimme kokeneet ja koulutetut telineasentajat rakennusalan ja teollisuuden hankkeisiin. Ty\u00f6ntekij\u00f6ittemme vankka ammattitaito takaa laadukkaat telineiden asennus- ja purkuty\u00f6t ty\u00f6kohteesta riippumatta.\",\"breadcrumb\":{\"@id\":\"https:\/\/craftman.fi\/?page_id=161#breadcrumb\"},\"inLanguage\":\"fi\",\"potentialAction\":[{\"@type\":\"ReadAction\",\"target\":[\"https:\/\/craftman.fi\/?page_id=161\"]}]},{\"@type\":\"BreadcrumbList\",\"@id\":\"https:\/\/craftman.fi\/?page_id=161#breadcrumb\",\"itemListElement\":[{\"@type\":\"ListItem\",\"position\":1,\"name\":\"Home\",\"item\":\"https:\/\/craftman.fi\/\"},{\"@type\":\"ListItem\",\"position\":2,\"name\":\"Ammattilaiset\",\"item\":\"https:\/\/craftman.fi\/?page_id=158\"},{\"@type\":\"ListItem\",\"position\":3,\"name\":\"Telineasentajat\"}]},{\"@type\":\"WebSite\",\"@id\":\"https:\/\/craftman.fi\/#website\",\"url\":\"https:\/\/craftman.fi\/\",\"name\":\"Craftman Oy\",\"description\":\"\",\"potentialAction\":[{\"@type\":\"SearchAction\",\"target\":{\"@type\":\"EntryPoint\",\"urlTemplate\":\"https:\/\/craftman.fi\/?s={search_term_string}\"},\"query-input\":\"required name=search_term_string\"}],\"inLanguage\":\"fi\"}]}<\/script>\n<!-- \/ Yoast SEO plugin. -->","yoast_head_json":{"title":"Koulutetut telineasennuksen ammattilaiset helposti ja riskitt\u00f6m\u00e4sti | Craftman Oy","description":"Rekrytoimme kokeneet ja koulutetut telineasentajat rakennusalan ja teollisuuden hankkeisiin. Ty\u00f6ntekij\u00f6ittemme vankka ammattitaito takaa laadukkaat telineiden asennus- ja purkuty\u00f6t ty\u00f6kohteesta riippumatta.","robots":{"index":"index","follow":"follow","max-snippet":"max-snippet:-1","max-image-preview":"max-image-preview:large","max-video-preview":"max-video-preview:-1"},"canonical":"https:\/\/craftman.fi\/?page_id=161","og_locale":"fi_FI","og_type":"article","og_title":"Koulutetut telineasennuksen ammattilaiset helposti ja riskitt\u00f6m\u00e4sti | Craftman Oy","og_description":"Rekrytoimme kokeneet ja koulutetut telineasentajat rakennusalan ja teollisuuden hankkeisiin. Ty\u00f6ntekij\u00f6ittemme vankka ammattitaito takaa laadukkaat telineiden asennus- ja purkuty\u00f6t ty\u00f6kohteesta riippumatta.","og_url":"https:\/\/craftman.fi\/?page_id=161","og_site_name":"Craftman Oy","article_modified_time":"2019-05-23T06:43:38+00:00","og_image":[{"width":1900,"height":700,"url":"https:\/\/craftman.fi\/wp-content\/uploads\/2018\/05\/Craftman_paakuvat_telineasentajat.jpg","type":"image\/jpeg"}],"twitter_card":"summary_large_image","twitter_misc":{"Arvioitu lukuaika":"2 minuuttia"},"schema":{"@context":"https:\/\/schema.org","@graph":[{"@type":"WebPage","@id":"https:\/\/craftman.fi\/?page_id=161","url":"https:\/\/craftman.fi\/?page_id=161","name":"Koulutetut telineasennuksen ammattilaiset helposti ja riskitt\u00f6m\u00e4sti | Craftman Oy","isPartOf":{"@id":"https:\/\/craftman.fi\/#website"},"datePublished":"2018-05-08T06:06:42+00:00","dateModified":"2019-05-23T06:43:38+00:00","description":"Rekrytoimme kokeneet ja koulutetut telineasentajat rakennusalan ja teollisuuden hankkeisiin. Ty\u00f6ntekij\u00f6ittemme vankka ammattitaito takaa laadukkaat telineiden asennus- ja purkuty\u00f6t ty\u00f6kohteesta riippumatta.","breadcrumb":{"@id":"https:\/\/craftman.fi\/?page_id=161#breadcrumb"},"inLanguage":"fi","potentialAction":[{"@type":"ReadAction","target":["https:\/\/craftman.fi\/?page_id=161"]}]},{"@type":"BreadcrumbList","@id":"https:\/\/craftman.fi\/?page_id=161#breadcrumb","itemListElement":[{"@type":"ListItem","position":1,"name":"Home","item":"https:\/\/craftman.fi\/"},{"@type":"ListItem","position":2,"name":"Ammattilaiset","item":"https:\/\/craftman.fi\/?page_id=158"},{"@type":"ListItem","position":3,"name":"Telineasentajat"}]},{"@type":"WebSite","@id":"https:\/\/craftman.fi\/#website","url":"https:\/\/craftman.fi\/","name":"Craftman Oy","description":"","potentialAction":[{"@type":"SearchAction","target":{"@type":"EntryPoint","urlTemplate":"https:\/\/craftman.fi\/?s={search_term_string}"},"query-input":"required name=search_term_string"}],"inLanguage":"fi"}]}},"_links":{"self":[{"href":"https:\/\/craftman.fi\/index.php?rest_route=\/wp\/v2\/pages\/161"}],"collection":[{"href":"https:\/\/craftman.fi\/index.php?rest_route=\/wp\/v2\/pages"}],"about":[{"href":"https:\/\/craftman.fi\/index.php?rest_route=\/wp\/v2\/types\/page"}],"author":[{"embeddable":true,"href":"https:\/\/craftman.fi\/index.php?rest_route=\/wp\/v2\/users\/1"}],"replies":[{"embeddable":true,"href":"https:\/\/craftman.fi\/index.php?rest_route=%2Fwp%2Fv2%2Fcomments&post=161"}],"version-history":[{"count":92,"href":"https:\/\/craftman.fi\/index.php?rest_route=\/wp\/v2\/pages\/161\/revisions"}],"predecessor-version":[{"id":1667,"href":"https:\/\/craftman.fi\/index.php?rest_route=\/wp\/v2\/pages\/161\/revisions\/1667"}],"up":[{"embeddable":true,"href":"https:\/\/craftman.fi\/index.php?rest_route=\/wp\/v2\/pages\/158"}],"wp:featuredmedia":[{"embeddable":true,"href":"https:\/\/craftman.fi\/index.php?rest_route=\/wp\/v2\/media\/456"}],"wp:attachment":[{"href":"https:\/\/craftman.fi\/index.php?rest_route=%2Fwp%2Fv2%2Fmedia&parent=161"}],"curies":[{"name":"wp","href":"https:\/\/api.w.org\/{rel}","templated":true}]}}