{"id":1702,"date":"2019-06-18T15:22:39","date_gmt":"2019-06-18T12:22:39","guid":{"rendered":"https:\/\/craftman.fi\/?page_id=1702"},"modified":"2019-07-18T15:52:31","modified_gmt":"2019-07-18T12:52:31","slug":"monterzy-rusztowan","status":"publish","type":"page","link":"https:\/\/craftman.fi\/?page_id=1702&lang=pl","title":{"rendered":"MONTERZY RUSZTOWA\u0143"},"content":{"rendered":"\n<h1 class=\"wp-block-heading\">MONTERZY RUSZTOWA\u0143<\/h1>\n\n\n\n<p>Nasi\nrusztowaniowcy to profesjonali\u015bci z solidn\u0105 znajomo\u015bci\u0105 fachu. S\u0105 do\u015bwiadczeni\ni przeszkoleni w zakresie monta\u017cu i demonta\u017cu rusztowa\u0144 w spos\u00f3b bezpieczny i\ngwarantuj\u0105 wysok\u0105 jako\u015b\u0107 w ka\u017cdym \u015brodowisku pracy. Nasz personel pracuje\nzar\u00f3wno na budowach, jak i w zak\u0142adach przemys\u0142owych. Opr\u00f3cz profesjonalizmu i\ndo\u015bwiadczenia zawodowego, nasi monterzy maja ambitny stosunek do pracy i s\u0105\nbardzo zmotywowani. Wszyscy nasi pracownicy maj\u0105 zawsze odpowiednie certyfikaty\ni pozwolenia na prace, kt\u00f3re spe\u0142niaj\u0105 wymagania prawne kraju docelowego i\nmiejsca budowy.<\/p>\n\n\n\n<p>Monterzy rusztowa\u0144<\/p>\n\n\n\n<p>Pomocnicy monter\u00f3w rusztowa\u0144<\/p>\n\n\n\n<p>Brygadzi\u015bci i kierownicy<\/p>\n\n\n\n<p>Ka\u017cdego\nroku nasi rusztowaniowcy s\u0105 zaj\u0119ci licznymi projektami budowlanymi i\nprzemys\u0142owymi oraz operacjami konserwacji, takimi jak przestoje w fabrykach.\nNiezale\u017cnie od tego, czy chodzi o budow\u0119 nowej fabryki lub instytucji, czy tez\nprace konserwacyjne na ju\u017c istniej\u0105cej, nasi pracownicy&nbsp; przeprowadz\u0105 szybki monta\u017c i demonta\u017c\nrusztowa\u0144, bez uszczerbku dla jako\u015bci.<\/p>\n\n\n\n<p>Rusztowania \u2013 szybko i niezawodnie <\/p>\n\n\n\n<p>Nasi\nrusztowaniowcy nie zaczynaj\u0105 pracy bez certyfikat\u00f3w, kt\u00f3re spe\u0142niaj\u0105 wymogi\nprawne kraju docelowego i miejsca budowy. Wprowadzamy r\u00f3wnie\u017c naszych\npracownik\u00f3w zgodnie z indywidualnymi wymaganiami naszych klient\u00f3w i specyfik\u0105\nmiejsca pracy oraz organizujemy niezb\u0119dne szkolenia przed rozpocz\u0119ciem pracy.<\/p>\n\n\n\n<p>Dbamy o\nbezpiecze\u0144stwo pracy naszych rusztowaniowc\u00f3w. Nasi pracownicy zawsze u\u017cywaj\u0105\nnajlepszych ubra\u0144 roboczych i nosz\u0105 najlepsze osobiste wyposa\u017cenie\nbezpiecze\u0144stwa, takie jak szelki bezpiecze\u0144stwa, kt\u00f3re s\u0105 regularnie\nsprawdzane. Nasi monterzy zawsze posiadaj\u0105 wa\u017cn\u0105 kart\u0119 bezpiecze\u0144stwa pracy.\nPonadto staramy si\u0119 szkoli\u0107 wszystkich naszych pracownik\u00f3w, aby posiadali\numiej\u0119tno\u015bci w zakresie pomocy medycznej w nag\u0142ych wypadkach w miejscu pracy.<\/p>\n\n\n\n<p>Naszymi atutami s\u0105 dost\u0119pno\u015b\u0107 pracownik\u00f3w i\ndostawy nawet w kr\u00f3tkim czasie. Dzi\u0119ki naszym Polskim partnerom specjalizuj\u0105cym\nsi\u0119 w pozyskiwaniu i testowaniu pracownik\u00f3w, mo\u017cemy znale\u017a\u0107 wymagan\u0105 liczb\u0119\nprofesjonalnych rusztowaniowc\u00f3w nawet dla najwi\u0119kszych projekt\u00f3w. Nasze sta\u0142e\nrezerwy pracownicze obejmuj\u0105ce setki pracownik\u00f3w pozwalaj\u0105 nam niezwykle szybko\ndostarczy\u0107 personel, nawet w ci\u0105gu kilku dni.<\/p>\n\n\n\n<p>Nasz\nserwis zawsze obejmuje pe\u0142n\u0105 obs\u0142ug\u0119. Dostarczamy monter\u00f3w do kraju docelowego\ngdzie zajmujemy si\u0119 zakwaterowaniem, pojazdami, wymaganymi certyfikatami, a\ntak\u017ce odzie\u017c\u0105 robocza, narz\u0119dziami i sprz\u0119tem bezpiecze\u0144stwa. Jedyne, co\npozostaje klientowi to poinformowanie nas o dacie rozpocz\u0119cia i wymaganej\nliczbie pracownik\u00f3w.<\/p>\n\n\n\n<p>Opr\u00f3cz naszych profesjonalnych rusztowaniowc\u00f3w\nmo\u017cemy zapewni\u0107 kierownik\u00f3w m\u00f3wi\u0105cych po angielsku oraz pomocnik\u00f3w monter\u00f3w\nrusztowa\u0144. Dla ka\u017cdej grupy roboczej mo\u017cemy dostarczy\u0107 przynajmniej jednego\nrusztowaniowca, kt\u00f3ry m\u00f3wi po angielsku.<\/p>\n","protected":false},"excerpt":{"rendered":"<p>MONTERZY RUSZTOWA\u0143 Nasi rusztowaniowcy to profesjonali\u015bci z solidn\u0105 znajomo\u015bci\u0105 fachu. S\u0105 do\u015bwiadczeni i przeszkoleni w zakresie monta\u017cu i demonta\u017cu rusztowa\u0144 [&hellip;]<\/p>\n","protected":false},"author":3,"featured_media":456,"parent":0,"menu_order":0,"comment_status":"closed","ping_status":"closed","template":"ammattilaiset-page.php","meta":{"_mi_skip_tracking":false,"_monsterinsights_sitenote_active":false,"_monsterinsights_sitenote_note":"","_monsterinsights_sitenote_category":0,"footnotes":""},"yoast_head":"<!-- This site is optimized with the Yoast SEO plugin v21.9.1 - https:\/\/yoast.com\/wordpress\/plugins\/seo\/ -->\n<title>Koulutetut telineasennuksen ammattilaiset helposti ja riskitt\u00f6m\u00e4sti | Craftman Oy<\/title>\n<meta name=\"description\" content=\"Rekrytoimme kokeneet ja koulutetut telineasentajat rakennusalan ja teollisuuden hankkeisiin. Ty\u00f6ntekij\u00f6ittemme vankka ammattitaito takaa laadukkaat telineiden asennus- ja purkuty\u00f6t ty\u00f6kohteesta riippumatta.\" \/>\n<meta name=\"robots\" content=\"index, follow, max-snippet:-1, max-image-preview:large, max-video-preview:-1\" \/>\n<link rel=\"canonical\" href=\"https:\/\/craftman.fi\/?page_id=1702&lang=pl\" \/>\n<meta property=\"og:locale\" content=\"fi_FI\" \/>\n<meta property=\"og:type\" content=\"article\" \/>\n<meta property=\"og:title\" content=\"Koulutetut telineasennuksen ammattilaiset helposti ja riskitt\u00f6m\u00e4sti | Craftman Oy\" \/>\n<meta property=\"og:description\" content=\"Rekrytoimme kokeneet ja koulutetut telineasentajat rakennusalan ja teollisuuden hankkeisiin. Ty\u00f6ntekij\u00f6ittemme vankka ammattitaito takaa laadukkaat telineiden asennus- ja purkuty\u00f6t ty\u00f6kohteesta riippumatta.\" \/>\n<meta property=\"og:url\" content=\"https:\/\/craftman.fi\/?page_id=1702&amp;lang=pl\" \/>\n<meta property=\"og:site_name\" content=\"Craftman Oy\" \/>\n<meta property=\"article:modified_time\" content=\"2019-07-18T12:52:31+00:00\" \/>\n<meta property=\"og:image\" content=\"https:\/\/craftman.fi\/wp-content\/uploads\/2018\/05\/Craftman_paakuvat_telineasentajat.jpg\" \/>\n\t<meta property=\"og:image:width\" content=\"1900\" \/>\n\t<meta property=\"og:image:height\" content=\"700\" \/>\n\t<meta property=\"og:image:type\" content=\"image\/jpeg\" \/>\n<meta name=\"twitter:card\" content=\"summary_large_image\" \/>\n<meta name=\"twitter:label1\" content=\"Arvioitu lukuaika\" \/>\n\t<meta name=\"twitter:data1\" content=\"2 minuuttia\" \/>\n<script type=\"application\/ld+json\" class=\"yoast-schema-graph\">{\"@context\":\"https:\/\/schema.org\",\"@graph\":[{\"@type\":\"WebPage\",\"@id\":\"https:\/\/craftman.fi\/?page_id=1702&lang=pl\",\"url\":\"https:\/\/craftman.fi\/?page_id=1702&lang=pl\",\"name\":\"Koulutetut telineasennuksen ammattilaiset helposti ja riskitt\u00f6m\u00e4sti | Craftman Oy\",\"isPartOf\":{\"@id\":\"https:\/\/craftman.fi\/#website\"},\"datePublished\":\"2019-06-18T12:22:39+00:00\",\"dateModified\":\"2019-07-18T12:52:31+00:00\",\"description\":\"Rekrytoimme kokeneet ja koulutetut telineasentajat rakennusalan ja teollisuuden hankkeisiin. Ty\u00f6ntekij\u00f6ittemme vankka ammattitaito takaa laadukkaat telineiden asennus- ja purkuty\u00f6t ty\u00f6kohteesta riippumatta.\",\"breadcrumb\":{\"@id\":\"https:\/\/craftman.fi\/?page_id=1702&lang=pl#breadcrumb\"},\"inLanguage\":\"fi\",\"potentialAction\":[{\"@type\":\"ReadAction\",\"target\":[\"https:\/\/craftman.fi\/?page_id=1702&lang=pl\"]}]},{\"@type\":\"BreadcrumbList\",\"@id\":\"https:\/\/craftman.fi\/?page_id=1702&lang=pl#breadcrumb\",\"itemListElement\":[{\"@type\":\"ListItem\",\"position\":1,\"name\":\"Home\",\"item\":\"https:\/\/craftman.fi\/\"},{\"@type\":\"ListItem\",\"position\":2,\"name\":\"MONTERZY RUSZTOWA\u0143\"}]},{\"@type\":\"WebSite\",\"@id\":\"https:\/\/craftman.fi\/#website\",\"url\":\"https:\/\/craftman.fi\/\",\"name\":\"Craftman Oy\",\"description\":\"\",\"potentialAction\":[{\"@type\":\"SearchAction\",\"target\":{\"@type\":\"EntryPoint\",\"urlTemplate\":\"https:\/\/craftman.fi\/?s={search_term_string}\"},\"query-input\":\"required name=search_term_string\"}],\"inLanguage\":\"fi\"}]}<\/script>\n<!-- \/ Yoast SEO plugin. -->","yoast_head_json":{"title":"Koulutetut telineasennuksen ammattilaiset helposti ja riskitt\u00f6m\u00e4sti | Craftman Oy","description":"Rekrytoimme kokeneet ja koulutetut telineasentajat rakennusalan ja teollisuuden hankkeisiin. Ty\u00f6ntekij\u00f6ittemme vankka ammattitaito takaa laadukkaat telineiden asennus- ja purkuty\u00f6t ty\u00f6kohteesta riippumatta.","robots":{"index":"index","follow":"follow","max-snippet":"max-snippet:-1","max-image-preview":"max-image-preview:large","max-video-preview":"max-video-preview:-1"},"canonical":"https:\/\/craftman.fi\/?page_id=1702&lang=pl","og_locale":"fi_FI","og_type":"article","og_title":"Koulutetut telineasennuksen ammattilaiset helposti ja riskitt\u00f6m\u00e4sti | Craftman Oy","og_description":"Rekrytoimme kokeneet ja koulutetut telineasentajat rakennusalan ja teollisuuden hankkeisiin. Ty\u00f6ntekij\u00f6ittemme vankka ammattitaito takaa laadukkaat telineiden asennus- ja purkuty\u00f6t ty\u00f6kohteesta riippumatta.","og_url":"https:\/\/craftman.fi\/?page_id=1702&lang=pl","og_site_name":"Craftman Oy","article_modified_time":"2019-07-18T12:52:31+00:00","og_image":[{"width":1900,"height":700,"url":"https:\/\/craftman.fi\/wp-content\/uploads\/2018\/05\/Craftman_paakuvat_telineasentajat.jpg","type":"image\/jpeg"}],"twitter_card":"summary_large_image","twitter_misc":{"Arvioitu lukuaika":"2 minuuttia"},"schema":{"@context":"https:\/\/schema.org","@graph":[{"@type":"WebPage","@id":"https:\/\/craftman.fi\/?page_id=1702&lang=pl","url":"https:\/\/craftman.fi\/?page_id=1702&lang=pl","name":"Koulutetut telineasennuksen ammattilaiset helposti ja riskitt\u00f6m\u00e4sti | Craftman Oy","isPartOf":{"@id":"https:\/\/craftman.fi\/#website"},"datePublished":"2019-06-18T12:22:39+00:00","dateModified":"2019-07-18T12:52:31+00:00","description":"Rekrytoimme kokeneet ja koulutetut telineasentajat rakennusalan ja teollisuuden hankkeisiin. Ty\u00f6ntekij\u00f6ittemme vankka ammattitaito takaa laadukkaat telineiden asennus- ja purkuty\u00f6t ty\u00f6kohteesta riippumatta.","breadcrumb":{"@id":"https:\/\/craftman.fi\/?page_id=1702&lang=pl#breadcrumb"},"inLanguage":"fi","potentialAction":[{"@type":"ReadAction","target":["https:\/\/craftman.fi\/?page_id=1702&lang=pl"]}]},{"@type":"BreadcrumbList","@id":"https:\/\/craftman.fi\/?page_id=1702&lang=pl#breadcrumb","itemListElement":[{"@type":"ListItem","position":1,"name":"Home","item":"https:\/\/craftman.fi\/"},{"@type":"ListItem","position":2,"name":"MONTERZY RUSZTOWA\u0143"}]},{"@type":"WebSite","@id":"https:\/\/craftman.fi\/#website","url":"https:\/\/craftman.fi\/","name":"Craftman Oy","description":"","potentialAction":[{"@type":"SearchAction","target":{"@type":"EntryPoint","urlTemplate":"https:\/\/craftman.fi\/?s={search_term_string}"},"query-input":"required name=search_term_string"}],"inLanguage":"fi"}]}},"_links":{"self":[{"href":"https:\/\/craftman.fi\/index.php?rest_route=\/wp\/v2\/pages\/1702"}],"collection":[{"href":"https:\/\/craftman.fi\/index.php?rest_route=\/wp\/v2\/pages"}],"about":[{"href":"https:\/\/craftman.fi\/index.php?rest_route=\/wp\/v2\/types\/page"}],"author":[{"embeddable":true,"href":"https:\/\/craftman.fi\/index.php?rest_route=\/wp\/v2\/users\/3"}],"replies":[{"embeddable":true,"href":"https:\/\/craftman.fi\/index.php?rest_route=%2Fwp%2Fv2%2Fcomments&post=1702"}],"version-history":[{"count":12,"href":"https:\/\/craftman.fi\/index.php?rest_route=\/wp\/v2\/pages\/1702\/revisions"}],"predecessor-version":[{"id":1955,"href":"https:\/\/craftman.fi\/index.php?rest_route=\/wp\/v2\/pages\/1702\/revisions\/1955"}],"wp:featuredmedia":[{"embeddable":true,"href":"https:\/\/craftman.fi\/index.php?rest_route=\/wp\/v2\/media\/456"}],"wp:attachment":[{"href":"https:\/\/craftman.fi\/index.php?rest_route=%2Fwp%2Fv2%2Fmedia&parent=1702"}],"curies":[{"name":"wp","href":"https:\/\/api.w.org\/{rel}","templated":true}]}}