{"id":1709,"date":"2019-06-18T15:29:00","date_gmt":"2019-06-18T12:29:00","guid":{"rendered":"https:\/\/craftman.fi\/?page_id=1709"},"modified":"2019-07-18T15:52:09","modified_gmt":"2019-07-18T12:52:09","slug":"blacharze","status":"publish","type":"page","link":"https:\/\/craftman.fi\/?page_id=1709&lang=pl","title":{"rendered":"BLACHARZE"},"content":{"rendered":"\n<h1 class=\"wp-block-heading\">BLACHARZE<\/h1>\n\n\n\n<p>Zapewniamy profesjonalnych blacharzy dla potrzeb\nprefabrykacji i instalacji. Wiedza naszych specjalist\u00f3w wywodzi si\u0119 z solidnego\ndo\u015bwiadczenia. Zawsze wyposa\u017camy naszych blacharzy w wysokiej jako\u015bci narz\u0119dzia\ni odzie\u017c robocz\u0105 zgodnie z wymaganiami.<\/p>\n\n\n\n<p>Nasi\nblacharze potrafi\u0105 samodzielnie prefabrykowa\u0107 cz\u0119\u015bci w warsztatach, a tak\u017ce\nprzeprowadzi\u0107 pe\u0142ny monta\u017c izolacji przemys\u0142owej. Prefabrykacja umo\u017cliwia\nprzeniesie produkcji do miejsca, w kt\u00f3rym okoliczno\u015bci i warunki cz\u0119\u015bci\nprodukcji s\u0105 lepsze w por\u00f3wnaniu z miejscem instalacji. Produkcja front-end\njest obecnie szeroko stosowana w przemy\u015ble stoczniowym, budowie dach\u00f3w oraz w\nbudowie i konserwacji obiekt\u00f3w przemys\u0142owych. Od blacharza wymagamy motywacji,\nstarannego podej\u015bcia, umiej\u0119tno\u015bci manualnych a przede wszystkim do\u015bwiadczenia.<\/p>\n\n\n\n<p>Nasi\nblacharze nie zaczynaj\u0105 pracy bez odpowiednich certyfikat\u00f3w, kt\u00f3re spe\u0142niaj\u0105\nwymogi prawne kraju docelowego i miejsca budowy. Wprowadzamy r\u00f3wnie\u017c naszych\npracownik\u00f3w zgodnie z indywidualnymi wymaganiami naszych klient\u00f3w i specyfik\u0105\nmiejsca pracy oraz organizujemy niezb\u0119dne szkolenia przed rozpocz\u0119ciem pracy.<\/p>\n\n\n\n<p>Dbamy o bezpiecze\u0144stwo pracy naszych blacharzy. Nasi pracownicy zawsze u\u017cywaj\u0105\nnajlepszych ubra\u0144 roboczych i nosz\u0105 najlepsze osobiste wyposa\u017cenie\nbezpiecze\u0144stwa, takie jak szelki bezpiecze\u0144stwa, kt\u00f3re s\u0105 regularnie sprawdzane.\nNasi blacharze zawsze posiadaj\u0105 wa\u017cn\u0105 kart\u0119 bezpiecze\u0144stwa pracy. Ponadto\nstaramy si\u0119 szkoli\u0107 wszystkich naszych pracownik\u00f3w, aby posiadali umiej\u0119tno\u015bci\nw zakresie pomocy medycznej w nag\u0142ych wypadkach w miejscu pracy.<\/p>\n\n\n\n<p>Naszymi\natutami s\u0105 dost\u0119pno\u015b\u0107 pracownik\u00f3w i dostawy nawet w kr\u00f3tkim czasie. Dzi\u0119ki\nnaszym Polskim partnerom specjalizuj\u0105cym si\u0119 w pozyskiwaniu i testowaniu\npracownik\u00f3w, mo\u017cemy znale\u017a\u0107 wymagan\u0105 liczb\u0119 profesjonalnych blachzarzy nawet\ndla najwi\u0119kszych projekt\u00f3w. Nasze sta\u0142e rezerwy pracownicze obejmuj\u0105ce setki\npracownik\u00f3w pozwalaj\u0105 nam niezwykle szybko dostarczy\u0107 personel, nawet w ci\u0105gu\nkilku dni.\n\nZapewniamy\npe\u0142n\u0105 obs\u0142ug\u0119 kadrow\u0105. Dostarczamy naszych blacharzy do kraju\ndocelowego gdzie zajmujemy si\u0119 zakwaterowaniem, pojazdami, wymaganymi\ncertyfikatami a tak\u017ce odzie\u017c\u0105 robocza, narz\u0119dziami r\u0119cznymi i sprz\u0119tem\nbezpiecze\u0144stwa. Jedyne, co pozostaje klientowi to poinformowanie nas o dacie\nrozpocz\u0119cia i wymaganej liczbie pracownik\u00f3w.\n\n\n\n<\/p>\n","protected":false},"excerpt":{"rendered":"<p>BLACHARZE Zapewniamy profesjonalnych blacharzy dla potrzeb prefabrykacji i instalacji. Wiedza naszych specjalist\u00f3w wywodzi si\u0119 z solidnego do\u015bwiadczenia. Zawsze wyposa\u017camy naszych [&hellip;]<\/p>\n","protected":false},"author":3,"featured_media":455,"parent":0,"menu_order":0,"comment_status":"closed","ping_status":"closed","template":"ammattilaiset-page.php","meta":{"_mi_skip_tracking":false,"_monsterinsights_sitenote_active":false,"_monsterinsights_sitenote_note":"","_monsterinsights_sitenote_category":0,"footnotes":""},"yoast_head":"<!-- This site is optimized with the Yoast SEO plugin v21.9.1 - https:\/\/yoast.com\/wordpress\/plugins\/seo\/ -->\n<title>Palkkaa kokeneet ja osaavat peltisep\u00e4t ty\u00f6maallesi | Craftman Oy<\/title>\n<meta name=\"description\" content=\"Ammattitaitoiset peltisep\u00e4t teollisuuteen tai rakennusalalle. Craftmanilta l\u00f6yd\u00e4t sopivat ty\u00f6ntekij\u00e4t helposti ja vaivattomasti. Tutustu ja ota yhteytt\u00e4!\" \/>\n<meta name=\"robots\" content=\"index, follow, max-snippet:-1, max-image-preview:large, max-video-preview:-1\" \/>\n<link rel=\"canonical\" href=\"https:\/\/craftman.fi\/?page_id=1709&lang=pl\" \/>\n<meta property=\"og:locale\" content=\"fi_FI\" \/>\n<meta property=\"og:type\" content=\"article\" \/>\n<meta property=\"og:title\" content=\"Palkkaa kokeneet ja osaavat peltisep\u00e4t ty\u00f6maallesi | Craftman Oy\" \/>\n<meta property=\"og:description\" content=\"Ammattitaitoiset peltisep\u00e4t teollisuuteen tai rakennusalalle. Craftmanilta l\u00f6yd\u00e4t sopivat ty\u00f6ntekij\u00e4t helposti ja vaivattomasti. Tutustu ja ota yhteytt\u00e4!\" \/>\n<meta property=\"og:url\" content=\"https:\/\/craftman.fi\/?page_id=1709&amp;lang=pl\" \/>\n<meta property=\"og:site_name\" content=\"Craftman Oy\" \/>\n<meta property=\"article:modified_time\" content=\"2019-07-18T12:52:09+00:00\" \/>\n<meta property=\"og:image\" content=\"https:\/\/craftman.fi\/wp-content\/uploads\/2018\/05\/Craftman_paakuvat_peltisepat.jpg\" \/>\n\t<meta property=\"og:image:width\" content=\"1900\" \/>\n\t<meta property=\"og:image:height\" content=\"700\" \/>\n\t<meta property=\"og:image:type\" content=\"image\/jpeg\" \/>\n<meta name=\"twitter:card\" content=\"summary_large_image\" \/>\n<meta name=\"twitter:label1\" content=\"Arvioitu lukuaika\" \/>\n\t<meta name=\"twitter:data1\" content=\"2 minuuttia\" \/>\n<script type=\"application\/ld+json\" class=\"yoast-schema-graph\">{\"@context\":\"https:\/\/schema.org\",\"@graph\":[{\"@type\":\"WebPage\",\"@id\":\"https:\/\/craftman.fi\/?page_id=1709&lang=pl\",\"url\":\"https:\/\/craftman.fi\/?page_id=1709&lang=pl\",\"name\":\"Palkkaa kokeneet ja osaavat peltisep\u00e4t ty\u00f6maallesi | Craftman Oy\",\"isPartOf\":{\"@id\":\"https:\/\/craftman.fi\/#website\"},\"datePublished\":\"2019-06-18T12:29:00+00:00\",\"dateModified\":\"2019-07-18T12:52:09+00:00\",\"description\":\"Ammattitaitoiset peltisep\u00e4t teollisuuteen tai rakennusalalle. Craftmanilta l\u00f6yd\u00e4t sopivat ty\u00f6ntekij\u00e4t helposti ja vaivattomasti. Tutustu ja ota yhteytt\u00e4!\",\"breadcrumb\":{\"@id\":\"https:\/\/craftman.fi\/?page_id=1709&lang=pl#breadcrumb\"},\"inLanguage\":\"fi\",\"potentialAction\":[{\"@type\":\"ReadAction\",\"target\":[\"https:\/\/craftman.fi\/?page_id=1709&lang=pl\"]}]},{\"@type\":\"BreadcrumbList\",\"@id\":\"https:\/\/craftman.fi\/?page_id=1709&lang=pl#breadcrumb\",\"itemListElement\":[{\"@type\":\"ListItem\",\"position\":1,\"name\":\"Home\",\"item\":\"https:\/\/craftman.fi\/\"},{\"@type\":\"ListItem\",\"position\":2,\"name\":\"BLACHARZE\"}]},{\"@type\":\"WebSite\",\"@id\":\"https:\/\/craftman.fi\/#website\",\"url\":\"https:\/\/craftman.fi\/\",\"name\":\"Craftman Oy\",\"description\":\"\",\"potentialAction\":[{\"@type\":\"SearchAction\",\"target\":{\"@type\":\"EntryPoint\",\"urlTemplate\":\"https:\/\/craftman.fi\/?s={search_term_string}\"},\"query-input\":\"required name=search_term_string\"}],\"inLanguage\":\"fi\"}]}<\/script>\n<!-- \/ Yoast SEO plugin. -->","yoast_head_json":{"title":"Palkkaa kokeneet ja osaavat peltisep\u00e4t ty\u00f6maallesi | Craftman Oy","description":"Ammattitaitoiset peltisep\u00e4t teollisuuteen tai rakennusalalle. Craftmanilta l\u00f6yd\u00e4t sopivat ty\u00f6ntekij\u00e4t helposti ja vaivattomasti. Tutustu ja ota yhteytt\u00e4!","robots":{"index":"index","follow":"follow","max-snippet":"max-snippet:-1","max-image-preview":"max-image-preview:large","max-video-preview":"max-video-preview:-1"},"canonical":"https:\/\/craftman.fi\/?page_id=1709&lang=pl","og_locale":"fi_FI","og_type":"article","og_title":"Palkkaa kokeneet ja osaavat peltisep\u00e4t ty\u00f6maallesi | Craftman Oy","og_description":"Ammattitaitoiset peltisep\u00e4t teollisuuteen tai rakennusalalle. Craftmanilta l\u00f6yd\u00e4t sopivat ty\u00f6ntekij\u00e4t helposti ja vaivattomasti. Tutustu ja ota yhteytt\u00e4!","og_url":"https:\/\/craftman.fi\/?page_id=1709&lang=pl","og_site_name":"Craftman Oy","article_modified_time":"2019-07-18T12:52:09+00:00","og_image":[{"width":1900,"height":700,"url":"https:\/\/craftman.fi\/wp-content\/uploads\/2018\/05\/Craftman_paakuvat_peltisepat.jpg","type":"image\/jpeg"}],"twitter_card":"summary_large_image","twitter_misc":{"Arvioitu lukuaika":"2 minuuttia"},"schema":{"@context":"https:\/\/schema.org","@graph":[{"@type":"WebPage","@id":"https:\/\/craftman.fi\/?page_id=1709&lang=pl","url":"https:\/\/craftman.fi\/?page_id=1709&lang=pl","name":"Palkkaa kokeneet ja osaavat peltisep\u00e4t ty\u00f6maallesi | Craftman Oy","isPartOf":{"@id":"https:\/\/craftman.fi\/#website"},"datePublished":"2019-06-18T12:29:00+00:00","dateModified":"2019-07-18T12:52:09+00:00","description":"Ammattitaitoiset peltisep\u00e4t teollisuuteen tai rakennusalalle. Craftmanilta l\u00f6yd\u00e4t sopivat ty\u00f6ntekij\u00e4t helposti ja vaivattomasti. Tutustu ja ota yhteytt\u00e4!","breadcrumb":{"@id":"https:\/\/craftman.fi\/?page_id=1709&lang=pl#breadcrumb"},"inLanguage":"fi","potentialAction":[{"@type":"ReadAction","target":["https:\/\/craftman.fi\/?page_id=1709&lang=pl"]}]},{"@type":"BreadcrumbList","@id":"https:\/\/craftman.fi\/?page_id=1709&lang=pl#breadcrumb","itemListElement":[{"@type":"ListItem","position":1,"name":"Home","item":"https:\/\/craftman.fi\/"},{"@type":"ListItem","position":2,"name":"BLACHARZE"}]},{"@type":"WebSite","@id":"https:\/\/craftman.fi\/#website","url":"https:\/\/craftman.fi\/","name":"Craftman Oy","description":"","potentialAction":[{"@type":"SearchAction","target":{"@type":"EntryPoint","urlTemplate":"https:\/\/craftman.fi\/?s={search_term_string}"},"query-input":"required name=search_term_string"}],"inLanguage":"fi"}]}},"_links":{"self":[{"href":"https:\/\/craftman.fi\/index.php?rest_route=\/wp\/v2\/pages\/1709"}],"collection":[{"href":"https:\/\/craftman.fi\/index.php?rest_route=\/wp\/v2\/pages"}],"about":[{"href":"https:\/\/craftman.fi\/index.php?rest_route=\/wp\/v2\/types\/page"}],"author":[{"embeddable":true,"href":"https:\/\/craftman.fi\/index.php?rest_route=\/wp\/v2\/users\/3"}],"replies":[{"embeddable":true,"href":"https:\/\/craftman.fi\/index.php?rest_route=%2Fwp%2Fv2%2Fcomments&post=1709"}],"version-history":[{"count":6,"href":"https:\/\/craftman.fi\/index.php?rest_route=\/wp\/v2\/pages\/1709\/revisions"}],"predecessor-version":[{"id":1947,"href":"https:\/\/craftman.fi\/index.php?rest_route=\/wp\/v2\/pages\/1709\/revisions\/1947"}],"wp:featuredmedia":[{"embeddable":true,"href":"https:\/\/craftman.fi\/index.php?rest_route=\/wp\/v2\/media\/455"}],"wp:attachment":[{"href":"https:\/\/craftman.fi\/index.php?rest_route=%2Fwp%2Fv2%2Fmedia&parent=1709"}],"curies":[{"name":"wp","href":"https:\/\/api.w.org\/{rel}","templated":true}]}}