{"id":1711,"date":"2019-06-18T15:30:26","date_gmt":"2019-06-18T12:30:26","guid":{"rendered":"https:\/\/craftman.fi\/?page_id=1711"},"modified":"2019-07-18T15:52:26","modified_gmt":"2019-07-18T12:52:26","slug":"monterzy-rur-i-zbiornikow","status":"publish","type":"page","link":"https:\/\/craftman.fi\/?page_id=1711&lang=pl","title":{"rendered":"MONTERZY RUR I ZBIORNIK\u00d3W"},"content":{"rendered":"\n<h1 class=\"wp-block-heading\">MONTERZY RUR I ZBIORNIK\u00d3W<\/h1>\n\n\n\n<p>Dla uzupe\u0142nienia pracy spawaczy b\u0105d\u017a w celu\n\u015bwiadczenia pracy na samodzielnych instalacjach, zapewniamy profesjonalnych\nmonter\u00f3w rur i zbiornik\u00f3w. Nasi monterzy maja do\u015bwiadczenie w instalowaniu\nruroci\u0105g\u00f3w przemys\u0142owych, kot\u0142\u00f3w ci\u015bnieniowych oraz rur do transportu gazu,\nchemikali\u00f3w i wody. Mo\u017cesz zaufa\u0107 jako\u015bci pracy naszych monter\u00f3w, wszystko\nzawsze odbywa si\u0119 z uwzgl\u0119dnieniem kwestii \u015brodowiskowych i bezpiecze\u0144stwo\npracy nigdy nie jest zagro\u017cone. Wszyscy nasi pracownicy maj\u0105 zawsze\nza\u015bwiadczenia i pozwolenia na prace, kt\u00f3re spe\u0142niaj\u0105 wymagania prawne kraju\ndocelowego i miejsca pracy. Nasi monterzy rur i zbiornik\u00f3w s\u0105 zawsze wyposa\u017ceni\nw wysokiej jako\u015bci odzie\u017c robocz\u0105 i narz\u0119dzia.<\/p>\n\n\n\n<p>Ka\u017cdego roku nasi monterzy s\u0105 zaj\u0119ci licznymi projektami przemys\u0142owymi i operacjami instalacji, takimi jak na przyk\u0142ad przestoje w fabrykach. Niezale\u017cnie od tego czy chodzi o budow\u0119 nowego obiektu czy tez konserwacje istniej\u0105cego, nasi wyspecjalizowani monterzy szybko wykonaj\u0105 prace monterskie bez uszczerbku dla jako\u015bci.<\/p>\n\n\n\n<p>PROFESJONALNI\nMNTERZY RUR I ZBORNIK\u00d3W &#8211; SZYBKO I \u0141ATWO<\/p>\n\n\n\n<p>Nasi monterzy zbiornik\u00f3w i rur nie zaczynaj\u0105 pracy bez odpowiednich\ncertyfikat\u00f3w, kt\u00f3re spe\u0142niaj\u0105 wymogi prawne kraju docelowego i miejsca budowy.\nWprowadzamy r\u00f3wnie\u017c naszych pracownik\u00f3w zgodnie z indywidualnymi wymaganiami\nklient\u00f3w i miejsca pracy oraz organizujemy niezb\u0119dne szkolenia dla naszych\npracownik\u00f3w przed rozpocz\u0119ciem pracy.<\/p>\n\n\n\n<p>Dbamy o bezpiecze\u0144stwo pracy naszych monter\u00f3w. Nasi pracownicy zawsze u\u017cywaj\u0105\nnajlepszych ubra\u0144 roboczych i nosz\u0105 najlepsze osobiste wyposa\u017cenie\nbezpiecze\u0144stwa, takie jak szelki bezpiecze\u0144stwa, kt\u00f3re s\u0105 regularnie\nsprawdzane. Nasi monterzy zawsze posiadaj\u0105 wa\u017cn\u0105 kart\u0119 bezpiecze\u0144stwa pracy.\nPonadto staramy si\u0119 szkoli\u0107 wszystkich naszych pracownik\u00f3w, aby posiadali\numiej\u0119tno\u015bci w zakresie pomocy medycznej w nag\u0142ych wypadkach w miejscu pracy.<\/p>\n\n\n\n<p>Naszymi atutami s\u0105 dost\u0119pno\u015b\u0107 pracownik\u00f3w i\ndostawy nawet w kr\u00f3tkim czasie. Dzi\u0119ki naszym Polskim partnerom specjalizuj\u0105cym\nsi\u0119 w pozyskiwaniu i testowaniu pracownik\u00f3w, mo\u017cemy znale\u017a\u0107 wymagan\u0105 liczb\u0119\nprofesjonalnych monter\u00f3w nawet dla najwi\u0119kszych projekt\u00f3w. Nasze sta\u0142e rezerwy\npracownicze obejmuj\u0105ce setki pracownik\u00f3w pozwalaj\u0105 nam niezwykle szybko\ndostarczy\u0107 personel, nawet w ci\u0105gu kilku dni.\n\nZapewniamy pe\u0142n\u0105 obs\u0142ug\u0119\nkadrow\u0105. Dostarczamy naszych\nmonter\u00f3w do kraju docelowego gdzie zajmujemy si\u0119 zakwaterowaniem, pojazdami,\nwymaganymi certyfikatami a tak\u017ce odzie\u017c\u0105 robocza, narz\u0119dziami r\u0119cznymi i\nsprz\u0119tem bezpiecze\u0144stwa. Jedyne, co pozostaje klientowi to poinformowanie nas o\ndacie rozpocz\u0119cia i wymaganej liczbie pracownik\u00f3w.\n\n\n\n<\/p>\n","protected":false},"excerpt":{"rendered":"<p>MONTERZY RUR I ZBIORNIK\u00d3W Dla uzupe\u0142nienia pracy spawaczy b\u0105d\u017a w celu \u015bwiadczenia pracy na samodzielnych instalacjach, zapewniamy profesjonalnych monter\u00f3w rur [&hellip;]<\/p>\n","protected":false},"author":3,"featured_media":1450,"parent":0,"menu_order":0,"comment_status":"closed","ping_status":"closed","template":"ammattilaiset-page.php","meta":{"_mi_skip_tracking":false,"_monsterinsights_sitenote_active":false,"_monsterinsights_sitenote_note":"","_monsterinsights_sitenote_category":0,"footnotes":""},"yoast_head":"<!-- This site is optimized with the Yoast SEO plugin v21.9.1 - https:\/\/yoast.com\/wordpress\/plugins\/seo\/ -->\n<title>Laite- ja putkiasentajat tellisuuteen ja rakennuksille | Craftman Oy<\/title>\n<meta name=\"description\" content=\"Palkkaa laite- ja putkiasentajat ty\u00f6maille helposti. Ty\u00f6ntekij\u00f6ilt\u00e4mme l\u00f6ytyy alan edellytt\u00e4m\u00e4t sertifikaatit sek\u00e4 ty\u00f6varusteet. Tutustu ja ota yhteytt\u00e4!\" \/>\n<meta name=\"robots\" content=\"index, follow, max-snippet:-1, max-image-preview:large, max-video-preview:-1\" \/>\n<link rel=\"canonical\" href=\"https:\/\/craftman.fi\/?page_id=1711&lang=pl\" \/>\n<meta property=\"og:locale\" content=\"fi_FI\" \/>\n<meta property=\"og:type\" content=\"article\" \/>\n<meta property=\"og:title\" content=\"Laite- ja putkiasentajat tellisuuteen ja rakennuksille | Craftman Oy\" \/>\n<meta property=\"og:description\" content=\"Palkkaa laite- ja putkiasentajat ty\u00f6maille helposti. Ty\u00f6ntekij\u00f6ilt\u00e4mme l\u00f6ytyy alan edellytt\u00e4m\u00e4t sertifikaatit sek\u00e4 ty\u00f6varusteet. Tutustu ja ota yhteytt\u00e4!\" \/>\n<meta property=\"og:url\" content=\"https:\/\/craftman.fi\/?page_id=1711&amp;lang=pl\" \/>\n<meta property=\"og:site_name\" content=\"Craftman Oy\" \/>\n<meta property=\"article:modified_time\" content=\"2019-07-18T12:52:26+00:00\" \/>\n<meta property=\"og:image\" content=\"https:\/\/craftman.fi\/wp-content\/uploads\/2019\/05\/laite-ja-putkiasentajat.jpg\" \/>\n\t<meta property=\"og:image:width\" content=\"1900\" \/>\n\t<meta property=\"og:image:height\" content=\"700\" \/>\n\t<meta property=\"og:image:type\" content=\"image\/jpeg\" \/>\n<meta name=\"twitter:card\" content=\"summary_large_image\" \/>\n<meta name=\"twitter:label1\" content=\"Arvioitu lukuaika\" \/>\n\t<meta name=\"twitter:data1\" content=\"2 minuuttia\" \/>\n<script type=\"application\/ld+json\" class=\"yoast-schema-graph\">{\"@context\":\"https:\/\/schema.org\",\"@graph\":[{\"@type\":\"WebPage\",\"@id\":\"https:\/\/craftman.fi\/?page_id=1711&lang=pl\",\"url\":\"https:\/\/craftman.fi\/?page_id=1711&lang=pl\",\"name\":\"Laite- ja putkiasentajat tellisuuteen ja rakennuksille | Craftman Oy\",\"isPartOf\":{\"@id\":\"https:\/\/craftman.fi\/#website\"},\"datePublished\":\"2019-06-18T12:30:26+00:00\",\"dateModified\":\"2019-07-18T12:52:26+00:00\",\"description\":\"Palkkaa laite- ja putkiasentajat ty\u00f6maille helposti. Ty\u00f6ntekij\u00f6ilt\u00e4mme l\u00f6ytyy alan edellytt\u00e4m\u00e4t sertifikaatit sek\u00e4 ty\u00f6varusteet. Tutustu ja ota yhteytt\u00e4!\",\"breadcrumb\":{\"@id\":\"https:\/\/craftman.fi\/?page_id=1711&lang=pl#breadcrumb\"},\"inLanguage\":\"fi\",\"potentialAction\":[{\"@type\":\"ReadAction\",\"target\":[\"https:\/\/craftman.fi\/?page_id=1711&lang=pl\"]}]},{\"@type\":\"BreadcrumbList\",\"@id\":\"https:\/\/craftman.fi\/?page_id=1711&lang=pl#breadcrumb\",\"itemListElement\":[{\"@type\":\"ListItem\",\"position\":1,\"name\":\"Home\",\"item\":\"https:\/\/craftman.fi\/\"},{\"@type\":\"ListItem\",\"position\":2,\"name\":\"MONTERZY RUR I ZBIORNIK\u00d3W\"}]},{\"@type\":\"WebSite\",\"@id\":\"https:\/\/craftman.fi\/#website\",\"url\":\"https:\/\/craftman.fi\/\",\"name\":\"Craftman Oy\",\"description\":\"\",\"potentialAction\":[{\"@type\":\"SearchAction\",\"target\":{\"@type\":\"EntryPoint\",\"urlTemplate\":\"https:\/\/craftman.fi\/?s={search_term_string}\"},\"query-input\":\"required name=search_term_string\"}],\"inLanguage\":\"fi\"}]}<\/script>\n<!-- \/ Yoast SEO plugin. -->","yoast_head_json":{"title":"Laite- ja putkiasentajat tellisuuteen ja rakennuksille | Craftman Oy","description":"Palkkaa laite- ja putkiasentajat ty\u00f6maille helposti. Ty\u00f6ntekij\u00f6ilt\u00e4mme l\u00f6ytyy alan edellytt\u00e4m\u00e4t sertifikaatit sek\u00e4 ty\u00f6varusteet. Tutustu ja ota yhteytt\u00e4!","robots":{"index":"index","follow":"follow","max-snippet":"max-snippet:-1","max-image-preview":"max-image-preview:large","max-video-preview":"max-video-preview:-1"},"canonical":"https:\/\/craftman.fi\/?page_id=1711&lang=pl","og_locale":"fi_FI","og_type":"article","og_title":"Laite- ja putkiasentajat tellisuuteen ja rakennuksille | Craftman Oy","og_description":"Palkkaa laite- ja putkiasentajat ty\u00f6maille helposti. Ty\u00f6ntekij\u00f6ilt\u00e4mme l\u00f6ytyy alan edellytt\u00e4m\u00e4t sertifikaatit sek\u00e4 ty\u00f6varusteet. Tutustu ja ota yhteytt\u00e4!","og_url":"https:\/\/craftman.fi\/?page_id=1711&lang=pl","og_site_name":"Craftman Oy","article_modified_time":"2019-07-18T12:52:26+00:00","og_image":[{"width":1900,"height":700,"url":"https:\/\/craftman.fi\/wp-content\/uploads\/2019\/05\/laite-ja-putkiasentajat.jpg","type":"image\/jpeg"}],"twitter_card":"summary_large_image","twitter_misc":{"Arvioitu lukuaika":"2 minuuttia"},"schema":{"@context":"https:\/\/schema.org","@graph":[{"@type":"WebPage","@id":"https:\/\/craftman.fi\/?page_id=1711&lang=pl","url":"https:\/\/craftman.fi\/?page_id=1711&lang=pl","name":"Laite- ja putkiasentajat tellisuuteen ja rakennuksille | Craftman Oy","isPartOf":{"@id":"https:\/\/craftman.fi\/#website"},"datePublished":"2019-06-18T12:30:26+00:00","dateModified":"2019-07-18T12:52:26+00:00","description":"Palkkaa laite- ja putkiasentajat ty\u00f6maille helposti. Ty\u00f6ntekij\u00f6ilt\u00e4mme l\u00f6ytyy alan edellytt\u00e4m\u00e4t sertifikaatit sek\u00e4 ty\u00f6varusteet. Tutustu ja ota yhteytt\u00e4!","breadcrumb":{"@id":"https:\/\/craftman.fi\/?page_id=1711&lang=pl#breadcrumb"},"inLanguage":"fi","potentialAction":[{"@type":"ReadAction","target":["https:\/\/craftman.fi\/?page_id=1711&lang=pl"]}]},{"@type":"BreadcrumbList","@id":"https:\/\/craftman.fi\/?page_id=1711&lang=pl#breadcrumb","itemListElement":[{"@type":"ListItem","position":1,"name":"Home","item":"https:\/\/craftman.fi\/"},{"@type":"ListItem","position":2,"name":"MONTERZY RUR I ZBIORNIK\u00d3W"}]},{"@type":"WebSite","@id":"https:\/\/craftman.fi\/#website","url":"https:\/\/craftman.fi\/","name":"Craftman Oy","description":"","potentialAction":[{"@type":"SearchAction","target":{"@type":"EntryPoint","urlTemplate":"https:\/\/craftman.fi\/?s={search_term_string}"},"query-input":"required name=search_term_string"}],"inLanguage":"fi"}]}},"_links":{"self":[{"href":"https:\/\/craftman.fi\/index.php?rest_route=\/wp\/v2\/pages\/1711"}],"collection":[{"href":"https:\/\/craftman.fi\/index.php?rest_route=\/wp\/v2\/pages"}],"about":[{"href":"https:\/\/craftman.fi\/index.php?rest_route=\/wp\/v2\/types\/page"}],"author":[{"embeddable":true,"href":"https:\/\/craftman.fi\/index.php?rest_route=\/wp\/v2\/users\/3"}],"replies":[{"embeddable":true,"href":"https:\/\/craftman.fi\/index.php?rest_route=%2Fwp%2Fv2%2Fcomments&post=1711"}],"version-history":[{"count":9,"href":"https:\/\/craftman.fi\/index.php?rest_route=\/wp\/v2\/pages\/1711\/revisions"}],"predecessor-version":[{"id":1953,"href":"https:\/\/craftman.fi\/index.php?rest_route=\/wp\/v2\/pages\/1711\/revisions\/1953"}],"wp:featuredmedia":[{"embeddable":true,"href":"https:\/\/craftman.fi\/index.php?rest_route=\/wp\/v2\/media\/1450"}],"wp:attachment":[{"href":"https:\/\/craftman.fi\/index.php?rest_route=%2Fwp%2Fv2%2Fmedia&parent=1711"}],"curies":[{"name":"wp","href":"https:\/\/api.w.org\/{rel}","templated":true}]}}