{"id":1714,"date":"2019-06-18T15:34:48","date_gmt":"2019-06-18T12:34:48","guid":{"rendered":"https:\/\/craftman.fi\/?page_id=1714"},"modified":"2019-07-18T15:52:15","modified_gmt":"2019-07-18T12:52:15","slug":"inni-profesjonalisci","status":"publish","type":"page","link":"https:\/\/craftman.fi\/?page_id=1714&lang=pl","title":{"rendered":"INNI PROFESJONALI\u015aCI"},"content":{"rendered":"\n<h1 class=\"wp-block-heading\">INNI PROFESJONALI\u015aCI<\/h1>\n\n\n\n<p>\n\n\n\n\n\n\n\n\n\n\n\n\n\n\n\nDzi\u0119ki naszej efektywnej\norganizacji rekrutacji mo\u017cemy dostarcza\u0107 profesjonalnych pracownik\u00f3w, kt\u00f3rzy\nspe\u0142niaj\u0105 praktycznie wszelkie potrzeby budowlane i przemys\u0142owe. Daj nam zna\u0107,\njakich pracownik\u00f3w potrzebuje Twoja Firma, a my znajdziemy ich dla ciebie\nszybko i bez wysi\u0142ku.\n\n\n\n<\/p>\n","protected":false},"excerpt":{"rendered":"<p>INNI PROFESJONALI\u015aCI Dzi\u0119ki naszej efektywnej organizacji rekrutacji mo\u017cemy dostarcza\u0107 profesjonalnych pracownik\u00f3w, kt\u00f3rzy spe\u0142niaj\u0105 praktycznie wszelkie potrzeby budowlane i przemys\u0142owe. Daj [&hellip;]<\/p>\n","protected":false},"author":3,"featured_media":452,"parent":0,"menu_order":0,"comment_status":"closed","ping_status":"closed","template":"ammattilaiset-page.php","meta":{"_mi_skip_tracking":false,"_monsterinsights_sitenote_active":false,"_monsterinsights_sitenote_note":"","_monsterinsights_sitenote_category":0,"footnotes":""},"yoast_head":"<!-- This site is optimized with the Yoast SEO plugin v21.9.1 - https:\/\/yoast.com\/wordpress\/plugins\/seo\/ -->\n<title>Eri alojen ammattilaiset teollisuuden ja rakennusalan projekteihin | Craftman Oy<\/title>\n<meta name=\"description\" content=\"Craftmanilta l\u00f6yd\u00e4t usean eri alan taitavat ja koulutetut ty\u00f6ntekij\u00e4t yrityksesi tarpeisiin. Me kartoitamme tarpeesi, rekrytoimme ammattilaiset ja hoidamme k\u00e4yt\u00e4nn\u00f6n valmistelut. Sinun tarvitsee vain huolehtia urakastasi.\" \/>\n<meta name=\"robots\" content=\"index, follow, max-snippet:-1, max-image-preview:large, max-video-preview:-1\" \/>\n<link rel=\"canonical\" href=\"https:\/\/craftman.fi\/?page_id=1714&lang=pl\" \/>\n<meta property=\"og:locale\" content=\"fi_FI\" \/>\n<meta property=\"og:type\" content=\"article\" \/>\n<meta property=\"og:title\" content=\"Eri alojen ammattilaiset teollisuuden ja rakennusalan projekteihin | Craftman Oy\" \/>\n<meta property=\"og:description\" content=\"Craftmanilta l\u00f6yd\u00e4t usean eri alan taitavat ja koulutetut ty\u00f6ntekij\u00e4t yrityksesi tarpeisiin. Me kartoitamme tarpeesi, rekrytoimme ammattilaiset ja hoidamme k\u00e4yt\u00e4nn\u00f6n valmistelut. Sinun tarvitsee vain huolehtia urakastasi.\" \/>\n<meta property=\"og:url\" content=\"https:\/\/craftman.fi\/?page_id=1714&amp;lang=pl\" \/>\n<meta property=\"og:site_name\" content=\"Craftman Oy\" \/>\n<meta property=\"article:modified_time\" content=\"2019-07-18T12:52:15+00:00\" \/>\n<meta property=\"og:image\" content=\"https:\/\/craftman.fi\/wp-content\/uploads\/2018\/05\/Craftman_paakuva_muutammattilaiset.jpg\" \/>\n\t<meta property=\"og:image:width\" content=\"1900\" \/>\n\t<meta property=\"og:image:height\" content=\"700\" \/>\n\t<meta property=\"og:image:type\" content=\"image\/jpeg\" \/>\n<meta name=\"twitter:card\" content=\"summary_large_image\" \/>\n<script type=\"application\/ld+json\" class=\"yoast-schema-graph\">{\"@context\":\"https:\/\/schema.org\",\"@graph\":[{\"@type\":\"WebPage\",\"@id\":\"https:\/\/craftman.fi\/?page_id=1714&lang=pl\",\"url\":\"https:\/\/craftman.fi\/?page_id=1714&lang=pl\",\"name\":\"Eri alojen ammattilaiset teollisuuden ja rakennusalan projekteihin | Craftman Oy\",\"isPartOf\":{\"@id\":\"https:\/\/craftman.fi\/#website\"},\"datePublished\":\"2019-06-18T12:34:48+00:00\",\"dateModified\":\"2019-07-18T12:52:15+00:00\",\"description\":\"Craftmanilta l\u00f6yd\u00e4t usean eri alan taitavat ja koulutetut ty\u00f6ntekij\u00e4t yrityksesi tarpeisiin. Me kartoitamme tarpeesi, rekrytoimme ammattilaiset ja hoidamme k\u00e4yt\u00e4nn\u00f6n valmistelut. Sinun tarvitsee vain huolehtia urakastasi.\",\"breadcrumb\":{\"@id\":\"https:\/\/craftman.fi\/?page_id=1714&lang=pl#breadcrumb\"},\"inLanguage\":\"fi\",\"potentialAction\":[{\"@type\":\"ReadAction\",\"target\":[\"https:\/\/craftman.fi\/?page_id=1714&lang=pl\"]}]},{\"@type\":\"BreadcrumbList\",\"@id\":\"https:\/\/craftman.fi\/?page_id=1714&lang=pl#breadcrumb\",\"itemListElement\":[{\"@type\":\"ListItem\",\"position\":1,\"name\":\"Home\",\"item\":\"https:\/\/craftman.fi\/\"},{\"@type\":\"ListItem\",\"position\":2,\"name\":\"INNI PROFESJONALI\u015aCI\"}]},{\"@type\":\"WebSite\",\"@id\":\"https:\/\/craftman.fi\/#website\",\"url\":\"https:\/\/craftman.fi\/\",\"name\":\"Craftman Oy\",\"description\":\"\",\"potentialAction\":[{\"@type\":\"SearchAction\",\"target\":{\"@type\":\"EntryPoint\",\"urlTemplate\":\"https:\/\/craftman.fi\/?s={search_term_string}\"},\"query-input\":\"required name=search_term_string\"}],\"inLanguage\":\"fi\"}]}<\/script>\n<!-- \/ Yoast SEO plugin. -->","yoast_head_json":{"title":"Eri alojen ammattilaiset teollisuuden ja rakennusalan projekteihin | Craftman Oy","description":"Craftmanilta l\u00f6yd\u00e4t usean eri alan taitavat ja koulutetut ty\u00f6ntekij\u00e4t yrityksesi tarpeisiin. Me kartoitamme tarpeesi, rekrytoimme ammattilaiset ja hoidamme k\u00e4yt\u00e4nn\u00f6n valmistelut. Sinun tarvitsee vain huolehtia urakastasi.","robots":{"index":"index","follow":"follow","max-snippet":"max-snippet:-1","max-image-preview":"max-image-preview:large","max-video-preview":"max-video-preview:-1"},"canonical":"https:\/\/craftman.fi\/?page_id=1714&lang=pl","og_locale":"fi_FI","og_type":"article","og_title":"Eri alojen ammattilaiset teollisuuden ja rakennusalan projekteihin | Craftman Oy","og_description":"Craftmanilta l\u00f6yd\u00e4t usean eri alan taitavat ja koulutetut ty\u00f6ntekij\u00e4t yrityksesi tarpeisiin. Me kartoitamme tarpeesi, rekrytoimme ammattilaiset ja hoidamme k\u00e4yt\u00e4nn\u00f6n valmistelut. Sinun tarvitsee vain huolehtia urakastasi.","og_url":"https:\/\/craftman.fi\/?page_id=1714&lang=pl","og_site_name":"Craftman Oy","article_modified_time":"2019-07-18T12:52:15+00:00","og_image":[{"width":1900,"height":700,"url":"https:\/\/craftman.fi\/wp-content\/uploads\/2018\/05\/Craftman_paakuva_muutammattilaiset.jpg","type":"image\/jpeg"}],"twitter_card":"summary_large_image","schema":{"@context":"https:\/\/schema.org","@graph":[{"@type":"WebPage","@id":"https:\/\/craftman.fi\/?page_id=1714&lang=pl","url":"https:\/\/craftman.fi\/?page_id=1714&lang=pl","name":"Eri alojen ammattilaiset teollisuuden ja rakennusalan projekteihin | Craftman Oy","isPartOf":{"@id":"https:\/\/craftman.fi\/#website"},"datePublished":"2019-06-18T12:34:48+00:00","dateModified":"2019-07-18T12:52:15+00:00","description":"Craftmanilta l\u00f6yd\u00e4t usean eri alan taitavat ja koulutetut ty\u00f6ntekij\u00e4t yrityksesi tarpeisiin. Me kartoitamme tarpeesi, rekrytoimme ammattilaiset ja hoidamme k\u00e4yt\u00e4nn\u00f6n valmistelut. Sinun tarvitsee vain huolehtia urakastasi.","breadcrumb":{"@id":"https:\/\/craftman.fi\/?page_id=1714&lang=pl#breadcrumb"},"inLanguage":"fi","potentialAction":[{"@type":"ReadAction","target":["https:\/\/craftman.fi\/?page_id=1714&lang=pl"]}]},{"@type":"BreadcrumbList","@id":"https:\/\/craftman.fi\/?page_id=1714&lang=pl#breadcrumb","itemListElement":[{"@type":"ListItem","position":1,"name":"Home","item":"https:\/\/craftman.fi\/"},{"@type":"ListItem","position":2,"name":"INNI PROFESJONALI\u015aCI"}]},{"@type":"WebSite","@id":"https:\/\/craftman.fi\/#website","url":"https:\/\/craftman.fi\/","name":"Craftman Oy","description":"","potentialAction":[{"@type":"SearchAction","target":{"@type":"EntryPoint","urlTemplate":"https:\/\/craftman.fi\/?s={search_term_string}"},"query-input":"required name=search_term_string"}],"inLanguage":"fi"}]}},"_links":{"self":[{"href":"https:\/\/craftman.fi\/index.php?rest_route=\/wp\/v2\/pages\/1714"}],"collection":[{"href":"https:\/\/craftman.fi\/index.php?rest_route=\/wp\/v2\/pages"}],"about":[{"href":"https:\/\/craftman.fi\/index.php?rest_route=\/wp\/v2\/types\/page"}],"author":[{"embeddable":true,"href":"https:\/\/craftman.fi\/index.php?rest_route=\/wp\/v2\/users\/3"}],"replies":[{"embeddable":true,"href":"https:\/\/craftman.fi\/index.php?rest_route=%2Fwp%2Fv2%2Fcomments&post=1714"}],"version-history":[{"count":7,"href":"https:\/\/craftman.fi\/index.php?rest_route=\/wp\/v2\/pages\/1714\/revisions"}],"predecessor-version":[{"id":1949,"href":"https:\/\/craftman.fi\/index.php?rest_route=\/wp\/v2\/pages\/1714\/revisions\/1949"}],"wp:featuredmedia":[{"embeddable":true,"href":"https:\/\/craftman.fi\/index.php?rest_route=\/wp\/v2\/media\/452"}],"wp:attachment":[{"href":"https:\/\/craftman.fi\/index.php?rest_route=%2Fwp%2Fv2%2Fmedia&parent=1714"}],"curies":[{"name":"wp","href":"https:\/\/api.w.org\/{rel}","templated":true}]}}