{"id":1717,"date":"2019-06-18T15:42:38","date_gmt":"2019-06-18T12:42:38","guid":{"rendered":"https:\/\/craftman.fi\/?page_id=1717"},"modified":"2019-07-22T13:52:11","modified_gmt":"2019-07-22T10:52:11","slug":"strona-tytulowa","status":"publish","type":"page","link":"https:\/\/craftman.fi\/?lang=pl","title":{"rendered":"Home"},"content":{"rendered":"","protected":false},"excerpt":{"rendered":"","protected":false},"author":3,"featured_media":873,"parent":0,"menu_order":0,"comment_status":"closed","ping_status":"closed","template":"front-page.php","meta":{"_mi_skip_tracking":false,"_monsterinsights_sitenote_active":false,"_monsterinsights_sitenote_note":"","_monsterinsights_sitenote_category":0,"footnotes":""},"yoast_head":"<!-- This site is optimized with the Yoast SEO plugin v21.9.1 - https:\/\/yoast.com\/wordpress\/plugins\/seo\/ -->\n<title>Ulkoista urakkaporukoittesi py\u00f6ritys meille | Craftman | Lue lis\u00e4\u00e4!<\/title>\n<meta name=\"description\" content=\"Craftman rekrytoi ammattitaitoiset ty\u00f6ntekij\u00e4t nopeasti, helposti ja riskitt\u00f6m\u00e4sti yrityksesi tarpeisiin. Ty\u00f6ntekij\u00e4verkostomme on laaja, joten l\u00f6yd\u00e4t meilt\u00e4 tarpeisiisi sopivat ty\u00f6ntekij\u00e4t vaivattomasti.\" \/>\n<meta name=\"robots\" content=\"index, follow, max-snippet:-1, max-image-preview:large, max-video-preview:-1\" \/>\n<link rel=\"canonical\" href=\"https:\/\/craftman.fi\/?lang=pl\" \/>\n<meta property=\"og:locale\" content=\"fi_FI\" \/>\n<meta property=\"og:type\" content=\"article\" \/>\n<meta property=\"og:title\" content=\"Ulkoista urakkaporukoittesi py\u00f6ritys meille | Craftman | Lue lis\u00e4\u00e4!\" \/>\n<meta property=\"og:description\" content=\"Craftman rekrytoi ammattitaitoiset ty\u00f6ntekij\u00e4t nopeasti, helposti ja riskitt\u00f6m\u00e4sti yrityksesi tarpeisiin. Ty\u00f6ntekij\u00e4verkostomme on laaja, joten l\u00f6yd\u00e4t meilt\u00e4 tarpeisiisi sopivat ty\u00f6ntekij\u00e4t vaivattomasti.\" \/>\n<meta property=\"og:url\" content=\"https:\/\/craftman.fi\/?lang=pl\" \/>\n<meta property=\"og:site_name\" content=\"Craftman Oy\" \/>\n<meta property=\"article:modified_time\" content=\"2019-07-22T10:52:11+00:00\" \/>\n<meta property=\"og:image\" content=\"https:\/\/craftman.fi\/wp-content\/uploads\/2018\/07\/craftman_tehdas.jpg\" \/>\n\t<meta property=\"og:image:width\" content=\"3456\" \/>\n\t<meta property=\"og:image:height\" content=\"2037\" \/>\n\t<meta property=\"og:image:type\" content=\"image\/jpeg\" \/>\n<meta name=\"twitter:card\" content=\"summary_large_image\" \/>\n<script type=\"application\/ld+json\" class=\"yoast-schema-graph\">{\"@context\":\"https:\/\/schema.org\",\"@graph\":[{\"@type\":\"WebPage\",\"@id\":\"https:\/\/craftman.fi\/?lang=pl\",\"url\":\"https:\/\/craftman.fi\/?lang=pl\",\"name\":\"Ulkoista urakkaporukoittesi py\u00f6ritys meille | Craftman | Lue lis\u00e4\u00e4!\",\"isPartOf\":{\"@id\":\"https:\/\/craftman.fi\/#website\"},\"datePublished\":\"2019-06-18T12:42:38+00:00\",\"dateModified\":\"2019-07-22T10:52:11+00:00\",\"description\":\"Craftman rekrytoi ammattitaitoiset ty\u00f6ntekij\u00e4t nopeasti, helposti ja riskitt\u00f6m\u00e4sti yrityksesi tarpeisiin. Ty\u00f6ntekij\u00e4verkostomme on laaja, joten l\u00f6yd\u00e4t meilt\u00e4 tarpeisiisi sopivat ty\u00f6ntekij\u00e4t vaivattomasti.\",\"breadcrumb\":{\"@id\":\"https:\/\/craftman.fi\/?lang=pl#breadcrumb\"},\"inLanguage\":\"fi\",\"potentialAction\":[{\"@type\":\"ReadAction\",\"target\":[\"https:\/\/craftman.fi\/?lang=pl\"]}]},{\"@type\":\"BreadcrumbList\",\"@id\":\"https:\/\/craftman.fi\/?lang=pl#breadcrumb\",\"itemListElement\":[{\"@type\":\"ListItem\",\"position\":1,\"name\":\"Home\",\"item\":\"https:\/\/craftman.fi\/\"},{\"@type\":\"ListItem\",\"position\":2,\"name\":\"Home\"}]},{\"@type\":\"WebSite\",\"@id\":\"https:\/\/craftman.fi\/#website\",\"url\":\"https:\/\/craftman.fi\/\",\"name\":\"Craftman Oy\",\"description\":\"\",\"potentialAction\":[{\"@type\":\"SearchAction\",\"target\":{\"@type\":\"EntryPoint\",\"urlTemplate\":\"https:\/\/craftman.fi\/?s={search_term_string}\"},\"query-input\":\"required name=search_term_string\"}],\"inLanguage\":\"fi\"}]}<\/script>\n<!-- \/ Yoast SEO plugin. -->","yoast_head_json":{"title":"Ulkoista urakkaporukoittesi py\u00f6ritys meille | Craftman | Lue lis\u00e4\u00e4!","description":"Craftman rekrytoi ammattitaitoiset ty\u00f6ntekij\u00e4t nopeasti, helposti ja riskitt\u00f6m\u00e4sti yrityksesi tarpeisiin. Ty\u00f6ntekij\u00e4verkostomme on laaja, joten l\u00f6yd\u00e4t meilt\u00e4 tarpeisiisi sopivat ty\u00f6ntekij\u00e4t vaivattomasti.","robots":{"index":"index","follow":"follow","max-snippet":"max-snippet:-1","max-image-preview":"max-image-preview:large","max-video-preview":"max-video-preview:-1"},"canonical":"https:\/\/craftman.fi\/?lang=pl","og_locale":"fi_FI","og_type":"article","og_title":"Ulkoista urakkaporukoittesi py\u00f6ritys meille | Craftman | Lue lis\u00e4\u00e4!","og_description":"Craftman rekrytoi ammattitaitoiset ty\u00f6ntekij\u00e4t nopeasti, helposti ja riskitt\u00f6m\u00e4sti yrityksesi tarpeisiin. Ty\u00f6ntekij\u00e4verkostomme on laaja, joten l\u00f6yd\u00e4t meilt\u00e4 tarpeisiisi sopivat ty\u00f6ntekij\u00e4t vaivattomasti.","og_url":"https:\/\/craftman.fi\/?lang=pl","og_site_name":"Craftman Oy","article_modified_time":"2019-07-22T10:52:11+00:00","og_image":[{"width":3456,"height":2037,"url":"https:\/\/craftman.fi\/wp-content\/uploads\/2018\/07\/craftman_tehdas.jpg","type":"image\/jpeg"}],"twitter_card":"summary_large_image","schema":{"@context":"https:\/\/schema.org","@graph":[{"@type":"WebPage","@id":"https:\/\/craftman.fi\/?lang=pl","url":"https:\/\/craftman.fi\/?lang=pl","name":"Ulkoista urakkaporukoittesi py\u00f6ritys meille | Craftman | Lue lis\u00e4\u00e4!","isPartOf":{"@id":"https:\/\/craftman.fi\/#website"},"datePublished":"2019-06-18T12:42:38+00:00","dateModified":"2019-07-22T10:52:11+00:00","description":"Craftman rekrytoi ammattitaitoiset ty\u00f6ntekij\u00e4t nopeasti, helposti ja riskitt\u00f6m\u00e4sti yrityksesi tarpeisiin. Ty\u00f6ntekij\u00e4verkostomme on laaja, joten l\u00f6yd\u00e4t meilt\u00e4 tarpeisiisi sopivat ty\u00f6ntekij\u00e4t vaivattomasti.","breadcrumb":{"@id":"https:\/\/craftman.fi\/?lang=pl#breadcrumb"},"inLanguage":"fi","potentialAction":[{"@type":"ReadAction","target":["https:\/\/craftman.fi\/?lang=pl"]}]},{"@type":"BreadcrumbList","@id":"https:\/\/craftman.fi\/?lang=pl#breadcrumb","itemListElement":[{"@type":"ListItem","position":1,"name":"Home","item":"https:\/\/craftman.fi\/"},{"@type":"ListItem","position":2,"name":"Home"}]},{"@type":"WebSite","@id":"https:\/\/craftman.fi\/#website","url":"https:\/\/craftman.fi\/","name":"Craftman Oy","description":"","potentialAction":[{"@type":"SearchAction","target":{"@type":"EntryPoint","urlTemplate":"https:\/\/craftman.fi\/?s={search_term_string}"},"query-input":"required name=search_term_string"}],"inLanguage":"fi"}]}},"_links":{"self":[{"href":"https:\/\/craftman.fi\/index.php?rest_route=\/wp\/v2\/pages\/1717"}],"collection":[{"href":"https:\/\/craftman.fi\/index.php?rest_route=\/wp\/v2\/pages"}],"about":[{"href":"https:\/\/craftman.fi\/index.php?rest_route=\/wp\/v2\/types\/page"}],"author":[{"embeddable":true,"href":"https:\/\/craftman.fi\/index.php?rest_route=\/wp\/v2\/users\/3"}],"replies":[{"embeddable":true,"href":"https:\/\/craftman.fi\/index.php?rest_route=%2Fwp%2Fv2%2Fcomments&post=1717"}],"version-history":[{"count":46,"href":"https:\/\/craftman.fi\/index.php?rest_route=\/wp\/v2\/pages\/1717\/revisions"}],"predecessor-version":[{"id":2012,"href":"https:\/\/craftman.fi\/index.php?rest_route=\/wp\/v2\/pages\/1717\/revisions\/2012"}],"wp:featuredmedia":[{"embeddable":true,"href":"https:\/\/craftman.fi\/index.php?rest_route=\/wp\/v2\/media\/873"}],"wp:attachment":[{"href":"https:\/\/craftman.fi\/index.php?rest_route=%2Fwp%2Fv2%2Fmedia&parent=1717"}],"curies":[{"name":"wp","href":"https:\/\/api.w.org\/{rel}","templated":true}]}}