{"id":18,"date":"2018-05-02T10:46:57","date_gmt":"2018-05-02T07:46:57","guid":{"rendered":"http:\/\/atk\/craftman.fi_wp\/?page_id=18"},"modified":"2019-05-23T09:38:20","modified_gmt":"2019-05-23T06:38:20","slug":"projektikumppanuus","status":"publish","type":"page","link":"https:\/\/craftman.fi\/?page_id=18","title":{"rendered":"Projektikumppanuus"},"content":{"rendered":"\n<h1 class=\"wp-block-heading\" style=\"text-align:center\">Projektikumppanuus<\/h1>\n\n\n\n<p>Projektikumppanuus-palvelukonseptissamme yhteisty\u00f6 asiakkaan kanssa alkaa jo kohteen tarjous- ja suunnitteluvaiheessa. Olemme luotettava ja joustava kumppani vaativienkin projektien henkil\u00f6st\u00f6resursoinnissa ja vastaamme ripe\u00e4sti ty\u00f6ntekij\u00e4m\u00e4\u00e4rien \u00e4kkin\u00e4isiin muutoksiin. Asiakkaamme voi luottaa ammattitaitoomme ty\u00f6voiman hankkimisessa ja edet\u00e4 rohkeasti kohti uusia projekteja, ilman huolta ty\u00f6voimapulasta. <\/p>\n\n\n\n<p>Kerro meille millaisiin ty\u00f6teht\u00e4viin yrityksesi tarvitsee ty\u00f6ntekij\u00f6it\u00e4. Autamme l\u00f6yt\u00e4m\u00e4\u00e4n sopivat ammattilaiset nopeasti ja helposti, sill\u00e4 satoja ty\u00f6ntekij\u00f6it\u00e4 kattavasta henkil\u00f6st\u00f6reservist\u00e4mme l\u00f6ytyy osaavia\u00a0<\/p>\n\n\n\n<ul><li><a rel=\"noreferrer noopener\" href=\"https:\/\/craftman.fi\/ammattilaiset\/teollisuuseristajat\/\" target=\"_blank\">teollisuuserist\u00e4ji\u00e4<\/a><\/li><li><a rel=\"noreferrer noopener\" href=\"https:\/\/craftman.fi\/ammattilaiset\/peltisepat\/\" target=\"_blank\">peltiseppi\u00e4<\/a><\/li><li><a rel=\"noreferrer noopener\" href=\"https:\/\/craftman.fi\/ammattilaiset\/telineasentajat\/\" target=\"_blank\">telineasentajia<\/a><\/li><li><a rel=\"noreferrer noopener\" href=\"https:\/\/craftman.fi\/ammattilaiset\/hitsaajat\/\" target=\"_blank\">hitsaajia<\/a>\u00a0sek\u00e4\u00a0<\/li><li><a rel=\"noreferrer noopener\" href=\"https:\/\/craftman.fi\/ammattilaiset\/laite-ja-putkiasentajat\/\" target=\"_blank\">laite- ja putkiasentajia<\/a>.<\/li><\/ul>\n\n\n\n<p><\/p>\n","protected":false},"excerpt":{"rendered":"<p>Projektikumppanuus Projektikumppanuus-palvelukonseptissamme yhteisty\u00f6 asiakkaan kanssa alkaa jo kohteen tarjous- ja suunnitteluvaiheessa. Olemme luotettava ja joustava kumppani vaativienkin projektien henkil\u00f6st\u00f6resursoinnissa ja [&hellip;]<\/p>\n","protected":false},"author":1,"featured_media":457,"parent":16,"menu_order":1,"comment_status":"closed","ping_status":"closed","template":"workers-page.php","meta":{"_mi_skip_tracking":false,"_monsterinsights_sitenote_active":false,"_monsterinsights_sitenote_note":"","_monsterinsights_sitenote_category":0,"footnotes":""},"yoast_head":"<!-- This site is optimized with the Yoast SEO plugin v21.9.1 - https:\/\/yoast.com\/wordpress\/plugins\/seo\/ -->\n<title>Luotettava ja joustava projektikumppani vaativiinkin urakoihisi | Craftman<\/title>\n<meta name=\"description\" content=\"Hankimme tarvittavan m\u00e4\u00e4r\u00e4n ty\u00f6ntekij\u00f6it\u00e4 projektisi tarpeisiin lyhyell\u00e4kin varoitusajalla. Ty\u00f6ntekij\u00e4t ovat sovittuun aikaan oikeassa paikassa valmiina t\u00f6ihin.\" \/>\n<meta name=\"robots\" content=\"index, follow, max-snippet:-1, max-image-preview:large, max-video-preview:-1\" \/>\n<link rel=\"canonical\" href=\"https:\/\/craftman.fi\/?page_id=18\" \/>\n<meta property=\"og:locale\" content=\"fi_FI\" \/>\n<meta property=\"og:type\" content=\"article\" \/>\n<meta property=\"og:title\" content=\"Luotettava ja joustava projektikumppani vaativiinkin urakoihisi | Craftman\" \/>\n<meta property=\"og:description\" content=\"Hankimme tarvittavan m\u00e4\u00e4r\u00e4n ty\u00f6ntekij\u00f6it\u00e4 projektisi tarpeisiin lyhyell\u00e4kin varoitusajalla. Ty\u00f6ntekij\u00e4t ovat sovittuun aikaan oikeassa paikassa valmiina t\u00f6ihin.\" \/>\n<meta property=\"og:url\" content=\"https:\/\/craftman.fi\/?page_id=18\" \/>\n<meta property=\"og:site_name\" content=\"Craftman Oy\" \/>\n<meta property=\"article:modified_time\" content=\"2019-05-23T06:38:20+00:00\" \/>\n<meta property=\"og:image\" content=\"https:\/\/craftman.fi\/wp-content\/uploads\/2018\/05\/Craftman_paakuvat_tyontekijoita.jpg\" \/>\n\t<meta property=\"og:image:width\" content=\"1900\" \/>\n\t<meta property=\"og:image:height\" content=\"700\" \/>\n\t<meta property=\"og:image:type\" content=\"image\/jpeg\" \/>\n<meta name=\"twitter:card\" content=\"summary_large_image\" \/>\n<script type=\"application\/ld+json\" class=\"yoast-schema-graph\">{\"@context\":\"https:\/\/schema.org\",\"@graph\":[{\"@type\":\"WebPage\",\"@id\":\"https:\/\/craftman.fi\/?page_id=18\",\"url\":\"https:\/\/craftman.fi\/?page_id=18\",\"name\":\"Luotettava ja joustava projektikumppani vaativiinkin urakoihisi | Craftman\",\"isPartOf\":{\"@id\":\"https:\/\/craftman.fi\/#website\"},\"datePublished\":\"2018-05-02T07:46:57+00:00\",\"dateModified\":\"2019-05-23T06:38:20+00:00\",\"description\":\"Hankimme tarvittavan m\u00e4\u00e4r\u00e4n ty\u00f6ntekij\u00f6it\u00e4 projektisi tarpeisiin lyhyell\u00e4kin varoitusajalla. Ty\u00f6ntekij\u00e4t ovat sovittuun aikaan oikeassa paikassa valmiina t\u00f6ihin.\",\"breadcrumb\":{\"@id\":\"https:\/\/craftman.fi\/?page_id=18#breadcrumb\"},\"inLanguage\":\"fi\",\"potentialAction\":[{\"@type\":\"ReadAction\",\"target\":[\"https:\/\/craftman.fi\/?page_id=18\"]}]},{\"@type\":\"BreadcrumbList\",\"@id\":\"https:\/\/craftman.fi\/?page_id=18#breadcrumb\",\"itemListElement\":[{\"@type\":\"ListItem\",\"position\":1,\"name\":\"Home\",\"item\":\"https:\/\/craftman.fi\/\"},{\"@type\":\"ListItem\",\"position\":2,\"name\":\"Ty\u00f6ntekij\u00f6it\u00e4\",\"item\":\"https:\/\/craftman.fi\/?page_id=16\"},{\"@type\":\"ListItem\",\"position\":3,\"name\":\"Projektikumppanuus\"}]},{\"@type\":\"WebSite\",\"@id\":\"https:\/\/craftman.fi\/#website\",\"url\":\"https:\/\/craftman.fi\/\",\"name\":\"Craftman Oy\",\"description\":\"\",\"potentialAction\":[{\"@type\":\"SearchAction\",\"target\":{\"@type\":\"EntryPoint\",\"urlTemplate\":\"https:\/\/craftman.fi\/?s={search_term_string}\"},\"query-input\":\"required name=search_term_string\"}],\"inLanguage\":\"fi\"}]}<\/script>\n<!-- \/ Yoast SEO plugin. -->","yoast_head_json":{"title":"Luotettava ja joustava projektikumppani vaativiinkin urakoihisi | Craftman","description":"Hankimme tarvittavan m\u00e4\u00e4r\u00e4n ty\u00f6ntekij\u00f6it\u00e4 projektisi tarpeisiin lyhyell\u00e4kin varoitusajalla. Ty\u00f6ntekij\u00e4t ovat sovittuun aikaan oikeassa paikassa valmiina t\u00f6ihin.","robots":{"index":"index","follow":"follow","max-snippet":"max-snippet:-1","max-image-preview":"max-image-preview:large","max-video-preview":"max-video-preview:-1"},"canonical":"https:\/\/craftman.fi\/?page_id=18","og_locale":"fi_FI","og_type":"article","og_title":"Luotettava ja joustava projektikumppani vaativiinkin urakoihisi | Craftman","og_description":"Hankimme tarvittavan m\u00e4\u00e4r\u00e4n ty\u00f6ntekij\u00f6it\u00e4 projektisi tarpeisiin lyhyell\u00e4kin varoitusajalla. Ty\u00f6ntekij\u00e4t ovat sovittuun aikaan oikeassa paikassa valmiina t\u00f6ihin.","og_url":"https:\/\/craftman.fi\/?page_id=18","og_site_name":"Craftman Oy","article_modified_time":"2019-05-23T06:38:20+00:00","og_image":[{"width":1900,"height":700,"url":"https:\/\/craftman.fi\/wp-content\/uploads\/2018\/05\/Craftman_paakuvat_tyontekijoita.jpg","type":"image\/jpeg"}],"twitter_card":"summary_large_image","schema":{"@context":"https:\/\/schema.org","@graph":[{"@type":"WebPage","@id":"https:\/\/craftman.fi\/?page_id=18","url":"https:\/\/craftman.fi\/?page_id=18","name":"Luotettava ja joustava projektikumppani vaativiinkin urakoihisi | Craftman","isPartOf":{"@id":"https:\/\/craftman.fi\/#website"},"datePublished":"2018-05-02T07:46:57+00:00","dateModified":"2019-05-23T06:38:20+00:00","description":"Hankimme tarvittavan m\u00e4\u00e4r\u00e4n ty\u00f6ntekij\u00f6it\u00e4 projektisi tarpeisiin lyhyell\u00e4kin varoitusajalla. Ty\u00f6ntekij\u00e4t ovat sovittuun aikaan oikeassa paikassa valmiina t\u00f6ihin.","breadcrumb":{"@id":"https:\/\/craftman.fi\/?page_id=18#breadcrumb"},"inLanguage":"fi","potentialAction":[{"@type":"ReadAction","target":["https:\/\/craftman.fi\/?page_id=18"]}]},{"@type":"BreadcrumbList","@id":"https:\/\/craftman.fi\/?page_id=18#breadcrumb","itemListElement":[{"@type":"ListItem","position":1,"name":"Home","item":"https:\/\/craftman.fi\/"},{"@type":"ListItem","position":2,"name":"Ty\u00f6ntekij\u00f6it\u00e4","item":"https:\/\/craftman.fi\/?page_id=16"},{"@type":"ListItem","position":3,"name":"Projektikumppanuus"}]},{"@type":"WebSite","@id":"https:\/\/craftman.fi\/#website","url":"https:\/\/craftman.fi\/","name":"Craftman Oy","description":"","potentialAction":[{"@type":"SearchAction","target":{"@type":"EntryPoint","urlTemplate":"https:\/\/craftman.fi\/?s={search_term_string}"},"query-input":"required name=search_term_string"}],"inLanguage":"fi"}]}},"_links":{"self":[{"href":"https:\/\/craftman.fi\/index.php?rest_route=\/wp\/v2\/pages\/18"}],"collection":[{"href":"https:\/\/craftman.fi\/index.php?rest_route=\/wp\/v2\/pages"}],"about":[{"href":"https:\/\/craftman.fi\/index.php?rest_route=\/wp\/v2\/types\/page"}],"author":[{"embeddable":true,"href":"https:\/\/craftman.fi\/index.php?rest_route=\/wp\/v2\/users\/1"}],"replies":[{"embeddable":true,"href":"https:\/\/craftman.fi\/index.php?rest_route=%2Fwp%2Fv2%2Fcomments&post=18"}],"version-history":[{"count":30,"href":"https:\/\/craftman.fi\/index.php?rest_route=\/wp\/v2\/pages\/18\/revisions"}],"predecessor-version":[{"id":1655,"href":"https:\/\/craftman.fi\/index.php?rest_route=\/wp\/v2\/pages\/18\/revisions\/1655"}],"up":[{"embeddable":true,"href":"https:\/\/craftman.fi\/index.php?rest_route=\/wp\/v2\/pages\/16"}],"wp:featuredmedia":[{"embeddable":true,"href":"https:\/\/craftman.fi\/index.php?rest_route=\/wp\/v2\/media\/457"}],"wp:attachment":[{"href":"https:\/\/craftman.fi\/index.php?rest_route=%2Fwp%2Fv2%2Fmedia&parent=18"}],"curies":[{"name":"wp","href":"https:\/\/api.w.org\/{rel}","templated":true}]}}