{"id":20,"date":"2018-05-02T10:47:26","date_gmt":"2018-05-02T07:47:26","guid":{"rendered":"http:\/\/atk\/craftman.fi_wp\/?page_id=20"},"modified":"2019-05-23T09:35:00","modified_gmt":"2019-05-23T06:35:00","slug":"henkilostovuokraus","status":"publish","type":"page","link":"https:\/\/craftman.fi\/?page_id=20","title":{"rendered":"Henkil\u00f6st\u00f6vuokraus"},"content":{"rendered":"\n<h1 class=\"wp-block-heading\" style=\"text-align:center\">Henkil\u00f6st\u00f6vuokraus<\/h1>\n\n\n\n<p>Meilt\u00e4 l\u00f6yd\u00e4t usean eri alan ty\u00f6ntekij\u00e4t niin lyhyisiin kuin pidempiaikaisiinkin tarpeisiin. Vahvuutemme ovat ty\u00f6ntekij\u00f6iden saatavuus ja nopeat toimitukset lyhyell\u00e4kin varoitusajalla maailman ymp\u00e4ri. Henkil\u00f6st\u00f6vuokrauspalvelumme sis\u00e4lt\u00e4\u00e4 aina t\u00e4yden kokonaisuuden. J\u00e4rjest\u00e4mme ty\u00f6ntekij\u00f6iden kuljetukset kohteeseen, majoituksen, matkustamisen ty\u00f6maan ja majoituksen v\u00e4lill\u00e4 sek\u00e4 ty\u00f6n vaatimat laadukkaat k\u00e4sity\u00f6kalut ja ty\u00f6vaatteet. Huolehdimme my\u00f6s ty\u00f6ntekij\u00f6iden ty\u00f6terveys- ja sairaanhoitopalveluiden j\u00e4rjest\u00e4misest\u00e4 sek\u00e4 kaikista kohdemaan edellytt\u00e4mist\u00e4 laeista ja toimittajan velvoitteista. Laaja henkil\u00f6st\u00f6reservimme kattaa <a href=\"https:\/\/craftman.fi\/ammattilaiset\/teollisuuseristajat\/\" target=\"_blank\" rel=\"noreferrer noopener\">teollisuuserist\u00e4ji\u00e4<\/a>, <a href=\"https:\/\/craftman.fi\/ammattilaiset\/peltisepat\/\" target=\"_blank\" rel=\"noreferrer noopener\">peltiseppi\u00e4<\/a>, <a href=\"https:\/\/craftman.fi\/ammattilaiset\/telineasentajat\/\" target=\"_blank\" rel=\"noreferrer noopener\">telineasentajia<\/a>, <a href=\"https:\/\/craftman.fi\/ammattilaiset\/hitsaajat\/\" target=\"_blank\" rel=\"noreferrer noopener\">hitsaajia<\/a> sek\u00e4 <a href=\"https:\/\/craftman.fi\/ammattilaiset\/laite-ja-putkiasentajat\/\" target=\"_blank\" rel=\"noreferrer noopener\">laite- ja putkiasentajia<\/a>. Kerro meille millaisiin teht\u00e4viin yrityksesi etsii ty\u00f6ntekij\u00f6it\u00e4 &#8211; me autamme l\u00f6yt\u00e4m\u00e4\u00e4n sopivat ammattilaiset helposti ja nopeasti.<\/p>\n","protected":false},"excerpt":{"rendered":"<p>Henkil\u00f6st\u00f6vuokraus Meilt\u00e4 l\u00f6yd\u00e4t usean eri alan ty\u00f6ntekij\u00e4t niin lyhyisiin kuin pidempiaikaisiinkin tarpeisiin. Vahvuutemme ovat ty\u00f6ntekij\u00f6iden saatavuus ja nopeat toimitukset lyhyell\u00e4kin [&hellip;]<\/p>\n","protected":false},"author":1,"featured_media":453,"parent":16,"menu_order":2,"comment_status":"closed","ping_status":"closed","template":"workers-page.php","meta":{"_mi_skip_tracking":false,"_monsterinsights_sitenote_active":false,"_monsterinsights_sitenote_note":"","_monsterinsights_sitenote_category":0,"footnotes":""},"yoast_head":"<!-- This site is optimized with the Yoast SEO plugin v21.9.1 - https:\/\/yoast.com\/wordpress\/plugins\/seo\/ -->\n<title>Henkil\u00f6st\u00f6vuokrausta vahvalla toimialaosaamisella | Craftman Oy<\/title>\n<meta name=\"description\" content=\"Henkil\u00f6st\u00f6vuokraus nopeasti ja vaivattomasti \u2013 huolehdimme ty\u00f6ntekij\u00f6idemme ty\u00f6varusteista, ammattiluvista ja ty\u00f6matkoista. Tutustu ja ota yhteytt\u00e4!\" \/>\n<meta name=\"robots\" content=\"index, follow, max-snippet:-1, max-image-preview:large, max-video-preview:-1\" \/>\n<link rel=\"canonical\" href=\"https:\/\/craftman.fi\/?page_id=20\" \/>\n<meta property=\"og:locale\" content=\"fi_FI\" \/>\n<meta property=\"og:type\" content=\"article\" \/>\n<meta property=\"og:title\" content=\"Henkil\u00f6st\u00f6vuokrausta vahvalla toimialaosaamisella | Craftman Oy\" \/>\n<meta property=\"og:description\" content=\"Henkil\u00f6st\u00f6vuokraus nopeasti ja vaivattomasti \u2013 huolehdimme ty\u00f6ntekij\u00f6idemme ty\u00f6varusteista, ammattiluvista ja ty\u00f6matkoista. Tutustu ja ota yhteytt\u00e4!\" \/>\n<meta property=\"og:url\" content=\"https:\/\/craftman.fi\/?page_id=20\" \/>\n<meta property=\"og:site_name\" content=\"Craftman Oy\" \/>\n<meta property=\"article:modified_time\" content=\"2019-05-23T06:35:00+00:00\" \/>\n<meta property=\"og:image\" content=\"https:\/\/craftman.fi\/wp-content\/uploads\/2018\/05\/Craftman_paakuvat_henkilostovuokraus.jpg\" \/>\n\t<meta property=\"og:image:width\" content=\"1900\" \/>\n\t<meta property=\"og:image:height\" content=\"700\" \/>\n\t<meta property=\"og:image:type\" content=\"image\/jpeg\" \/>\n<meta name=\"twitter:card\" content=\"summary_large_image\" \/>\n<meta name=\"twitter:label1\" content=\"Arvioitu lukuaika\" \/>\n\t<meta name=\"twitter:data1\" content=\"1 minuutti\" \/>\n<script type=\"application\/ld+json\" class=\"yoast-schema-graph\">{\"@context\":\"https:\/\/schema.org\",\"@graph\":[{\"@type\":\"WebPage\",\"@id\":\"https:\/\/craftman.fi\/?page_id=20\",\"url\":\"https:\/\/craftman.fi\/?page_id=20\",\"name\":\"Henkil\u00f6st\u00f6vuokrausta vahvalla toimialaosaamisella | Craftman Oy\",\"isPartOf\":{\"@id\":\"https:\/\/craftman.fi\/#website\"},\"datePublished\":\"2018-05-02T07:47:26+00:00\",\"dateModified\":\"2019-05-23T06:35:00+00:00\",\"description\":\"Henkil\u00f6st\u00f6vuokraus nopeasti ja vaivattomasti \u2013 huolehdimme ty\u00f6ntekij\u00f6idemme ty\u00f6varusteista, ammattiluvista ja ty\u00f6matkoista. Tutustu ja ota yhteytt\u00e4!\",\"breadcrumb\":{\"@id\":\"https:\/\/craftman.fi\/?page_id=20#breadcrumb\"},\"inLanguage\":\"fi\",\"potentialAction\":[{\"@type\":\"ReadAction\",\"target\":[\"https:\/\/craftman.fi\/?page_id=20\"]}]},{\"@type\":\"BreadcrumbList\",\"@id\":\"https:\/\/craftman.fi\/?page_id=20#breadcrumb\",\"itemListElement\":[{\"@type\":\"ListItem\",\"position\":1,\"name\":\"Home\",\"item\":\"https:\/\/craftman.fi\/\"},{\"@type\":\"ListItem\",\"position\":2,\"name\":\"Ty\u00f6ntekij\u00f6it\u00e4\",\"item\":\"https:\/\/craftman.fi\/?page_id=16\"},{\"@type\":\"ListItem\",\"position\":3,\"name\":\"Henkil\u00f6st\u00f6vuokraus\"}]},{\"@type\":\"WebSite\",\"@id\":\"https:\/\/craftman.fi\/#website\",\"url\":\"https:\/\/craftman.fi\/\",\"name\":\"Craftman Oy\",\"description\":\"\",\"potentialAction\":[{\"@type\":\"SearchAction\",\"target\":{\"@type\":\"EntryPoint\",\"urlTemplate\":\"https:\/\/craftman.fi\/?s={search_term_string}\"},\"query-input\":\"required name=search_term_string\"}],\"inLanguage\":\"fi\"}]}<\/script>\n<!-- \/ Yoast SEO plugin. -->","yoast_head_json":{"title":"Henkil\u00f6st\u00f6vuokrausta vahvalla toimialaosaamisella | Craftman Oy","description":"Henkil\u00f6st\u00f6vuokraus nopeasti ja vaivattomasti \u2013 huolehdimme ty\u00f6ntekij\u00f6idemme ty\u00f6varusteista, ammattiluvista ja ty\u00f6matkoista. Tutustu ja ota yhteytt\u00e4!","robots":{"index":"index","follow":"follow","max-snippet":"max-snippet:-1","max-image-preview":"max-image-preview:large","max-video-preview":"max-video-preview:-1"},"canonical":"https:\/\/craftman.fi\/?page_id=20","og_locale":"fi_FI","og_type":"article","og_title":"Henkil\u00f6st\u00f6vuokrausta vahvalla toimialaosaamisella | Craftman Oy","og_description":"Henkil\u00f6st\u00f6vuokraus nopeasti ja vaivattomasti \u2013 huolehdimme ty\u00f6ntekij\u00f6idemme ty\u00f6varusteista, ammattiluvista ja ty\u00f6matkoista. Tutustu ja ota yhteytt\u00e4!","og_url":"https:\/\/craftman.fi\/?page_id=20","og_site_name":"Craftman Oy","article_modified_time":"2019-05-23T06:35:00+00:00","og_image":[{"width":1900,"height":700,"url":"https:\/\/craftman.fi\/wp-content\/uploads\/2018\/05\/Craftman_paakuvat_henkilostovuokraus.jpg","type":"image\/jpeg"}],"twitter_card":"summary_large_image","twitter_misc":{"Arvioitu lukuaika":"1 minuutti"},"schema":{"@context":"https:\/\/schema.org","@graph":[{"@type":"WebPage","@id":"https:\/\/craftman.fi\/?page_id=20","url":"https:\/\/craftman.fi\/?page_id=20","name":"Henkil\u00f6st\u00f6vuokrausta vahvalla toimialaosaamisella | Craftman Oy","isPartOf":{"@id":"https:\/\/craftman.fi\/#website"},"datePublished":"2018-05-02T07:47:26+00:00","dateModified":"2019-05-23T06:35:00+00:00","description":"Henkil\u00f6st\u00f6vuokraus nopeasti ja vaivattomasti \u2013 huolehdimme ty\u00f6ntekij\u00f6idemme ty\u00f6varusteista, ammattiluvista ja ty\u00f6matkoista. Tutustu ja ota yhteytt\u00e4!","breadcrumb":{"@id":"https:\/\/craftman.fi\/?page_id=20#breadcrumb"},"inLanguage":"fi","potentialAction":[{"@type":"ReadAction","target":["https:\/\/craftman.fi\/?page_id=20"]}]},{"@type":"BreadcrumbList","@id":"https:\/\/craftman.fi\/?page_id=20#breadcrumb","itemListElement":[{"@type":"ListItem","position":1,"name":"Home","item":"https:\/\/craftman.fi\/"},{"@type":"ListItem","position":2,"name":"Ty\u00f6ntekij\u00f6it\u00e4","item":"https:\/\/craftman.fi\/?page_id=16"},{"@type":"ListItem","position":3,"name":"Henkil\u00f6st\u00f6vuokraus"}]},{"@type":"WebSite","@id":"https:\/\/craftman.fi\/#website","url":"https:\/\/craftman.fi\/","name":"Craftman Oy","description":"","potentialAction":[{"@type":"SearchAction","target":{"@type":"EntryPoint","urlTemplate":"https:\/\/craftman.fi\/?s={search_term_string}"},"query-input":"required name=search_term_string"}],"inLanguage":"fi"}]}},"_links":{"self":[{"href":"https:\/\/craftman.fi\/index.php?rest_route=\/wp\/v2\/pages\/20"}],"collection":[{"href":"https:\/\/craftman.fi\/index.php?rest_route=\/wp\/v2\/pages"}],"about":[{"href":"https:\/\/craftman.fi\/index.php?rest_route=\/wp\/v2\/types\/page"}],"author":[{"embeddable":true,"href":"https:\/\/craftman.fi\/index.php?rest_route=\/wp\/v2\/users\/1"}],"replies":[{"embeddable":true,"href":"https:\/\/craftman.fi\/index.php?rest_route=%2Fwp%2Fv2%2Fcomments&post=20"}],"version-history":[{"count":13,"href":"https:\/\/craftman.fi\/index.php?rest_route=\/wp\/v2\/pages\/20\/revisions"}],"predecessor-version":[{"id":1649,"href":"https:\/\/craftman.fi\/index.php?rest_route=\/wp\/v2\/pages\/20\/revisions\/1649"}],"up":[{"embeddable":true,"href":"https:\/\/craftman.fi\/index.php?rest_route=\/wp\/v2\/pages\/16"}],"wp:featuredmedia":[{"embeddable":true,"href":"https:\/\/craftman.fi\/index.php?rest_route=\/wp\/v2\/media\/453"}],"wp:attachment":[{"href":"https:\/\/craftman.fi\/index.php?rest_route=%2Fwp%2Fv2%2Fmedia&parent=20"}],"curies":[{"name":"wp","href":"https:\/\/api.w.org\/{rel}","templated":true}]}}