{"id":203,"date":"2018-05-08T13:49:33","date_gmt":"2018-05-08T10:49:33","guid":{"rendered":"https:\/\/craftman.fi\/?page_id=203"},"modified":"2019-05-23T09:41:29","modified_gmt":"2019-05-23T06:41:29","slug":"peltisepat","status":"publish","type":"page","link":"https:\/\/craftman.fi\/?page_id=203","title":{"rendered":"Peltisep\u00e4t"},"content":{"rendered":"\n<h1 class=\"wp-block-heading\" style=\"text-align:center\">Peltisep\u00e4t<\/h1>\n\n\n\n<p>Meilt\u00e4 saat ammattitaitoiset peltisep\u00e4t peltiosien esivalmistus- ja asennust\u00f6ihin. Varustamme kaikki peltisep\u00e4t aina ty\u00f6n vaatimilla laadukkailla k\u00e4sity\u00f6kaluilla sek\u00e4 ty\u00f6vaatteilla. Peltiseppiemme osaaminen ja ammattitaito perustuu vankkaan kokemukseen alan t\u00f6ist\u00e4. Laadukas ty\u00f6nj\u00e4lki edellytt\u00e4\u00e4 peltisep\u00e4lt\u00e4 motivaatiota, huolellista asennetta, k\u00e4dentaitoja sek\u00e4 ennen kaikkea ty\u00f6kokemusta. <br><br>Peltisepill\u00e4mme on ty\u00f6kokemusta mm. iv-putkien p\u00e4\u00e4llysteiden asentamisesta, s\u00e4ili\u00f6eristysten p\u00e4\u00e4llysteiden asentamisesta sek\u00e4 kattopeltien ja teollisuuden erist\u00e4misess\u00e4 k\u00e4ytett\u00e4vien ohutpeltip\u00e4\u00e4llysteiden esivalmistuksesta.<br><br><\/p>\n\n\n\n<div class=\"wp-block-columns has-2-columns cta is-layout-flex wp-container-core-columns-is-layout-1 wp-block-columns-is-layout-flex\">\n<div class=\"wp-block-column is-layout-flow wp-block-column-is-layout-flow\">\n<div class=\"wp-block-image\"><figure class=\"alignright\"><img loading=\"lazy\" decoding=\"async\" width=\"86\" height=\"86\" src=\"http:\/\/craftman.fi\/wp-content\/uploads\/2018\/05\/peltiseppa.png\" alt=\"Peltisep\u00e4t Craftmanilta ty\u00f6maallesi\" class=\"wp-image-66\"\/><\/figure><\/div>\n<\/div>\n\n\n\n<div class=\"wp-block-column is-layout-flow wp-block-column-is-layout-flow\">\n<p style=\"text-align:left\" class=\"has-medium-font-size\"><strong>Tarvitsetko peltiseppi\u00e4?<\/strong><\/p>\n\n\n\n<p><a href=\"https:\/\/craftman.fi\/yhteystiedot\/\">Ota meihin yhteytt\u00e4!<\/a><\/p>\n<\/div>\n<\/div>\n\n\n\n<h2 class=\"wp-block-heading\"><strong>PELTISEPPI\u00c4 TURVALLISESTI JA RISKITT\u00d6M\u00c4STI<\/strong><\/h2>\n\n\n\n<p>Peltisepill\u00e4mme on aina ty\u00f6kohteen ja kohdemaan lains\u00e4\u00e4d\u00e4nn\u00f6n edellytt\u00e4m\u00e4t <strong>sertifikaatit<\/strong> ty\u00f6skentelemiseen sek\u00e4 <a href=\"https:\/\/craftman.fi\/ammattitaitotakuu\/\">ammattitaitotakuu<\/a>. Perehdyt\u00e4mme ty\u00f6ntekij\u00e4mme my\u00f6s asiakkaiden ja ty\u00f6maan yksil\u00f6llisten vaatimustasojen mukaisesti ja j\u00e4rjest\u00e4mme tarvittaessa puuttuvan koulutuksen. Huolehdimme peltiseppiemme <strong>ty\u00f6turvallisuudesta<\/strong>.<\/p>\n\n\n\n<p>Ty\u00f6ntekij\u00e4mme k\u00e4ytt\u00e4v\u00e4t aina parhaita ty\u00f6v\u00e4lineit\u00e4 ja suojavarusteita. Peltisepill\u00e4mme on aina voimassa oleva ty\u00f6turvallisuuskortti ja tarvittaessa my\u00f6s tulity\u00f6kortti. Lis\u00e4ksi pyrimme kouluttamaan kaikille ty\u00f6ntekij\u00f6illemme h\u00e4t\u00e4ensiapukurssin \u00e4killisten vahinkotapauksien varalle. Vahvuutemme ovat ty\u00f6ntekij\u00f6iden <strong>saatavuus<\/strong> ja toimitukset lyhyell\u00e4kin varoitusajalla.<\/p>\n\n\n\n<p>Peltiseppi\u00e4 ty\u00f6llist\u00e4v\u00e4t erityisesti verstailla ja pajoilla tapahtuva esivalmistusty\u00f6 sek\u00e4 eristett\u00e4vien putkistojen pellitysty\u00f6t. Esivalmistuksen avulla tuotanto saadaan siirretty\u00e4 paikkaan, jossa olosuhteet ja edellytykset osien valmistuksessa ovat paremmat, kun itse asennuskohteessa. Esivalmistusta k\u00e4ytet\u00e4\u00e4n nyky\u00e4\u00e4n laajasti laivanrakennuksessa, talon kattojen rakennuksessa sek\u00e4 teollisuuden laitosten rakentamisessa ja kunnossapidossa. <\/p>\n\n\n\n<h2 class=\"wp-block-heading\">PELTISEP\u00c4T TY\u00d6MAILLE PELK\u00c4LL\u00c4 PUHELINSOITOLLA<\/h2>\n\n\n\n<p>Ty\u00f6voiman hankintaan ja testaamiseen erikoistuneen puolalaisen tyt\u00e4ryhti\u00f6mme ansiosta l\u00f6yd\u00e4mme varmasti tarvittavan m\u00e4\u00e4r\u00e4n ammattitaitoisia peltiseppi\u00e4 suurimpiinkin esivalmistus- ja asennust\u00f6ihin. Vakituisen &#8211; satoja ty\u00f6ntekij\u00f6it\u00e4 kattavan &#8211; henkil\u00f6st\u00f6reservimme ansioista pystymme toimittamaan ty\u00f6ntekij\u00f6it\u00e4 eritt\u00e4in nopealla aikataululla, jopa muutamassa p\u00e4iv\u00e4ss\u00e4. <a href=\"https:\/\/craftman.fi\/tyontekijoita\/henkilostovuokraus\/\">Henkil\u00f6st\u00f6vuokraus<\/a> palvelumme sis\u00e4lt\u00e4\u00e4 aina t\u00e4yden <strong>kokonaisuuden<\/strong>. J\u00e4rjest\u00e4mme peltisepp\u00e4mme kohdemaahan, majoituksen, ajoneuvon sek\u00e4 ty\u00f6n edellytt\u00e4m\u00e4t sertifikaatit, ty\u00f6vaatteet ja k\u00e4sity\u00f6kalut. Asiakkaamme teht\u00e4v\u00e4ksi j\u00e4\u00e4 ainoastaan sopia kanssamme ty\u00f6n aloitusajankohta ja tarvittava ty\u00f6ntekij\u00e4m\u00e4\u00e4r\u00e4.<\/p>\n","protected":false},"excerpt":{"rendered":"<p>Peltisep\u00e4t Meilt\u00e4 saat ammattitaitoiset peltisep\u00e4t peltiosien esivalmistus- ja asennust\u00f6ihin. Varustamme kaikki peltisep\u00e4t aina ty\u00f6n vaatimilla laadukkailla k\u00e4sity\u00f6kaluilla sek\u00e4 ty\u00f6vaatteilla. Peltiseppiemme [&hellip;]<\/p>\n","protected":false},"author":1,"featured_media":455,"parent":158,"menu_order":0,"comment_status":"closed","ping_status":"closed","template":"ammattilaiset-page.php","meta":{"_mi_skip_tracking":false,"_monsterinsights_sitenote_active":false,"_monsterinsights_sitenote_note":"","_monsterinsights_sitenote_category":0,"footnotes":""},"yoast_head":"<!-- This site is optimized with the Yoast SEO plugin v21.9.1 - https:\/\/yoast.com\/wordpress\/plugins\/seo\/ -->\n<title>Palkkaa kokeneet ja osaavat peltisep\u00e4t ty\u00f6maallesi | Craftman Oy<\/title>\n<meta name=\"description\" content=\"Ammattitaitoiset peltisep\u00e4t teollisuuteen tai rakennusalalle. Craftmanilta l\u00f6yd\u00e4t sopivat ty\u00f6ntekij\u00e4t helposti ja vaivattomasti. Tutustu ja ota yhteytt\u00e4!\" \/>\n<meta name=\"robots\" content=\"index, follow, max-snippet:-1, max-image-preview:large, max-video-preview:-1\" \/>\n<link rel=\"canonical\" href=\"https:\/\/craftman.fi\/?page_id=203\" \/>\n<meta property=\"og:locale\" content=\"fi_FI\" \/>\n<meta property=\"og:type\" content=\"article\" \/>\n<meta property=\"og:title\" content=\"Palkkaa kokeneet ja osaavat peltisep\u00e4t ty\u00f6maallesi | Craftman Oy\" \/>\n<meta property=\"og:description\" content=\"Ammattitaitoiset peltisep\u00e4t teollisuuteen tai rakennusalalle. Craftmanilta l\u00f6yd\u00e4t sopivat ty\u00f6ntekij\u00e4t helposti ja vaivattomasti. Tutustu ja ota yhteytt\u00e4!\" \/>\n<meta property=\"og:url\" content=\"https:\/\/craftman.fi\/?page_id=203\" \/>\n<meta property=\"og:site_name\" content=\"Craftman Oy\" \/>\n<meta property=\"article:modified_time\" content=\"2019-05-23T06:41:29+00:00\" \/>\n<meta property=\"og:image\" content=\"https:\/\/craftman.fi\/wp-content\/uploads\/2018\/05\/Craftman_paakuvat_peltisepat.jpg\" \/>\n\t<meta property=\"og:image:width\" content=\"1900\" \/>\n\t<meta property=\"og:image:height\" content=\"700\" \/>\n\t<meta property=\"og:image:type\" content=\"image\/jpeg\" \/>\n<meta name=\"twitter:card\" content=\"summary_large_image\" \/>\n<meta name=\"twitter:label1\" content=\"Arvioitu lukuaika\" \/>\n\t<meta name=\"twitter:data1\" content=\"2 minuuttia\" \/>\n<script type=\"application\/ld+json\" class=\"yoast-schema-graph\">{\"@context\":\"https:\/\/schema.org\",\"@graph\":[{\"@type\":\"WebPage\",\"@id\":\"https:\/\/craftman.fi\/?page_id=203\",\"url\":\"https:\/\/craftman.fi\/?page_id=203\",\"name\":\"Palkkaa kokeneet ja osaavat peltisep\u00e4t ty\u00f6maallesi | Craftman Oy\",\"isPartOf\":{\"@id\":\"https:\/\/craftman.fi\/#website\"},\"datePublished\":\"2018-05-08T10:49:33+00:00\",\"dateModified\":\"2019-05-23T06:41:29+00:00\",\"description\":\"Ammattitaitoiset peltisep\u00e4t teollisuuteen tai rakennusalalle. Craftmanilta l\u00f6yd\u00e4t sopivat ty\u00f6ntekij\u00e4t helposti ja vaivattomasti. Tutustu ja ota yhteytt\u00e4!\",\"breadcrumb\":{\"@id\":\"https:\/\/craftman.fi\/?page_id=203#breadcrumb\"},\"inLanguage\":\"fi\",\"potentialAction\":[{\"@type\":\"ReadAction\",\"target\":[\"https:\/\/craftman.fi\/?page_id=203\"]}]},{\"@type\":\"BreadcrumbList\",\"@id\":\"https:\/\/craftman.fi\/?page_id=203#breadcrumb\",\"itemListElement\":[{\"@type\":\"ListItem\",\"position\":1,\"name\":\"Home\",\"item\":\"https:\/\/craftman.fi\/\"},{\"@type\":\"ListItem\",\"position\":2,\"name\":\"Ammattilaiset\",\"item\":\"https:\/\/craftman.fi\/?page_id=158\"},{\"@type\":\"ListItem\",\"position\":3,\"name\":\"Peltisep\u00e4t\"}]},{\"@type\":\"WebSite\",\"@id\":\"https:\/\/craftman.fi\/#website\",\"url\":\"https:\/\/craftman.fi\/\",\"name\":\"Craftman Oy\",\"description\":\"\",\"potentialAction\":[{\"@type\":\"SearchAction\",\"target\":{\"@type\":\"EntryPoint\",\"urlTemplate\":\"https:\/\/craftman.fi\/?s={search_term_string}\"},\"query-input\":\"required name=search_term_string\"}],\"inLanguage\":\"fi\"}]}<\/script>\n<!-- \/ Yoast SEO plugin. -->","yoast_head_json":{"title":"Palkkaa kokeneet ja osaavat peltisep\u00e4t ty\u00f6maallesi | Craftman Oy","description":"Ammattitaitoiset peltisep\u00e4t teollisuuteen tai rakennusalalle. Craftmanilta l\u00f6yd\u00e4t sopivat ty\u00f6ntekij\u00e4t helposti ja vaivattomasti. Tutustu ja ota yhteytt\u00e4!","robots":{"index":"index","follow":"follow","max-snippet":"max-snippet:-1","max-image-preview":"max-image-preview:large","max-video-preview":"max-video-preview:-1"},"canonical":"https:\/\/craftman.fi\/?page_id=203","og_locale":"fi_FI","og_type":"article","og_title":"Palkkaa kokeneet ja osaavat peltisep\u00e4t ty\u00f6maallesi | Craftman Oy","og_description":"Ammattitaitoiset peltisep\u00e4t teollisuuteen tai rakennusalalle. Craftmanilta l\u00f6yd\u00e4t sopivat ty\u00f6ntekij\u00e4t helposti ja vaivattomasti. Tutustu ja ota yhteytt\u00e4!","og_url":"https:\/\/craftman.fi\/?page_id=203","og_site_name":"Craftman Oy","article_modified_time":"2019-05-23T06:41:29+00:00","og_image":[{"width":1900,"height":700,"url":"https:\/\/craftman.fi\/wp-content\/uploads\/2018\/05\/Craftman_paakuvat_peltisepat.jpg","type":"image\/jpeg"}],"twitter_card":"summary_large_image","twitter_misc":{"Arvioitu lukuaika":"2 minuuttia"},"schema":{"@context":"https:\/\/schema.org","@graph":[{"@type":"WebPage","@id":"https:\/\/craftman.fi\/?page_id=203","url":"https:\/\/craftman.fi\/?page_id=203","name":"Palkkaa kokeneet ja osaavat peltisep\u00e4t ty\u00f6maallesi | Craftman Oy","isPartOf":{"@id":"https:\/\/craftman.fi\/#website"},"datePublished":"2018-05-08T10:49:33+00:00","dateModified":"2019-05-23T06:41:29+00:00","description":"Ammattitaitoiset peltisep\u00e4t teollisuuteen tai rakennusalalle. Craftmanilta l\u00f6yd\u00e4t sopivat ty\u00f6ntekij\u00e4t helposti ja vaivattomasti. Tutustu ja ota yhteytt\u00e4!","breadcrumb":{"@id":"https:\/\/craftman.fi\/?page_id=203#breadcrumb"},"inLanguage":"fi","potentialAction":[{"@type":"ReadAction","target":["https:\/\/craftman.fi\/?page_id=203"]}]},{"@type":"BreadcrumbList","@id":"https:\/\/craftman.fi\/?page_id=203#breadcrumb","itemListElement":[{"@type":"ListItem","position":1,"name":"Home","item":"https:\/\/craftman.fi\/"},{"@type":"ListItem","position":2,"name":"Ammattilaiset","item":"https:\/\/craftman.fi\/?page_id=158"},{"@type":"ListItem","position":3,"name":"Peltisep\u00e4t"}]},{"@type":"WebSite","@id":"https:\/\/craftman.fi\/#website","url":"https:\/\/craftman.fi\/","name":"Craftman Oy","description":"","potentialAction":[{"@type":"SearchAction","target":{"@type":"EntryPoint","urlTemplate":"https:\/\/craftman.fi\/?s={search_term_string}"},"query-input":"required name=search_term_string"}],"inLanguage":"fi"}]}},"_links":{"self":[{"href":"https:\/\/craftman.fi\/index.php?rest_route=\/wp\/v2\/pages\/203"}],"collection":[{"href":"https:\/\/craftman.fi\/index.php?rest_route=\/wp\/v2\/pages"}],"about":[{"href":"https:\/\/craftman.fi\/index.php?rest_route=\/wp\/v2\/types\/page"}],"author":[{"embeddable":true,"href":"https:\/\/craftman.fi\/index.php?rest_route=\/wp\/v2\/users\/1"}],"replies":[{"embeddable":true,"href":"https:\/\/craftman.fi\/index.php?rest_route=%2Fwp%2Fv2%2Fcomments&post=203"}],"version-history":[{"count":58,"href":"https:\/\/craftman.fi\/index.php?rest_route=\/wp\/v2\/pages\/203\/revisions"}],"predecessor-version":[{"id":1665,"href":"https:\/\/craftman.fi\/index.php?rest_route=\/wp\/v2\/pages\/203\/revisions\/1665"}],"up":[{"embeddable":true,"href":"https:\/\/craftman.fi\/index.php?rest_route=\/wp\/v2\/pages\/158"}],"wp:featuredmedia":[{"embeddable":true,"href":"https:\/\/craftman.fi\/index.php?rest_route=\/wp\/v2\/media\/455"}],"wp:attachment":[{"href":"https:\/\/craftman.fi\/index.php?rest_route=%2Fwp%2Fv2%2Fmedia&parent=203"}],"curies":[{"name":"wp","href":"https:\/\/api.w.org\/{rel}","templated":true}]}}