{"id":213,"date":"2018-05-08T14:41:26","date_gmt":"2018-05-08T11:41:26","guid":{"rendered":"https:\/\/craftman.fi\/?page_id=213"},"modified":"2023-06-20T13:50:46","modified_gmt":"2023-06-20T10:50:46","slug":"projektit","status":"publish","type":"page","link":"https:\/\/craftman.fi\/?page_id=213","title":{"rendered":"Projektit"},"content":{"rendered":"<h1 style=\"text-align: center;\">Projektit<\/h1>\n<p>Projektimme sijaitsevat ymp\u00e4ri maapalloa, kuten Uruguayssa, Maltalla, Tshekiss\u00e4, Ruotsissa, Tanskassa ja Suomessa. Laaja henkil\u00f6st\u00f6reservimme kattaa <a href=\"https:\/\/craftman.fi\/ammattilaiset\/teollisuuseristajat\/\" target=\"_blank\" rel=\"noopener noreferrer\">teollisuuserist\u00e4ji\u00e4<\/a>, <a href=\"https:\/\/craftman.fi\/ammattilaiset\/peltisepat\/\" target=\"_blank\" rel=\"noopener noreferrer\">peltiseppi\u00e4<\/a>, <a href=\"https:\/\/craftman.fi\/ammattilaiset\/telineasentajat\/\" target=\"_blank\" rel=\"noopener noreferrer\">telineasentajia<\/a>, <a href=\"https:\/\/craftman.fi\/ammattilaiset\/hitsaajat\/\" target=\"_blank\" rel=\"noopener noreferrer\">hitsaajia<\/a> sek\u00e4 <a href=\"https:\/\/craftman.fi\/ammattilaiset\/laite-ja-putkiasentajat\/\" target=\"_blank\" rel=\"noopener noreferrer\">laite- ja putkiasentajia<\/a>. Pystymme toimittamaan ammattilaisia ty\u00f6maille kohdemaasta riippumatta.<\/p>\n","protected":false},"excerpt":{"rendered":"<p>Projektit Projektimme sijaitsevat ymp\u00e4ri maapalloa, kuten Uruguayssa, Maltalla, Tshekiss\u00e4, Ruotsissa, Tanskassa ja Suomessa. Laaja henkil\u00f6st\u00f6reservimme kattaa teollisuuserist\u00e4ji\u00e4, peltiseppi\u00e4, telineasentajia, hitsaajia [&hellip;]<\/p>\n","protected":false},"author":1,"featured_media":2076,"parent":0,"menu_order":0,"comment_status":"closed","ping_status":"closed","template":"projects-page.php","meta":{"_mi_skip_tracking":false,"_monsterinsights_sitenote_active":false,"_monsterinsights_sitenote_note":"","_monsterinsights_sitenote_category":0,"footnotes":""},"yoast_head":"<!-- This site is optimized with the Yoast SEO plugin v21.9.1 - https:\/\/yoast.com\/wordpress\/plugins\/seo\/ -->\n<title>Craftmanilta ammattilaiset teollisuuten ja rakennusalalle | Katso projektimme!<\/title>\n<meta name=\"description\" content=\"Tutustu tarkemmin projekteihimme, joita olemme tehneet ymp\u00e4ri maailman. Hoidamme vuosien kokemuksella henkil\u00f6st\u00f6vuokrauksen my\u00f6s sinun urakkaasi. Lue lis\u00e4\u00e4!\" \/>\n<meta name=\"robots\" content=\"index, follow, max-snippet:-1, max-image-preview:large, max-video-preview:-1\" \/>\n<link rel=\"canonical\" href=\"https:\/\/craftman.fi\/?page_id=213\" \/>\n<meta property=\"og:locale\" content=\"fi_FI\" \/>\n<meta property=\"og:type\" content=\"article\" \/>\n<meta property=\"og:title\" content=\"Craftmanilta ammattilaiset teollisuuten ja rakennusalalle | Katso projektimme!\" \/>\n<meta property=\"og:description\" content=\"Tutustu tarkemmin projekteihimme, joita olemme tehneet ymp\u00e4ri maailman. Hoidamme vuosien kokemuksella henkil\u00f6st\u00f6vuokrauksen my\u00f6s sinun urakkaasi. Lue lis\u00e4\u00e4!\" \/>\n<meta property=\"og:url\" content=\"https:\/\/craftman.fi\/?page_id=213\" \/>\n<meta property=\"og:site_name\" content=\"Craftman Oy\" \/>\n<meta property=\"article:modified_time\" content=\"2023-06-20T10:50:46+00:00\" \/>\n<meta property=\"og:image\" content=\"https:\/\/craftman.fi\/wp-content\/uploads\/2019\/10\/espoo-2019-1.jpg\" \/>\n\t<meta property=\"og:image:width\" content=\"4000\" \/>\n\t<meta property=\"og:image:height\" content=\"3000\" \/>\n\t<meta property=\"og:image:type\" content=\"image\/jpeg\" \/>\n<meta name=\"twitter:card\" content=\"summary_large_image\" \/>\n<meta name=\"twitter:label1\" content=\"Arvioitu lukuaika\" \/>\n\t<meta name=\"twitter:data1\" content=\"1 minuutti\" \/>\n<script type=\"application\/ld+json\" class=\"yoast-schema-graph\">{\"@context\":\"https:\/\/schema.org\",\"@graph\":[{\"@type\":\"WebPage\",\"@id\":\"https:\/\/craftman.fi\/?page_id=213\",\"url\":\"https:\/\/craftman.fi\/?page_id=213\",\"name\":\"Craftmanilta ammattilaiset teollisuuten ja rakennusalalle | Katso projektimme!\",\"isPartOf\":{\"@id\":\"https:\/\/craftman.fi\/#website\"},\"datePublished\":\"2018-05-08T11:41:26+00:00\",\"dateModified\":\"2023-06-20T10:50:46+00:00\",\"description\":\"Tutustu tarkemmin projekteihimme, joita olemme tehneet ymp\u00e4ri maailman. Hoidamme vuosien kokemuksella henkil\u00f6st\u00f6vuokrauksen my\u00f6s sinun urakkaasi. Lue lis\u00e4\u00e4!\",\"breadcrumb\":{\"@id\":\"https:\/\/craftman.fi\/?page_id=213#breadcrumb\"},\"inLanguage\":\"fi\",\"potentialAction\":[{\"@type\":\"ReadAction\",\"target\":[\"https:\/\/craftman.fi\/?page_id=213\"]}]},{\"@type\":\"BreadcrumbList\",\"@id\":\"https:\/\/craftman.fi\/?page_id=213#breadcrumb\",\"itemListElement\":[{\"@type\":\"ListItem\",\"position\":1,\"name\":\"Home\",\"item\":\"https:\/\/craftman.fi\/\"},{\"@type\":\"ListItem\",\"position\":2,\"name\":\"Projektit\"}]},{\"@type\":\"WebSite\",\"@id\":\"https:\/\/craftman.fi\/#website\",\"url\":\"https:\/\/craftman.fi\/\",\"name\":\"Craftman Oy\",\"description\":\"\",\"potentialAction\":[{\"@type\":\"SearchAction\",\"target\":{\"@type\":\"EntryPoint\",\"urlTemplate\":\"https:\/\/craftman.fi\/?s={search_term_string}\"},\"query-input\":\"required name=search_term_string\"}],\"inLanguage\":\"fi\"}]}<\/script>\n<!-- \/ Yoast SEO plugin. -->","yoast_head_json":{"title":"Craftmanilta ammattilaiset teollisuuten ja rakennusalalle | Katso projektimme!","description":"Tutustu tarkemmin projekteihimme, joita olemme tehneet ymp\u00e4ri maailman. Hoidamme vuosien kokemuksella henkil\u00f6st\u00f6vuokrauksen my\u00f6s sinun urakkaasi. Lue lis\u00e4\u00e4!","robots":{"index":"index","follow":"follow","max-snippet":"max-snippet:-1","max-image-preview":"max-image-preview:large","max-video-preview":"max-video-preview:-1"},"canonical":"https:\/\/craftman.fi\/?page_id=213","og_locale":"fi_FI","og_type":"article","og_title":"Craftmanilta ammattilaiset teollisuuten ja rakennusalalle | Katso projektimme!","og_description":"Tutustu tarkemmin projekteihimme, joita olemme tehneet ymp\u00e4ri maailman. Hoidamme vuosien kokemuksella henkil\u00f6st\u00f6vuokrauksen my\u00f6s sinun urakkaasi. Lue lis\u00e4\u00e4!","og_url":"https:\/\/craftman.fi\/?page_id=213","og_site_name":"Craftman Oy","article_modified_time":"2023-06-20T10:50:46+00:00","og_image":[{"width":4000,"height":3000,"url":"https:\/\/craftman.fi\/wp-content\/uploads\/2019\/10\/espoo-2019-1.jpg","type":"image\/jpeg"}],"twitter_card":"summary_large_image","twitter_misc":{"Arvioitu lukuaika":"1 minuutti"},"schema":{"@context":"https:\/\/schema.org","@graph":[{"@type":"WebPage","@id":"https:\/\/craftman.fi\/?page_id=213","url":"https:\/\/craftman.fi\/?page_id=213","name":"Craftmanilta ammattilaiset teollisuuten ja rakennusalalle | Katso projektimme!","isPartOf":{"@id":"https:\/\/craftman.fi\/#website"},"datePublished":"2018-05-08T11:41:26+00:00","dateModified":"2023-06-20T10:50:46+00:00","description":"Tutustu tarkemmin projekteihimme, joita olemme tehneet ymp\u00e4ri maailman. Hoidamme vuosien kokemuksella henkil\u00f6st\u00f6vuokrauksen my\u00f6s sinun urakkaasi. Lue lis\u00e4\u00e4!","breadcrumb":{"@id":"https:\/\/craftman.fi\/?page_id=213#breadcrumb"},"inLanguage":"fi","potentialAction":[{"@type":"ReadAction","target":["https:\/\/craftman.fi\/?page_id=213"]}]},{"@type":"BreadcrumbList","@id":"https:\/\/craftman.fi\/?page_id=213#breadcrumb","itemListElement":[{"@type":"ListItem","position":1,"name":"Home","item":"https:\/\/craftman.fi\/"},{"@type":"ListItem","position":2,"name":"Projektit"}]},{"@type":"WebSite","@id":"https:\/\/craftman.fi\/#website","url":"https:\/\/craftman.fi\/","name":"Craftman Oy","description":"","potentialAction":[{"@type":"SearchAction","target":{"@type":"EntryPoint","urlTemplate":"https:\/\/craftman.fi\/?s={search_term_string}"},"query-input":"required name=search_term_string"}],"inLanguage":"fi"}]}},"_links":{"self":[{"href":"https:\/\/craftman.fi\/index.php?rest_route=\/wp\/v2\/pages\/213"}],"collection":[{"href":"https:\/\/craftman.fi\/index.php?rest_route=\/wp\/v2\/pages"}],"about":[{"href":"https:\/\/craftman.fi\/index.php?rest_route=\/wp\/v2\/types\/page"}],"author":[{"embeddable":true,"href":"https:\/\/craftman.fi\/index.php?rest_route=\/wp\/v2\/users\/1"}],"replies":[{"embeddable":true,"href":"https:\/\/craftman.fi\/index.php?rest_route=%2Fwp%2Fv2%2Fcomments&post=213"}],"version-history":[{"count":30,"href":"https:\/\/craftman.fi\/index.php?rest_route=\/wp\/v2\/pages\/213\/revisions"}],"predecessor-version":[{"id":2885,"href":"https:\/\/craftman.fi\/index.php?rest_route=\/wp\/v2\/pages\/213\/revisions\/2885"}],"wp:featuredmedia":[{"embeddable":true,"href":"https:\/\/craftman.fi\/index.php?rest_route=\/wp\/v2\/media\/2076"}],"wp:attachment":[{"href":"https:\/\/craftman.fi\/index.php?rest_route=%2Fwp%2Fv2%2Fmedia&parent=213"}],"curies":[{"name":"wp","href":"https:\/\/api.w.org\/{rel}","templated":true}]}}