{"id":373,"date":"2018-05-18T16:35:38","date_gmt":"2018-05-18T13:35:38","guid":{"rendered":"https:\/\/craftman.fi\/?page_id=373"},"modified":"2019-05-23T09:37:13","modified_gmt":"2019-05-23T06:37:13","slug":"hitsaajat","status":"publish","type":"page","link":"https:\/\/craftman.fi\/?page_id=373","title":{"rendered":"Hitsaajat"},"content":{"rendered":"\n<h1 class=\"wp-block-heading\" style=\"text-align:center\">Hitsaajat<\/h1>\n\n\n\n<p>Meilt\u00e4 l\u00f6yd\u00e4t ammattitaitoiset hitsaajat vaivattomasti jokaiselle ty\u00f6maalle. Hitsaajillamme on laatuvaatimukset t\u00e4ytt\u00e4v\u00e4 hitsaustaito \u2013 menetelm\u00e4st\u00e4 ja materiaalista riippumatta. Hitsaajillamme on my\u00f6s aina voimassa ty\u00f6n edellytt\u00e4m\u00e4t hitsausluokat. Ammattilaiset testaavat hitsaajamme yhteisty\u00f6kumppanimme hitsauskoulutuskeskuksessa Puolassa. <\/p>\n\n\n\n<p>Asiakkaallamme on halutessaan mahdollista osallistua hitsaajien testaustilaisuuteen sek\u00e4 valvoa henkil\u00f6kohtaisesti ty\u00f6ntekij\u00f6iden osaamista. Kaikilla ty\u00f6ntekij\u00f6ill\u00e4mme on aina kohdemaan lains\u00e4\u00e4d\u00e4nn\u00f6n ja ty\u00f6kohteen edellytt\u00e4m\u00e4t sertifikaatit sek\u00e4 luvat ty\u00f6ntekoon. Varustamme hitsaajamme aina laadukkailla ty\u00f6nvaatimilla ty\u00f6vaatteilla.<\/p>\n\n\n\n<ul><li>TIG-hitsaus<\/li><li>MIG\/MAG-hitsaus<\/li><li>Puikkohitsaus<\/li><\/ul>\n\n\n\n<div class=\"wp-block-columns has-2-columns cta is-layout-flex wp-container-core-columns-is-layout-1 wp-block-columns-is-layout-flex\">\n<div class=\"wp-block-column is-layout-flow wp-block-column-is-layout-flow\">\n<div class=\"wp-block-image\"><figure class=\"alignright\"><img loading=\"lazy\" decoding=\"async\" width=\"86\" height=\"86\" src=\"http:\/\/craftman.fi\/wp-content\/uploads\/2018\/05\/hitsaaja.png\" alt=\"Craftmanilta hitsaajat kaikenkokoisiin projekteihin\" class=\"wp-image-64\"\/><\/figure><\/div>\n<\/div>\n\n\n\n<div class=\"wp-block-column is-layout-flow wp-block-column-is-layout-flow\">\n<p style=\"text-align:left\" class=\"has-medium-font-size\"><strong>Tarvitsetko hitsaajia?<\/strong><\/p>\n\n\n\n<p><a href=\"https:\/\/craftman.fi\/yhteystiedot\/\">Ota meihin yhteytt\u00e4!<\/a><\/p>\n<\/div>\n<\/div>\n\n\n\n<h2 class=\"wp-block-heading\"><strong>Hitsaajia nopeasti henkil\u00f6st\u00f6vuokrapalvelun kautta<\/strong> <\/h2>\n\n\n\n<p>Vahvuutemme ovat ty\u00f6ntekij\u00f6iden saatavuus ja toimitukset lyhyell\u00e4kin varoitusajalla. Ty\u00f6voiman hankintaan ja testaamiseen erikoistuneen puolalaisen tyt\u00e4ryhti\u00f6mme ansiosta l\u00f6yd\u00e4mme tarvittavan m\u00e4\u00e4r\u00e4n ammattitaitoisia hitsaajia suurimpiinkin teollisuuden hankkeisiin. Vakituisen \u2013 satoja ty\u00f6ntekij\u00f6it\u00e4 kattavan \u2013 henkil\u00f6st\u00f6reservimme ansioista pystymme toimittamaan ty\u00f6ntekij\u00f6it\u00e4 eritt\u00e4in nopealla aikataululla, jopa muutamassa p\u00e4iv\u00e4ss\u00e4. Hitsausty\u00f6ss\u00e4 korostuu erityisesti ty\u00f6nlaatu ja hitsaajilta edellytet\u00e4\u00e4nkin poikkeuksetta todellista ammattitaitoa.   <\/p>\n\n\n\n<p><a href=\"https:\/\/craftman.fi\/tyontekijoita\/henkilostovuokraus\/\">Henkil\u00f6st\u00f6vuokrauspalvelumme<\/a>&nbsp;sis\u00e4lt\u00e4\u00e4 aina t\u00e4yden&nbsp;kokonaisuuden. J\u00e4rjest\u00e4mme hitsaajamme kohdemaahan, majoituksen, ajoneuvon sek\u00e4 ty\u00f6n edellytt\u00e4m\u00e4t sertifikaatit, ty\u00f6vaatteet ja k\u00e4sity\u00f6kalut. Asiakkaamme teht\u00e4v\u00e4ksi j\u00e4\u00e4 ainoastaan sopia kanssamme ty\u00f6n aloitusajankohta ja tarvittava ty\u00f6ntekij\u00e4m\u00e4\u00e4r\u00e4.\n\n<\/p>\n\n\n\n<p>Huolehdimme hitsaajiemme ty\u00f6turvallisuudesta. Ty\u00f6ntekij\u00e4mme k\u00e4ytt\u00e4v\u00e4t aina parhaita ty\u00f6v\u00e4lineit\u00e4 ja suojavarusteita, kuten palosuojattuja Multinorm-ty\u00f6vaatteita. Hitsaajillamme on aina voimassa oleva ty\u00f6turvallisuus- ja tulity\u00f6kortti. Lis\u00e4ksi pyrimme kouluttamaan kaikille ty\u00f6ntekij\u00f6illemme h\u00e4t\u00e4ensiapukurssin \u00e4killisten vahinkotapauksien varalle. <\/p>\n\n\n\n<h2 class=\"wp-block-heading\"><strong>Hitsaajamme ovat todellisia ammattilaisia<\/strong><\/h2>\n\n\n\n<p> Hitsaajia ty\u00f6llist\u00e4v\u00e4t vuosittain lukuisat teollisuuden hankkeet sek\u00e4 tehtaiden ja laitosten kunnossapitoty\u00f6t, kuten huoltoseisakit.\u00a0 Oli kyse sitten uuden tehtaan tai laitoksen rakentamisesta tai jo olemassa olevan kunnossapitot\u00f6ist\u00e4, ammattitaitoisilla hitsaajillamme ty\u00f6 toteutetaan nopeasti ja laadusta tinkim\u00e4tt\u00e4. Hitsaajillamme on aina ty\u00f6kohteen ja kohdemaan lains\u00e4\u00e4d\u00e4nn\u00f6n edellytt\u00e4m\u00e4t sertifikaatit ty\u00f6skentelemiseen. Perehdyt\u00e4mme ty\u00f6ntekij\u00e4mme my\u00f6s asiakkaiden yksil\u00f6llisten vaatimustasojen mukaisesti ja j\u00e4rjest\u00e4mme tarvittaessa puuttuvan koulutuksen. <\/p>\n\n\n\n<p><\/p>\n\n\n\n<p>Testaamme uudet hitsaajamme yhteisty\u00f6kumppanimme hitsauskoulutuskeskuksessa Puolassa ja ty\u00f6ntekij\u00e4mme suorittavat samalla tarvittavat hitsausluokat. Kirjallisen palautteen ja standardin mukaisen sertifikaatin ansioista voimme varmistua hitsaajiemme osaamisesta ennen kohteeseen l\u00e4hett\u00e4mist\u00e4. Asiakkaamme on tervetullut osallistumaan hitsaajien testaustilaisuuteen valvomaan henkil\u00f6kohtaisesti hitsaajien osaamista tai vaihtoehtoisesti testitilaisuus on mahdollista videoida.&nbsp;<\/p>\n","protected":false},"excerpt":{"rendered":"<p>Hitsaajat Meilt\u00e4 l\u00f6yd\u00e4t ammattitaitoiset hitsaajat vaivattomasti jokaiselle ty\u00f6maalle. Hitsaajillamme on laatuvaatimukset t\u00e4ytt\u00e4v\u00e4 hitsaustaito \u2013 menetelm\u00e4st\u00e4 ja materiaalista riippumatta. Hitsaajillamme on [&hellip;]<\/p>\n","protected":false},"author":1,"featured_media":1446,"parent":158,"menu_order":0,"comment_status":"closed","ping_status":"closed","template":"ammattilaiset-page.php","meta":{"_mi_skip_tracking":false,"_monsterinsights_sitenote_active":false,"_monsterinsights_sitenote_note":"","_monsterinsights_sitenote_category":0,"footnotes":""},"yoast_head":"<!-- This site is optimized with the Yoast SEO plugin v21.9.1 - https:\/\/yoast.com\/wordpress\/plugins\/seo\/ -->\n<title>Ammattitaitoiset hitsaajat ty\u00f6maalle nopeasti ja helposti \u2013 Craftman Oy<\/title>\n<meta name=\"description\" content=\"Hitsaajat ty\u00f6maalle rakennusalalle tai teollisuuteen \u2013 Craftmanilta l\u00f6yd\u00e4t ammattitaitoiset hitsaajat joka tarpeeseen. Tutustu ja ota yhteytt\u00e4?\" \/>\n<meta name=\"robots\" content=\"index, follow, max-snippet:-1, max-image-preview:large, max-video-preview:-1\" \/>\n<link rel=\"canonical\" href=\"https:\/\/craftman.fi\/?page_id=373\" \/>\n<meta property=\"og:locale\" content=\"fi_FI\" \/>\n<meta property=\"og:type\" content=\"article\" \/>\n<meta property=\"og:title\" content=\"Ammattitaitoiset hitsaajat ty\u00f6maalle nopeasti ja helposti \u2013 Craftman Oy\" \/>\n<meta property=\"og:description\" content=\"Hitsaajat ty\u00f6maalle rakennusalalle tai teollisuuteen \u2013 Craftmanilta l\u00f6yd\u00e4t ammattitaitoiset hitsaajat joka tarpeeseen. Tutustu ja ota yhteytt\u00e4?\" \/>\n<meta property=\"og:url\" content=\"https:\/\/craftman.fi\/?page_id=373\" \/>\n<meta property=\"og:site_name\" content=\"Craftman Oy\" \/>\n<meta property=\"article:modified_time\" content=\"2019-05-23T06:37:13+00:00\" \/>\n<meta property=\"og:image\" content=\"https:\/\/craftman.fi\/wp-content\/uploads\/2019\/05\/hitsaajat-1.jpg\" \/>\n\t<meta property=\"og:image:width\" content=\"1900\" \/>\n\t<meta property=\"og:image:height\" content=\"700\" \/>\n\t<meta property=\"og:image:type\" content=\"image\/jpeg\" \/>\n<meta name=\"twitter:card\" content=\"summary_large_image\" \/>\n<meta name=\"twitter:label1\" content=\"Arvioitu lukuaika\" \/>\n\t<meta name=\"twitter:data1\" content=\"2 minuuttia\" \/>\n<script type=\"application\/ld+json\" class=\"yoast-schema-graph\">{\"@context\":\"https:\/\/schema.org\",\"@graph\":[{\"@type\":\"WebPage\",\"@id\":\"https:\/\/craftman.fi\/?page_id=373\",\"url\":\"https:\/\/craftman.fi\/?page_id=373\",\"name\":\"Ammattitaitoiset hitsaajat ty\u00f6maalle nopeasti ja helposti \u2013 Craftman Oy\",\"isPartOf\":{\"@id\":\"https:\/\/craftman.fi\/#website\"},\"datePublished\":\"2018-05-18T13:35:38+00:00\",\"dateModified\":\"2019-05-23T06:37:13+00:00\",\"description\":\"Hitsaajat ty\u00f6maalle rakennusalalle tai teollisuuteen \u2013 Craftmanilta l\u00f6yd\u00e4t ammattitaitoiset hitsaajat joka tarpeeseen. Tutustu ja ota yhteytt\u00e4?\",\"breadcrumb\":{\"@id\":\"https:\/\/craftman.fi\/?page_id=373#breadcrumb\"},\"inLanguage\":\"fi\",\"potentialAction\":[{\"@type\":\"ReadAction\",\"target\":[\"https:\/\/craftman.fi\/?page_id=373\"]}]},{\"@type\":\"BreadcrumbList\",\"@id\":\"https:\/\/craftman.fi\/?page_id=373#breadcrumb\",\"itemListElement\":[{\"@type\":\"ListItem\",\"position\":1,\"name\":\"Home\",\"item\":\"https:\/\/craftman.fi\/\"},{\"@type\":\"ListItem\",\"position\":2,\"name\":\"Ammattilaiset\",\"item\":\"https:\/\/craftman.fi\/?page_id=158\"},{\"@type\":\"ListItem\",\"position\":3,\"name\":\"Hitsaajat\"}]},{\"@type\":\"WebSite\",\"@id\":\"https:\/\/craftman.fi\/#website\",\"url\":\"https:\/\/craftman.fi\/\",\"name\":\"Craftman Oy\",\"description\":\"\",\"potentialAction\":[{\"@type\":\"SearchAction\",\"target\":{\"@type\":\"EntryPoint\",\"urlTemplate\":\"https:\/\/craftman.fi\/?s={search_term_string}\"},\"query-input\":\"required name=search_term_string\"}],\"inLanguage\":\"fi\"}]}<\/script>\n<!-- \/ Yoast SEO plugin. -->","yoast_head_json":{"title":"Ammattitaitoiset hitsaajat ty\u00f6maalle nopeasti ja helposti \u2013 Craftman Oy","description":"Hitsaajat ty\u00f6maalle rakennusalalle tai teollisuuteen \u2013 Craftmanilta l\u00f6yd\u00e4t ammattitaitoiset hitsaajat joka tarpeeseen. Tutustu ja ota yhteytt\u00e4?","robots":{"index":"index","follow":"follow","max-snippet":"max-snippet:-1","max-image-preview":"max-image-preview:large","max-video-preview":"max-video-preview:-1"},"canonical":"https:\/\/craftman.fi\/?page_id=373","og_locale":"fi_FI","og_type":"article","og_title":"Ammattitaitoiset hitsaajat ty\u00f6maalle nopeasti ja helposti \u2013 Craftman Oy","og_description":"Hitsaajat ty\u00f6maalle rakennusalalle tai teollisuuteen \u2013 Craftmanilta l\u00f6yd\u00e4t ammattitaitoiset hitsaajat joka tarpeeseen. Tutustu ja ota yhteytt\u00e4?","og_url":"https:\/\/craftman.fi\/?page_id=373","og_site_name":"Craftman Oy","article_modified_time":"2019-05-23T06:37:13+00:00","og_image":[{"width":1900,"height":700,"url":"https:\/\/craftman.fi\/wp-content\/uploads\/2019\/05\/hitsaajat-1.jpg","type":"image\/jpeg"}],"twitter_card":"summary_large_image","twitter_misc":{"Arvioitu lukuaika":"2 minuuttia"},"schema":{"@context":"https:\/\/schema.org","@graph":[{"@type":"WebPage","@id":"https:\/\/craftman.fi\/?page_id=373","url":"https:\/\/craftman.fi\/?page_id=373","name":"Ammattitaitoiset hitsaajat ty\u00f6maalle nopeasti ja helposti \u2013 Craftman Oy","isPartOf":{"@id":"https:\/\/craftman.fi\/#website"},"datePublished":"2018-05-18T13:35:38+00:00","dateModified":"2019-05-23T06:37:13+00:00","description":"Hitsaajat ty\u00f6maalle rakennusalalle tai teollisuuteen \u2013 Craftmanilta l\u00f6yd\u00e4t ammattitaitoiset hitsaajat joka tarpeeseen. Tutustu ja ota yhteytt\u00e4?","breadcrumb":{"@id":"https:\/\/craftman.fi\/?page_id=373#breadcrumb"},"inLanguage":"fi","potentialAction":[{"@type":"ReadAction","target":["https:\/\/craftman.fi\/?page_id=373"]}]},{"@type":"BreadcrumbList","@id":"https:\/\/craftman.fi\/?page_id=373#breadcrumb","itemListElement":[{"@type":"ListItem","position":1,"name":"Home","item":"https:\/\/craftman.fi\/"},{"@type":"ListItem","position":2,"name":"Ammattilaiset","item":"https:\/\/craftman.fi\/?page_id=158"},{"@type":"ListItem","position":3,"name":"Hitsaajat"}]},{"@type":"WebSite","@id":"https:\/\/craftman.fi\/#website","url":"https:\/\/craftman.fi\/","name":"Craftman Oy","description":"","potentialAction":[{"@type":"SearchAction","target":{"@type":"EntryPoint","urlTemplate":"https:\/\/craftman.fi\/?s={search_term_string}"},"query-input":"required name=search_term_string"}],"inLanguage":"fi"}]}},"_links":{"self":[{"href":"https:\/\/craftman.fi\/index.php?rest_route=\/wp\/v2\/pages\/373"}],"collection":[{"href":"https:\/\/craftman.fi\/index.php?rest_route=\/wp\/v2\/pages"}],"about":[{"href":"https:\/\/craftman.fi\/index.php?rest_route=\/wp\/v2\/types\/page"}],"author":[{"embeddable":true,"href":"https:\/\/craftman.fi\/index.php?rest_route=\/wp\/v2\/users\/1"}],"replies":[{"embeddable":true,"href":"https:\/\/craftman.fi\/index.php?rest_route=%2Fwp%2Fv2%2Fcomments&post=373"}],"version-history":[{"count":108,"href":"https:\/\/craftman.fi\/index.php?rest_route=\/wp\/v2\/pages\/373\/revisions"}],"predecessor-version":[{"id":1652,"href":"https:\/\/craftman.fi\/index.php?rest_route=\/wp\/v2\/pages\/373\/revisions\/1652"}],"up":[{"embeddable":true,"href":"https:\/\/craftman.fi\/index.php?rest_route=\/wp\/v2\/pages\/158"}],"wp:featuredmedia":[{"embeddable":true,"href":"https:\/\/craftman.fi\/index.php?rest_route=\/wp\/v2\/media\/1446"}],"wp:attachment":[{"href":"https:\/\/craftman.fi\/index.php?rest_route=%2Fwp%2Fv2%2Fmedia&parent=373"}],"curies":[{"name":"wp","href":"https:\/\/api.w.org\/{rel}","templated":true}]}}