{"id":377,"date":"2018-05-18T16:41:35","date_gmt":"2018-05-18T13:41:35","guid":{"rendered":"https:\/\/craftman.fi\/?page_id=377"},"modified":"2024-10-09T10:06:43","modified_gmt":"2024-10-09T07:06:43","slug":"teollisuuseristajat","status":"publish","type":"page","link":"https:\/\/craftman.fi\/?page_id=377","title":{"rendered":"Teollisuuserist\u00e4j\u00e4t"},"content":{"rendered":"\n<h1 class=\"wp-block-heading has-text-align-center\">Teollisuuserist\u00e4j\u00e4t<\/h1>\n\n\n\n<p>Teollisuuserist\u00e4j\u00e4mme toteuttavat erilaiset teollisuuden eristysty\u00f6t kuten putkisto-, s\u00e4ili\u00f6-, laite-, kattila-, ja kanavaeristykset ammattitaidolla. Ty\u00f6ntekij\u00f6idemme osaaminen kattaa sek\u00e4 kylm\u00e4- ett\u00e4 l\u00e4mp\u00f6eristykset. Teollisuuserist\u00e4jiemme ammattitaito perustuu vankkaan ty\u00f6kokemukseen niin Suomesta kuin kansainv\u00e4lisist\u00e4kin projekteista. <br><br>Yleisimpi\u00e4 eristyskohteitamme ovat tehtaiden ja laitosten rakennus- ja kunnossapitoty\u00f6t, kuten tehtaiden laajennukset ja huoltoseisakit. Varustamme kaikki teollisuuserist\u00e4j\u00e4mme aina ty\u00f6n vaatimilla laadukkailla k\u00e4sity\u00f6kaluilla sek\u00e4 ty\u00f6vaatteilla. Teollisuuserist\u00e4ji\u00e4 ty\u00f6llist\u00e4v\u00e4t vuosittain lukuisat teollisuuden hankkeet sek\u00e4 tehtaiden ja laitosten kunnossapitoty\u00f6t, kuten huoltoseisakit.&nbsp; Oli kyse sitten uuden tehtaan tai laitoksen rakentamisesta tai jo olemassa olevan kunnossapitot\u00f6ist\u00e4, ammattitaitoiset teollisuuserist\u00e4j\u00e4mme toteuttavat niin kylm\u00e4- kuin l\u00e4mp\u00f6eristyksetkin nopeasti ja laadusta tinkim\u00e4tt\u00e4.<\/p>\n\n\n\n<div class=\"wp-block-columns has-2-columns cta is-layout-flex wp-container-core-columns-is-layout-1 wp-block-columns-is-layout-flex\">\n<div class=\"wp-block-column is-layout-flow wp-block-column-is-layout-flow\"><div class=\"wp-block-image\">\n<figure class=\"alignright\"><img loading=\"lazy\" decoding=\"async\" width=\"86\" height=\"86\" src=\"http:\/\/craftman.fi\/wp-content\/uploads\/2018\/05\/eristaja.png\" alt=\"Craftmanilta erist\u00e4ji\u00e4 erilaisiin ty\u00f6teht\u00e4viin\" class=\"wp-image-63\"\/><\/figure><\/div><\/div>\n\n\n\n<div class=\"wp-block-column is-layout-flow wp-block-column-is-layout-flow\">\n<p class=\"has-text-align-left has-medium-font-size\"><strong>Tarvitsetko teollisuuserist\u00e4ji\u00e4?<\/strong><\/p>\n\n\n\n<p><a href=\"https:\/\/craftman.fi\/yhteystiedot\/\">Ota meihin yhteytt\u00e4!<\/a><\/p>\n<\/div>\n<\/div>\n\n\n\n<h2 class=\"wp-block-heading\"><strong>TEOLLISUUSERIST\u00c4JI\u00c4 LUOTETTAVASTI, NOPEASTI JA RISKITT\u00d6M\u00c4STI<\/strong><\/h2>\n\n\n\n<p>Teollisuuserist\u00e4jill\u00e4mme on aina ty\u00f6kohteen ja kohdemaan lains\u00e4\u00e4d\u00e4nn\u00f6n edellytt\u00e4m\u00e4t <strong>sertifikaatit<\/strong> ty\u00f6skentelemiseen sek\u00e4 <a href=\"https:\/\/craftman.fi\/ammattitaitotakuu\/\">ammattitaitotakuu. <\/a>Perehdyt\u00e4mme ty\u00f6ntekij\u00e4mme my\u00f6s asiakkaiden ja ty\u00f6maan yksil\u00f6llisten vaatimustasojen mukaisesti ja j\u00e4rjest\u00e4mme tarvittaessa puuttuvan koulutuksen. Huolehdimme teollisuuserist\u00e4jiemme <strong>ty\u00f6turvallisuudesta<\/strong>. Ty\u00f6ntekij\u00e4mme k\u00e4ytt\u00e4v\u00e4t aina parhaita ty\u00f6v\u00e4lineit\u00e4 ja suojavarusteita, kuten s\u00e4\u00e4nn\u00f6llisesti tarkastettavia turvallisuusvaljaita. Teollisuuserist\u00e4jill\u00e4mme on aina voimassa oleva ty\u00f6turvallisuuskortti. Lis\u00e4ksi pyrimme kouluttamaan kaikille ty\u00f6ntekij\u00f6illemme h\u00e4t\u00e4ensiapukurssin \u00e4killisten vahinkotapauksien varalle <br><br>Vahvuutemme ovat ty\u00f6ntekij\u00f6iden <strong>saatavuus<\/strong> ja toimitukset lyhyell\u00e4kin varoitusajalla. Ty\u00f6voiman hankintaan ja testaamiseen erikoistuneen puolalaisen tyt\u00e4ryhti\u00f6mme ansiosta l\u00f6yd\u00e4mme tarvittavan m\u00e4\u00e4r\u00e4n ammattitaitoisia teollisuuserist\u00e4ji\u00e4 suurimpiinkin teollisuuden hankkeisiin. Vakituisen &#8211; satoja ty\u00f6ntekij\u00f6it\u00e4 kattavan &#8211; henkil\u00f6st\u00f6reservimme ansioista pystymme toimittamaan ty\u00f6ntekij\u00f6it\u00e4 eritt\u00e4in nopealla aikataululla, jopa muutamassa p\u00e4iv\u00e4ss\u00e4. <br><br><a href=\"https:\/\/craftman.fi\/tyontekijoita\/henkilostovuokraus\/\">Henkil\u00f6st\u00f6vuokrauspalvelumme <\/a>sis\u00e4lt\u00e4\u00e4 aina t\u00e4yden <strong>kokonaisuuden<\/strong>. J\u00e4rjest\u00e4mme teollisuuserist\u00e4j\u00e4mme kohdemaahan, majoituksen, ajoneuvon sek\u00e4 ty\u00f6n edellytt\u00e4m\u00e4t sertifikaatit, ty\u00f6vaatteet ja k\u00e4sity\u00f6kalut. Asiakkaan teht\u00e4v\u00e4ksi j\u00e4\u00e4 ainoastaan sopia kanssamme ty\u00f6n aloitusajankohta ja tarvittava ty\u00f6ntekij\u00e4m\u00e4\u00e4r\u00e4. Ammattitaitoisten teollisuuserist\u00e4jien lis\u00e4ksi voimme tarjota ty\u00f6kohteisiin my\u00f6s <strong>englanninkielisen<\/strong> ty\u00f6njohdon. Jokainen teollisuuserist\u00e4jien ryhm\u00e4 sis\u00e4lt\u00e4\u00e4 aina v\u00e4hint\u00e4\u00e4n yhden englanninkielen taitoisen teollisuuserist\u00e4j\u00e4n. &nbsp;<\/p>\n","protected":false},"excerpt":{"rendered":"<p>Teollisuuserist\u00e4j\u00e4t Teollisuuserist\u00e4j\u00e4mme toteuttavat erilaiset teollisuuden eristysty\u00f6t kuten putkisto-, s\u00e4ili\u00f6-, laite-, kattila-, ja kanavaeristykset ammattitaidolla. Ty\u00f6ntekij\u00f6idemme osaaminen kattaa sek\u00e4 kylm\u00e4- ett\u00e4 [&hellip;]<\/p>\n","protected":false},"author":3,"featured_media":1448,"parent":158,"menu_order":0,"comment_status":"closed","ping_status":"closed","template":"ammattilaiset-page.php","meta":{"_mi_skip_tracking":false,"_monsterinsights_sitenote_active":false,"_monsterinsights_sitenote_note":"","_monsterinsights_sitenote_category":0,"footnotes":""},"yoast_head":"<!-- This site is optimized with the Yoast SEO plugin v21.9.1 - https:\/\/yoast.com\/wordpress\/plugins\/seo\/ -->\n<title>Ammattitaitoisia teollisuuserist\u00e4ji\u00e4 luotettavasti | Craftman Oy | Kysy lis\u00e4\u00e4!<\/title>\n<meta name=\"description\" content=\"Craftman huolehtii projektiisi luotettavat ja ammattitaitoiset teollisuuserist\u00e4j\u00e4t. Ty\u00f6ntekij\u00e4mme toteuttavat erilaiset teollisuuden eristysty\u00f6t ja heid\u00e4n osaamisensa kattaa sek\u00e4 kylm\u00e4- , ett\u00e4 l\u00e4mp\u00f6eristykset.\" \/>\n<meta name=\"robots\" content=\"index, follow, max-snippet:-1, max-image-preview:large, max-video-preview:-1\" \/>\n<link rel=\"canonical\" href=\"https:\/\/craftman.fi\/?page_id=377\" \/>\n<meta property=\"og:locale\" content=\"fi_FI\" \/>\n<meta property=\"og:type\" content=\"article\" \/>\n<meta property=\"og:title\" content=\"Ammattitaitoisia teollisuuserist\u00e4ji\u00e4 luotettavasti | Craftman Oy | Kysy lis\u00e4\u00e4!\" \/>\n<meta property=\"og:description\" content=\"Craftman huolehtii projektiisi luotettavat ja ammattitaitoiset teollisuuserist\u00e4j\u00e4t. Ty\u00f6ntekij\u00e4mme toteuttavat erilaiset teollisuuden eristysty\u00f6t ja heid\u00e4n osaamisensa kattaa sek\u00e4 kylm\u00e4- , ett\u00e4 l\u00e4mp\u00f6eristykset.\" \/>\n<meta property=\"og:url\" content=\"https:\/\/craftman.fi\/?page_id=377\" \/>\n<meta property=\"og:site_name\" content=\"Craftman Oy\" \/>\n<meta property=\"article:modified_time\" content=\"2024-10-09T07:06:43+00:00\" \/>\n<meta property=\"og:image\" content=\"http:\/\/craftman.fi\/wp-content\/uploads\/2019\/05\/Teollisuuseristajat.jpg\" \/>\n\t<meta property=\"og:image:width\" content=\"1900\" \/>\n\t<meta property=\"og:image:height\" content=\"700\" \/>\n\t<meta property=\"og:image:type\" content=\"image\/jpeg\" \/>\n<meta name=\"twitter:card\" content=\"summary_large_image\" \/>\n<meta name=\"twitter:label1\" content=\"Arvioitu lukuaika\" \/>\n\t<meta name=\"twitter:data1\" content=\"1 minuutti\" \/>\n<script type=\"application\/ld+json\" class=\"yoast-schema-graph\">{\"@context\":\"https:\/\/schema.org\",\"@graph\":[{\"@type\":\"WebPage\",\"@id\":\"https:\/\/craftman.fi\/?page_id=377\",\"url\":\"https:\/\/craftman.fi\/?page_id=377\",\"name\":\"Ammattitaitoisia teollisuuserist\u00e4ji\u00e4 luotettavasti | Craftman Oy | Kysy lis\u00e4\u00e4!\",\"isPartOf\":{\"@id\":\"https:\/\/craftman.fi\/#website\"},\"datePublished\":\"2018-05-18T13:41:35+00:00\",\"dateModified\":\"2024-10-09T07:06:43+00:00\",\"description\":\"Craftman huolehtii projektiisi luotettavat ja ammattitaitoiset teollisuuserist\u00e4j\u00e4t. Ty\u00f6ntekij\u00e4mme toteuttavat erilaiset teollisuuden eristysty\u00f6t ja heid\u00e4n osaamisensa kattaa sek\u00e4 kylm\u00e4- , ett\u00e4 l\u00e4mp\u00f6eristykset.\",\"breadcrumb\":{\"@id\":\"https:\/\/craftman.fi\/?page_id=377#breadcrumb\"},\"inLanguage\":\"fi\",\"potentialAction\":[{\"@type\":\"ReadAction\",\"target\":[\"https:\/\/craftman.fi\/?page_id=377\"]}]},{\"@type\":\"BreadcrumbList\",\"@id\":\"https:\/\/craftman.fi\/?page_id=377#breadcrumb\",\"itemListElement\":[{\"@type\":\"ListItem\",\"position\":1,\"name\":\"Home\",\"item\":\"https:\/\/craftman.fi\/\"},{\"@type\":\"ListItem\",\"position\":2,\"name\":\"Ammattilaiset\",\"item\":\"https:\/\/craftman.fi\/?page_id=158\"},{\"@type\":\"ListItem\",\"position\":3,\"name\":\"Teollisuuserist\u00e4j\u00e4t\"}]},{\"@type\":\"WebSite\",\"@id\":\"https:\/\/craftman.fi\/#website\",\"url\":\"https:\/\/craftman.fi\/\",\"name\":\"Craftman Oy\",\"description\":\"\",\"potentialAction\":[{\"@type\":\"SearchAction\",\"target\":{\"@type\":\"EntryPoint\",\"urlTemplate\":\"https:\/\/craftman.fi\/?s={search_term_string}\"},\"query-input\":\"required name=search_term_string\"}],\"inLanguage\":\"fi\"}]}<\/script>\n<!-- \/ Yoast SEO plugin. -->","yoast_head_json":{"title":"Ammattitaitoisia teollisuuserist\u00e4ji\u00e4 luotettavasti | Craftman Oy | Kysy lis\u00e4\u00e4!","description":"Craftman huolehtii projektiisi luotettavat ja ammattitaitoiset teollisuuserist\u00e4j\u00e4t. Ty\u00f6ntekij\u00e4mme toteuttavat erilaiset teollisuuden eristysty\u00f6t ja heid\u00e4n osaamisensa kattaa sek\u00e4 kylm\u00e4- , ett\u00e4 l\u00e4mp\u00f6eristykset.","robots":{"index":"index","follow":"follow","max-snippet":"max-snippet:-1","max-image-preview":"max-image-preview:large","max-video-preview":"max-video-preview:-1"},"canonical":"https:\/\/craftman.fi\/?page_id=377","og_locale":"fi_FI","og_type":"article","og_title":"Ammattitaitoisia teollisuuserist\u00e4ji\u00e4 luotettavasti | Craftman Oy | Kysy lis\u00e4\u00e4!","og_description":"Craftman huolehtii projektiisi luotettavat ja ammattitaitoiset teollisuuserist\u00e4j\u00e4t. Ty\u00f6ntekij\u00e4mme toteuttavat erilaiset teollisuuden eristysty\u00f6t ja heid\u00e4n osaamisensa kattaa sek\u00e4 kylm\u00e4- , ett\u00e4 l\u00e4mp\u00f6eristykset.","og_url":"https:\/\/craftman.fi\/?page_id=377","og_site_name":"Craftman Oy","article_modified_time":"2024-10-09T07:06:43+00:00","og_image":[{"width":1900,"height":700,"url":"http:\/\/craftman.fi\/wp-content\/uploads\/2019\/05\/Teollisuuseristajat.jpg","type":"image\/jpeg"}],"twitter_card":"summary_large_image","twitter_misc":{"Arvioitu lukuaika":"1 minuutti"},"schema":{"@context":"https:\/\/schema.org","@graph":[{"@type":"WebPage","@id":"https:\/\/craftman.fi\/?page_id=377","url":"https:\/\/craftman.fi\/?page_id=377","name":"Ammattitaitoisia teollisuuserist\u00e4ji\u00e4 luotettavasti | Craftman Oy | Kysy lis\u00e4\u00e4!","isPartOf":{"@id":"https:\/\/craftman.fi\/#website"},"datePublished":"2018-05-18T13:41:35+00:00","dateModified":"2024-10-09T07:06:43+00:00","description":"Craftman huolehtii projektiisi luotettavat ja ammattitaitoiset teollisuuserist\u00e4j\u00e4t. Ty\u00f6ntekij\u00e4mme toteuttavat erilaiset teollisuuden eristysty\u00f6t ja heid\u00e4n osaamisensa kattaa sek\u00e4 kylm\u00e4- , ett\u00e4 l\u00e4mp\u00f6eristykset.","breadcrumb":{"@id":"https:\/\/craftman.fi\/?page_id=377#breadcrumb"},"inLanguage":"fi","potentialAction":[{"@type":"ReadAction","target":["https:\/\/craftman.fi\/?page_id=377"]}]},{"@type":"BreadcrumbList","@id":"https:\/\/craftman.fi\/?page_id=377#breadcrumb","itemListElement":[{"@type":"ListItem","position":1,"name":"Home","item":"https:\/\/craftman.fi\/"},{"@type":"ListItem","position":2,"name":"Ammattilaiset","item":"https:\/\/craftman.fi\/?page_id=158"},{"@type":"ListItem","position":3,"name":"Teollisuuserist\u00e4j\u00e4t"}]},{"@type":"WebSite","@id":"https:\/\/craftman.fi\/#website","url":"https:\/\/craftman.fi\/","name":"Craftman Oy","description":"","potentialAction":[{"@type":"SearchAction","target":{"@type":"EntryPoint","urlTemplate":"https:\/\/craftman.fi\/?s={search_term_string}"},"query-input":"required name=search_term_string"}],"inLanguage":"fi"}]}},"_links":{"self":[{"href":"https:\/\/craftman.fi\/index.php?rest_route=\/wp\/v2\/pages\/377"}],"collection":[{"href":"https:\/\/craftman.fi\/index.php?rest_route=\/wp\/v2\/pages"}],"about":[{"href":"https:\/\/craftman.fi\/index.php?rest_route=\/wp\/v2\/types\/page"}],"author":[{"embeddable":true,"href":"https:\/\/craftman.fi\/index.php?rest_route=\/wp\/v2\/users\/3"}],"replies":[{"embeddable":true,"href":"https:\/\/craftman.fi\/index.php?rest_route=%2Fwp%2Fv2%2Fcomments&post=377"}],"version-history":[{"count":32,"href":"https:\/\/craftman.fi\/index.php?rest_route=\/wp\/v2\/pages\/377\/revisions"}],"predecessor-version":[{"id":2952,"href":"https:\/\/craftman.fi\/index.php?rest_route=\/wp\/v2\/pages\/377\/revisions\/2952"}],"up":[{"embeddable":true,"href":"https:\/\/craftman.fi\/index.php?rest_route=\/wp\/v2\/pages\/158"}],"wp:featuredmedia":[{"embeddable":true,"href":"https:\/\/craftman.fi\/index.php?rest_route=\/wp\/v2\/media\/1448"}],"wp:attachment":[{"href":"https:\/\/craftman.fi\/index.php?rest_route=%2Fwp%2Fv2%2Fmedia&parent=377"}],"curies":[{"name":"wp","href":"https:\/\/api.w.org\/{rel}","templated":true}]}}