{"id":380,"date":"2018-05-18T16:45:10","date_gmt":"2018-05-18T13:45:10","guid":{"rendered":"https:\/\/craftman.fi\/?page_id=380"},"modified":"2020-10-14T10:32:45","modified_gmt":"2020-10-14T07:32:45","slug":"muut-ammattilaiset","status":"publish","type":"page","link":"https:\/\/craftman.fi\/?page_id=380","title":{"rendered":"Muut Ammattilaiset"},"content":{"rendered":"\n<h1 class=\"has-text-align-center wp-block-heading\">Muut ammattilaiset<\/h1>\n\n\n\n<p>Tehokkaan rekrytointiorganisaatiomme ansioista pystymme toimittamaan ammattitaitoisia ty\u00f6ntekij\u00f6it\u00e4 l\u00e4hes jokaiseen rakennusalan ja teollisuuden tarpeeseen. Kerro meille millaisiin teht\u00e4viin yrityksesi tarvitsee ty\u00f6ntekij\u00f6it\u00e4, me etsimme osaajat nopeasti ja vaivattomasti.&nbsp;<\/p>\n\n\n\n<p>Olemme toimittaneet seuraavia ammattilaisia:<\/p>\n\n\n\n<ul><li>Julkisivupellitt\u00e4ji\u00e4<\/li><li>Kattorakentajia<\/li><li>Veneenrakentajia<\/li><li>Maa- ja ymp\u00e4rist\u00f6rakentajia<\/li><li>Kirvesmiehi\u00e4<\/li><li>Laatoittajia<\/li><li>S\u00e4hk\u00f6asentajia<\/li><li>Raudoittajia<\/li><\/ul>\n","protected":false},"excerpt":{"rendered":"<p>Muut ammattilaiset Tehokkaan rekrytointiorganisaatiomme ansioista pystymme toimittamaan ammattitaitoisia ty\u00f6ntekij\u00f6it\u00e4 l\u00e4hes jokaiseen rakennusalan ja teollisuuden tarpeeseen. Kerro meille millaisiin teht\u00e4viin yrityksesi [&hellip;]<\/p>\n","protected":false},"author":1,"featured_media":452,"parent":158,"menu_order":0,"comment_status":"closed","ping_status":"closed","template":"ammattilaiset-page.php","meta":{"_mi_skip_tracking":false,"_monsterinsights_sitenote_active":false,"_monsterinsights_sitenote_note":"","_monsterinsights_sitenote_category":0,"footnotes":""},"yoast_head":"<!-- This site is optimized with the Yoast SEO plugin v21.9.1 - https:\/\/yoast.com\/wordpress\/plugins\/seo\/ -->\n<title>Eri alojen ammattilaiset teollisuuden ja rakennusalan projekteihin | Craftman Oy<\/title>\n<meta name=\"description\" content=\"Craftmanilta l\u00f6yd\u00e4t usean eri alan taitavat ja koulutetut ty\u00f6ntekij\u00e4t yrityksesi tarpeisiin. Me kartoitamme tarpeesi, rekrytoimme ammattilaiset ja hoidamme k\u00e4yt\u00e4nn\u00f6n valmistelut. Sinun tarvitsee vain huolehtia urakastasi.\" \/>\n<meta name=\"robots\" content=\"index, follow, max-snippet:-1, max-image-preview:large, max-video-preview:-1\" \/>\n<link rel=\"canonical\" href=\"https:\/\/craftman.fi\/?page_id=380\" \/>\n<meta property=\"og:locale\" content=\"fi_FI\" \/>\n<meta property=\"og:type\" content=\"article\" \/>\n<meta property=\"og:title\" content=\"Eri alojen ammattilaiset teollisuuden ja rakennusalan projekteihin | Craftman Oy\" \/>\n<meta property=\"og:description\" content=\"Craftmanilta l\u00f6yd\u00e4t usean eri alan taitavat ja koulutetut ty\u00f6ntekij\u00e4t yrityksesi tarpeisiin. Me kartoitamme tarpeesi, rekrytoimme ammattilaiset ja hoidamme k\u00e4yt\u00e4nn\u00f6n valmistelut. Sinun tarvitsee vain huolehtia urakastasi.\" \/>\n<meta property=\"og:url\" content=\"https:\/\/craftman.fi\/?page_id=380\" \/>\n<meta property=\"og:site_name\" content=\"Craftman Oy\" \/>\n<meta property=\"article:modified_time\" content=\"2020-10-14T07:32:45+00:00\" \/>\n<meta property=\"og:image\" content=\"https:\/\/craftman.fi\/wp-content\/uploads\/2018\/05\/Craftman_paakuva_muutammattilaiset.jpg\" \/>\n\t<meta property=\"og:image:width\" content=\"1900\" \/>\n\t<meta property=\"og:image:height\" content=\"700\" \/>\n\t<meta property=\"og:image:type\" content=\"image\/jpeg\" \/>\n<meta name=\"twitter:card\" content=\"summary_large_image\" \/>\n<script type=\"application\/ld+json\" class=\"yoast-schema-graph\">{\"@context\":\"https:\/\/schema.org\",\"@graph\":[{\"@type\":\"WebPage\",\"@id\":\"https:\/\/craftman.fi\/?page_id=380\",\"url\":\"https:\/\/craftman.fi\/?page_id=380\",\"name\":\"Eri alojen ammattilaiset teollisuuden ja rakennusalan projekteihin | Craftman Oy\",\"isPartOf\":{\"@id\":\"https:\/\/craftman.fi\/#website\"},\"datePublished\":\"2018-05-18T13:45:10+00:00\",\"dateModified\":\"2020-10-14T07:32:45+00:00\",\"description\":\"Craftmanilta l\u00f6yd\u00e4t usean eri alan taitavat ja koulutetut ty\u00f6ntekij\u00e4t yrityksesi tarpeisiin. Me kartoitamme tarpeesi, rekrytoimme ammattilaiset ja hoidamme k\u00e4yt\u00e4nn\u00f6n valmistelut. Sinun tarvitsee vain huolehtia urakastasi.\",\"breadcrumb\":{\"@id\":\"https:\/\/craftman.fi\/?page_id=380#breadcrumb\"},\"inLanguage\":\"fi\",\"potentialAction\":[{\"@type\":\"ReadAction\",\"target\":[\"https:\/\/craftman.fi\/?page_id=380\"]}]},{\"@type\":\"BreadcrumbList\",\"@id\":\"https:\/\/craftman.fi\/?page_id=380#breadcrumb\",\"itemListElement\":[{\"@type\":\"ListItem\",\"position\":1,\"name\":\"Home\",\"item\":\"https:\/\/craftman.fi\/\"},{\"@type\":\"ListItem\",\"position\":2,\"name\":\"Ammattilaiset\",\"item\":\"https:\/\/craftman.fi\/?page_id=158\"},{\"@type\":\"ListItem\",\"position\":3,\"name\":\"Muut Ammattilaiset\"}]},{\"@type\":\"WebSite\",\"@id\":\"https:\/\/craftman.fi\/#website\",\"url\":\"https:\/\/craftman.fi\/\",\"name\":\"Craftman Oy\",\"description\":\"\",\"potentialAction\":[{\"@type\":\"SearchAction\",\"target\":{\"@type\":\"EntryPoint\",\"urlTemplate\":\"https:\/\/craftman.fi\/?s={search_term_string}\"},\"query-input\":\"required name=search_term_string\"}],\"inLanguage\":\"fi\"}]}<\/script>\n<!-- \/ Yoast SEO plugin. -->","yoast_head_json":{"title":"Eri alojen ammattilaiset teollisuuden ja rakennusalan projekteihin | Craftman Oy","description":"Craftmanilta l\u00f6yd\u00e4t usean eri alan taitavat ja koulutetut ty\u00f6ntekij\u00e4t yrityksesi tarpeisiin. Me kartoitamme tarpeesi, rekrytoimme ammattilaiset ja hoidamme k\u00e4yt\u00e4nn\u00f6n valmistelut. Sinun tarvitsee vain huolehtia urakastasi.","robots":{"index":"index","follow":"follow","max-snippet":"max-snippet:-1","max-image-preview":"max-image-preview:large","max-video-preview":"max-video-preview:-1"},"canonical":"https:\/\/craftman.fi\/?page_id=380","og_locale":"fi_FI","og_type":"article","og_title":"Eri alojen ammattilaiset teollisuuden ja rakennusalan projekteihin | Craftman Oy","og_description":"Craftmanilta l\u00f6yd\u00e4t usean eri alan taitavat ja koulutetut ty\u00f6ntekij\u00e4t yrityksesi tarpeisiin. Me kartoitamme tarpeesi, rekrytoimme ammattilaiset ja hoidamme k\u00e4yt\u00e4nn\u00f6n valmistelut. Sinun tarvitsee vain huolehtia urakastasi.","og_url":"https:\/\/craftman.fi\/?page_id=380","og_site_name":"Craftman Oy","article_modified_time":"2020-10-14T07:32:45+00:00","og_image":[{"width":1900,"height":700,"url":"https:\/\/craftman.fi\/wp-content\/uploads\/2018\/05\/Craftman_paakuva_muutammattilaiset.jpg","type":"image\/jpeg"}],"twitter_card":"summary_large_image","schema":{"@context":"https:\/\/schema.org","@graph":[{"@type":"WebPage","@id":"https:\/\/craftman.fi\/?page_id=380","url":"https:\/\/craftman.fi\/?page_id=380","name":"Eri alojen ammattilaiset teollisuuden ja rakennusalan projekteihin | Craftman Oy","isPartOf":{"@id":"https:\/\/craftman.fi\/#website"},"datePublished":"2018-05-18T13:45:10+00:00","dateModified":"2020-10-14T07:32:45+00:00","description":"Craftmanilta l\u00f6yd\u00e4t usean eri alan taitavat ja koulutetut ty\u00f6ntekij\u00e4t yrityksesi tarpeisiin. Me kartoitamme tarpeesi, rekrytoimme ammattilaiset ja hoidamme k\u00e4yt\u00e4nn\u00f6n valmistelut. Sinun tarvitsee vain huolehtia urakastasi.","breadcrumb":{"@id":"https:\/\/craftman.fi\/?page_id=380#breadcrumb"},"inLanguage":"fi","potentialAction":[{"@type":"ReadAction","target":["https:\/\/craftman.fi\/?page_id=380"]}]},{"@type":"BreadcrumbList","@id":"https:\/\/craftman.fi\/?page_id=380#breadcrumb","itemListElement":[{"@type":"ListItem","position":1,"name":"Home","item":"https:\/\/craftman.fi\/"},{"@type":"ListItem","position":2,"name":"Ammattilaiset","item":"https:\/\/craftman.fi\/?page_id=158"},{"@type":"ListItem","position":3,"name":"Muut Ammattilaiset"}]},{"@type":"WebSite","@id":"https:\/\/craftman.fi\/#website","url":"https:\/\/craftman.fi\/","name":"Craftman Oy","description":"","potentialAction":[{"@type":"SearchAction","target":{"@type":"EntryPoint","urlTemplate":"https:\/\/craftman.fi\/?s={search_term_string}"},"query-input":"required name=search_term_string"}],"inLanguage":"fi"}]}},"_links":{"self":[{"href":"https:\/\/craftman.fi\/index.php?rest_route=\/wp\/v2\/pages\/380"}],"collection":[{"href":"https:\/\/craftman.fi\/index.php?rest_route=\/wp\/v2\/pages"}],"about":[{"href":"https:\/\/craftman.fi\/index.php?rest_route=\/wp\/v2\/types\/page"}],"author":[{"embeddable":true,"href":"https:\/\/craftman.fi\/index.php?rest_route=\/wp\/v2\/users\/1"}],"replies":[{"embeddable":true,"href":"https:\/\/craftman.fi\/index.php?rest_route=%2Fwp%2Fv2%2Fcomments&post=380"}],"version-history":[{"count":23,"href":"https:\/\/craftman.fi\/index.php?rest_route=\/wp\/v2\/pages\/380\/revisions"}],"predecessor-version":[{"id":2516,"href":"https:\/\/craftman.fi\/index.php?rest_route=\/wp\/v2\/pages\/380\/revisions\/2516"}],"up":[{"embeddable":true,"href":"https:\/\/craftman.fi\/index.php?rest_route=\/wp\/v2\/pages\/158"}],"wp:featuredmedia":[{"embeddable":true,"href":"https:\/\/craftman.fi\/index.php?rest_route=\/wp\/v2\/media\/452"}],"wp:attachment":[{"href":"https:\/\/craftman.fi\/index.php?rest_route=%2Fwp%2Fv2%2Fmedia&parent=380"}],"curies":[{"name":"wp","href":"https:\/\/api.w.org\/{rel}","templated":true}]}}